{"id":38659,"date":"2025-07-08T10:20:24","date_gmt":"2025-07-08T10:20:24","guid":{"rendered":"https:\/\/guestwisely.dev\/gestor-de-reservas\/"},"modified":"2025-09-09T04:18:00","modified_gmt":"2025-09-09T04:18:00","slug":"gestor-de-reservas","status":"publish","type":"page","link":"https:\/\/guestwisely.dev\/es\/gestor-de-reservas\/","title":{"rendered":"Gestor de reservas"},"content":{"rendered":"<div class=\"et_pb_section_0 et_pb_section et_section_regular et_block_section\">\n<div class=\"et_pb_row_0 et_pb_row et_pb_equal_columns et_pb_gutters1 et_block_row\">\n<div class=\"et_pb_column_0 et_pb_column et_pb_column_4_4 et-last-child et_block_column et_pb_css_mix_blend_mode_passthrough\">\n<div class=\"et_pb_text_0 et_pb_text et_pb_bg_layout_light et_pb_module et_flex_module\"><div class=\"et_pb_text_inner\"><p style=\"text-align: center;\">Gestor de reservas<\/p>\n<\/div><\/div>\n\n<div class=\"et_pb_heading_0 et_pb_heading et_pb_module et_flex_module\"><div class=\"et_pb_heading_container\"><h1 class=\"et_pb_module_header\">Visibilidad Total, Control Sin Complicaciones<\/h1><\/div><\/div>\n\n<div class=\"et_pb_text_1 et_pb_text et_pb_bg_layout_light et_pb_module et_flex_module\"><div class=\"et_pb_text_inner\" data-et-mv-hidden-phone=\"true\"><p style=\"text-align: center;\">Gestiona reservas, consultas de hu\u00e9spedes y la disponibilidad de propiedades desde un calendario centralizado del Sistema de Gesti\u00f3n de Propiedades, totalmente integrado y dise\u00f1ado para profesionales del alquiler a corto plazo.<\/p>\n<\/div><\/div>\n\n<div class=\"et_pb_module et_pb_button_module_wrapper et_pb_button_0_wrapper\"><a class=\"et_pb_button_0 et_pb_button et_pb_bg_layout_light et_pb_module et_flex_module\" href=\"https:\/\/guestwisely.dev\/es\/reserva-una-demo\/\">Empieza ahora<\/a><\/div>\n\n<div class=\"et_pb_image_0 et_pb_image et_pb_module et_flex_module\"><span class=\"et_pb_image_wrap\"><img loading=\"lazy\" decoding=\"async\" src=\"https:\/\/guestwisely.dev\/wp-content\/uploads\/2025\/06\/PMS-tabs.png\" width=\"800\" height=\"601\" srcset=\"https:\/\/guestwisely.dev\/wp-content\/uploads\/2025\/06\/PMS-tabs.png 800w, https:\/\/guestwisely.dev\/wp-content\/uploads\/2025\/06\/PMS-tabs-480x361.png 480w\" sizes=\"(min-width: 0px) and (max-width: 480px) 480px, (min-width: 481px) 800px, 100vw\" class=\"wp-image-127\" \/><\/span><\/div>\n<\/div>\n<\/div>\n<\/div>\n\n<div class=\"et_pb_section_1 et_pb_section et_section_regular et_block_section\">\n<div class=\"et_pb_row_1 et_pb_row et_pb_equal_columns et_pb_gutters1 et_block_row\"><div class=\"et_pb_column_1 et_pb_column et_pb_column_1_2 et_flex_column et_pb_css_mix_blend_mode_passthrough\"><div class=\"et_pb_image_1 et_pb_image et_pb_module et_flex_module\"><span class=\"et_pb_image_wrap\"><img loading=\"lazy\" decoding=\"async\" src=\"https:\/\/guestwisely.dev\/wp-content\/uploads\/2025\/07\/airbnb25-partner-logo2.png\" width=\"300\" height=\"130\" sizes=\"(max-width: 300px) 100vw, 300px\" class=\"wp-image-36775\" \/><\/span><\/div><\/div><div class=\"et_pb_column_2 et_pb_column et_pb_column_1_2 et-last-child et_flex_column et_pb_css_mix_blend_mode_passthrough\"><div class=\"et_pb_image_2 et_pb_image et_pb_module et_flex_module\"><span class=\"et_pb_image_wrap\"><img loading=\"lazy\" decoding=\"async\" src=\"https:\/\/guestwisely.dev\/wp-content\/uploads\/2025\/07\/vrbo25-partner-logo-bw.png\" width=\"300\" height=\"130\" sizes=\"(max-width: 300px) 100vw, 300px\" class=\"wp-image-38376\" \/><\/span><\/div><\/div><\/div>\n\n<div class=\"et_pb_row_2 et_pb_row et_pb_gutters3 et_block_row\">\n<div class=\"et_pb_column_3 et_pb_column et_pb_column_4_4 et-last-child et_block_column et_pb_css_mix_blend_mode_passthrough\">\n<div class=\"et_pb_heading_1 et_pb_heading et_pb_module et_flex_module\"><div class=\"et_pb_heading_container\"><h2 class=\"et_pb_module_header\">Todas Tus Reservas. Un Solo Calendario. Cero Caos.  \n\n<\/h2><\/div><\/div>\n\n<div class=\"et_pb_text_2 et_pb_text et_pb_bg_layout_light et_pb_module et_flex_module\"><div class=\"et_pb_text_inner\" data-et-mv-hidden-phone=\"true\"><p data-start=\"338\" data-end=\"829\">Gestionar varios anuncios, mensajes de hu\u00e9spedes y actualizaciones de reservas en distintas plataformas puede generar errores costosos. Con el Gestor de Reservas de GuestWisely, parte de nuestro sistema todo en uno, podr\u00e1s manejar todas tus reservas, disponibilidad, cotizaciones y planificaci\u00f3n operativa desde un panel sincronizado en tiempo real, optimizado para gestores de alquileres vacacionales con m\u00e1s de 20 propiedades. <\/p>\n<\/div><\/div>\n<\/div>\n<\/div>\n<\/div>\n\n<div class=\"et_pb_section_2 et_pb_section et_section_regular et_block_section\">\n<div class=\"et_pb_row_3 et_pb_row et_pb_equal_columns et_pb_gutters3 et_block_row\">\n<div class=\"et_pb_column_4 et_pb_column et_pb_column_1_3 et_block_column et_pb_css_mix_blend_mode_passthrough preset--group--divi-column--divi-box-shadow--9629eu255u\">\n<div class=\"et_pb_group_0 et_pb_group et-last-child et_pb_module et_pb_css_mix_blend_mode_passthrough\">\n<div class=\"et_pb_blurb_0 et_pb_blurb et_pb_bg_layout_light et_pb_text_align_left et_pb_blurb_position_top et_pb_module et_flex_module preset--module--divi-blurb--r8dwj2r6u5\"><div class=\"et_pb_blurb_content et_flex_module\"><div class=\"et_pb_main_blurb_image\"><span class=\"et_pb_image_wrap et_pb_only_image_mode_wrap\"><img loading=\"lazy\" decoding=\"async\" src=\"https:\/\/guestwisely.dev\/wp-content\/uploads\/2025\/06\/booking-engine-icon.png\" width=\"145\" height=\"150\" sizes=\"(max-width: 145px) 100vw, 145px\" class=\"et-waypoint et_pb_animation_top et_pb_animation_top_tablet et_pb_animation_top_phone wp-image-308\" \/><\/span><\/div><div class=\"et_pb_blurb_container\"><h4 class=\"et_pb_module_header\">Calendario Centralizado para M\u00faltiples Propiedades<\/h4><div class=\"et_pb_blurb_description\"><p>Visualiza y gestiona todo tu portafolio con un calendario din\u00e1mico. Supervisa disponibilidad, bloquea fechas, reprograma reservas y asigna unidades f\u00e1cilmente, todo desde tu PMS. <\/p>\n<\/div><\/div><\/div><\/div>\n<\/div>\n<\/div>\n\n<div class=\"et_pb_column_5 et_pb_column et_pb_column_1_3 et_block_column et_pb_css_mix_blend_mode_passthrough preset--group--divi-column--divi-box-shadow--9629eu255u\">\n<div class=\"et_pb_group_1 et_pb_group et-last-child et_pb_module et_pb_css_mix_blend_mode_passthrough\">\n<div class=\"et_pb_group_2 et_pb_group et-last-child et_pb_module et_pb_css_mix_blend_mode_passthrough\">\n<div class=\"et_pb_blurb_1 et_pb_blurb et_pb_bg_layout_light et_pb_text_align_left et_pb_blurb_position_top et_pb_module et_flex_module preset--module--divi-blurb--r8dwj2r6u5\"><div class=\"et_pb_blurb_content et_flex_module\"><div class=\"et_pb_main_blurb_image\"><span class=\"et_pb_image_wrap et_pb_only_image_mode_wrap\"><img loading=\"lazy\" decoding=\"async\" src=\"https:\/\/guestwisely.dev\/wp-content\/uploads\/2025\/07\/inquiry-management-icon.png\" width=\"86\" height=\"98\" sizes=\"(max-width: 86px) 100vw, 86px\" class=\"et-waypoint et_pb_animation_top et_pb_animation_top_tablet et_pb_animation_top_phone wp-image-36848\" \/><\/span><\/div><div class=\"et_pb_blurb_container\"><h4 class=\"et_pb_module_header\">Gesti\u00f3n de Reservas y Consultas<\/h4><div class=\"et_pb_blurb_description\"><p>Gestiona consultas de reserva, env\u00eda cotizaciones profesionales y confirma reservas directamente desde el calendario. Todas las interacciones quedan registradas autom\u00e1ticamente en tu CRM. <\/p>\n<\/div><\/div><\/div><\/div>\n<\/div>\n<\/div>\n<\/div>\n\n<div class=\"et_pb_column_6 et_pb_column et_pb_column_1_3 et-last-child et_block_column et_pb_css_mix_blend_mode_passthrough preset--group--divi-column--divi-box-shadow--9629eu255u\">\n<div class=\"et_pb_group_3 et_pb_group et-last-child et_pb_module et_pb_css_mix_blend_mode_passthrough\">\n<div class=\"et_pb_blurb_2 et_pb_blurb et_pb_bg_layout_light et_pb_text_align_left et_pb_blurb_position_top et_pb_module et_flex_module preset--group--divi-blurb--divi-spacing--jh6edck9gn\"><div class=\"et_pb_blurb_content et_flex_module\"><div class=\"et_pb_main_blurb_image\"><span class=\"et_pb_image_wrap et_pb_only_image_mode_wrap\"><img loading=\"lazy\" decoding=\"async\" src=\"https:\/\/guestwisely.dev\/wp-content\/uploads\/2025\/07\/cal-sync-icon.png\" width=\"147\" height=\"153\" sizes=\"(max-width: 147px) 100vw, 147px\" class=\"et-waypoint et_pb_animation_top et_pb_animation_top_tablet et_pb_animation_top_phone wp-image-36679\" \/><\/span><\/div><div class=\"et_pb_blurb_container\"><h4 class=\"et_pb_module_header\">Sincronizaci\u00f3n en Tiempo Real con OTAs y tu Sitio Web<\/h4><div class=\"et_pb_blurb_description\"><p>GuestWisely se conecta sin problemas con Airbnb, Vrbo, Booking.com, tu motor de reservas directas y muchos m\u00e1s canales l\u00edderes. No se requieren actualizaciones manuales. <\/p>\n<\/div><\/div><\/div><\/div>\n<\/div>\n<\/div>\n<\/div>\n<\/div>\n\n<div class=\"et_pb_section_3 et_pb_section et_section_regular et_flex_section\">\n<div class=\"et_pb_row_4 et_pb_row et_flex_row\">\n<div class=\"et_pb_column_7 et_pb_column et_flex_column et_pb_css_mix_blend_mode_passthrough et_flex_column_24_24\">\n<div class=\"et_pb_blurb_3 et_pb_blurb et_pb_bg_layout_light et_pb_text_align_left et_pb_blurb_position_top et_pb_module et_flex_module\"><div class=\"et_pb_blurb_content et_flex_module\"><div class=\"et_pb_main_blurb_image\"><span class=\"et_pb_image_wrap et_pb_only_image_mode_wrap\"><img loading=\"lazy\" decoding=\"async\" src=\"https:\/\/guestwisely.dev\/wp-content\/uploads\/2025\/07\/drag-drop-icon.png\" width=\"98\" height=\"98\" sizes=\"(max-width: 98px) 100vw, 98px\" class=\"et-waypoint et_pb_animation_top et_pb_animation_top_tablet et_pb_animation_top_phone wp-image-36853\" \/><\/span><\/div><div class=\"et_pb_blurb_container\"><h4 class=\"et_pb_module_header\">Filtros Personalizados y Detalles de Hu\u00e9spedes<\/h4><div class=\"et_pb_blurb_description\"><p data-start=\"251\" data-end=\"458\">Encuentra r\u00e1pidamente reservas con filtros inteligentes y accede a perfiles completos de hu\u00e9spedes, historial de pagos y notas, todo desde el calendario centralizado. Ideal para escalar con precisi\u00f3n y rapidez. <\/p>\n<\/div><\/div><\/div><\/div>\n<\/div>\n\n<div class=\"et_pb_column_8 et_pb_column et-last-child et_flex_column et_pb_css_mix_blend_mode_passthrough et_flex_column_24_24\">\n<div class=\"et_pb_image_3 et_pb_image et_pb_image_sticky et_pb_module et_flex_module\"><span class=\"et_pb_image_wrap\"><img loading=\"lazy\" decoding=\"async\" src=\"https:\/\/guestwisely.dev\/wp-content\/uploads\/2025\/07\/guest-filters.png\" width=\"800\" height=\"604\" srcset=\"https:\/\/guestwisely.dev\/wp-content\/uploads\/2025\/07\/guest-filters.png 800w, https:\/\/guestwisely.dev\/wp-content\/uploads\/2025\/07\/guest-filters-480x362.png 480w\" sizes=\"(min-width: 0px) and (max-width: 480px) 480px, (min-width: 481px) 800px, 100vw\" class=\"wp-image-38605\" \/><\/span><\/div>\n<\/div>\n<\/div>\n<\/div>\n\n<div class=\"et_pb_section_4 et_pb_section et_section_regular et_flex_section\">\n<div class=\"et_pb_row_5 et_pb_row et_flex_row\">\n<div class=\"et_pb_column_9 et_pb_column et_flex_column et_pb_css_mix_blend_mode_passthrough et_flex_column_24_24\">\n<div class=\"et_pb_image_4 et_pb_image et_pb_image_sticky et_pb_module et_flex_module\"><span class=\"et_pb_image_wrap\"><img loading=\"lazy\" decoding=\"async\" src=\"https:\/\/guestwisely.dev\/wp-content\/uploads\/2025\/07\/team-permissions.png\" width=\"800\" height=\"506\" srcset=\"https:\/\/guestwisely.dev\/wp-content\/uploads\/2025\/07\/team-permissions.png 800w, https:\/\/guestwisely.dev\/wp-content\/uploads\/2025\/07\/team-permissions-480x304.png 480w\" sizes=\"(min-width: 0px) and (max-width: 480px) 480px, (min-width: 481px) 800px, 100vw\" class=\"wp-image-37013\" \/><\/span><\/div>\n<\/div>\n\n<div class=\"et_pb_column_10 et_pb_column et-last-child et_flex_column et_pb_css_mix_blend_mode_passthrough et_flex_column_24_24\">\n<div class=\"et_pb_blurb_4 et_pb_blurb et_pb_bg_layout_light et_pb_text_align_left et_pb_blurb_position_top et_pb_module et_flex_module\"><div class=\"et_pb_blurb_content et_flex_module\"><div class=\"et_pb_main_blurb_image\"><span class=\"et_pb_image_wrap et_pb_only_image_mode_wrap\"><img loading=\"lazy\" decoding=\"async\" src=\"https:\/\/guestwisely.dev\/wp-content\/uploads\/2025\/07\/user-rights-icon.png\" width=\"115\" height=\"98\" sizes=\"(max-width: 115px) 100vw, 115px\" class=\"et-waypoint et_pb_animation_top et_pb_animation_top_tablet et_pb_animation_top_phone wp-image-36858\" \/><\/span><\/div><div class=\"et_pb_blurb_container\"><h4 class=\"et_pb_module_header\">Acceso por Equipo y Permisos en el Calendario<\/h4><div class=\"et_pb_blurb_description\"><p data-start=\"1575\" data-end=\"1791\">Brinda visibilidad a tu equipo con permisos seg\u00fan rol. Asigna accesos para reservas, limpieza o recepci\u00f3n directamente desde la vista de calendario del PMS. <\/p>\n<\/div><\/div><\/div><\/div>\n<\/div>\n<\/div>\n<\/div>\n\n<div class=\"et_pb_section_5 et_pb_section et_section_regular et_block_section\">\n<div class=\"et_pb_row_6 et_pb_row et_pb_gutters3 et_block_row\">\n<div class=\"et_pb_column_11 et_pb_column et_pb_column_4_4 et-last-child et_block_column et_pb_css_mix_blend_mode_passthrough\">\n<div class=\"et_pb_heading_2 et_pb_heading et_pb_module et_flex_module\"><div class=\"et_pb_heading_container\"><h2 class=\"et_pb_module_header\">\u00bfQu\u00e9 Nos Hace Diferentes?<\/h2><\/div><\/div>\n\n<div class=\"et_pb_text_3 et_pb_text et_pb_bg_layout_light et_pb_module et_flex_module\"><div class=\"et_pb_text_inner\"><p data-start=\"2606\" data-end=\"2889\">La mayor\u00eda de sistemas de gesti\u00f3n ofrecen calendarios limitados o dependen de plugins externos. El Gestor de Reservas de GuestWisely est\u00e1 totalmente integrado, combinando control de reservas, visibilidad del calendario y herramientas operativas en un solo panel. <\/p>\n<\/div><\/div>\n<\/div>\n<\/div>\n\n<div class=\"et_pb_row_7 et_pb_row et_pb_row_1-2_1-4_1-4 et_pb_equal_columns et_pb_gutters2 et_block_row\">\n<div class=\"et_pb_column_12 et_pb_column et_pb_column_1_2 et_block_column et_pb_css_mix_blend_mode_passthrough\">\n<div class=\"et_pb_blurb_5 et_pb_blurb et_pb_bg_layout_light et_pb_text_align_left et_pb_blurb_position_top et_pb_module et_flex_module\"><div class=\"et_pb_blurb_content et_flex_module\"><div class=\"et_pb_blurb_container\"><h4 class=\"et_pb_module_header\">Dise\u00f1ado para Carteras con M\u00faltiples Propiedades<\/h4><div class=\"et_pb_blurb_description\"><p>Escala con confianza gracias a una vista de calendario pensada para 10, 100 o incluso 1,000 propiedades.<\/p>\n<\/div><\/div><\/div><\/div>\n\n<div class=\"et_pb_blurb_6 et_pb_blurb et_pb_bg_layout_light et_pb_text_align_left et_pb_blurb_position_top et_pb_module et_flex_module\"><div class=\"et_pb_blurb_content et_flex_module\"><div class=\"et_pb_blurb_container\"><h4 class=\"et_pb_module_header\">Seguimiento Completo de Reservas<\/h4><div class=\"et_pb_blurb_description\"><p>Desde la cotizaci\u00f3n hasta el check-out, cada etapa se gestiona y centraliza en tu PMS.<\/p>\n<\/div><\/div><\/div><\/div>\n\n<div class=\"et_pb_blurb_7 et_pb_blurb et_pb_bg_layout_light et_pb_text_align_left et_pb_blurb_position_top et_pb_module et_flex_module\"><div class=\"et_pb_blurb_content et_flex_module\"><div class=\"et_pb_blurb_container\"><h4 class=\"et_pb_module_header\">Sincronizaci\u00f3n Total con OTAs y Sitio Web<\/h4><div class=\"et_pb_blurb_description\"><p data-start=\"3093\" data-end=\"3194\">Actualiza autom\u00e1ticamente canales, OTAs, sitios web y portales de propietarios con datos de disponibilidad en tiempo real.<\/p>\n<\/div><\/div><\/div><\/div>\n\n<div class=\"et_pb_blurb_8 et_pb_blurb et_pb_bg_layout_light et_pb_text_align_left et_pb_blurb_position_top et_pb_module et_flex_module\"><div class=\"et_pb_blurb_content et_flex_module\"><div class=\"et_pb_blurb_container\"><h4 class=\"et_pb_module_header\">Hecho para Operadores Profesionales<\/h4><div class=\"et_pb_blurb_description\"><p>Ya gestiones apartamentos boutique o carteras regionales, nuestras herramientas ayudan a tu equipo a mantenerse organizado y \u00e1gil.<\/p>\n<\/div><\/div><\/div><\/div>\n\n<div class=\"et_pb_module et_pb_button_module_wrapper et_pb_button_1_wrapper preset--module--divi-button--7etvbn1ri6_wrapper\"><a class=\"et_pb_button_1 et_pb_button et_pb_bg_layout_light et_pb_module et_flex_module preset--module--divi-button--7etvbn1ri6\" href=\"https:\/\/guestwisely.dev\/es\/software-gestion-propiedades\/\">Explora la Plataforma<\/a><\/div>\n<\/div>\n\n<div class=\"et_pb_column_13 et_pb_column et_pb_column_1_4 et_block_column et_pb_css_mix_blend_mode_passthrough\">\n<div class=\"et_pb_row_8 et_pb_row et-vb-row--no-module et_pb_gutters3 et_pb_row_nested et_block_row\">\n<div class=\"et_pb_column_14 et_pb_column et_pb_column_4_4 et-last-child et_block_column et_pb_column_empty et_pb_css_mix_blend_mode_passthrough\"><\/div>\n<\/div>\n<\/div>\n\n<div class=\"et_pb_column_15 et_pb_column et_pb_column_1_4 et-last-child et_block_column et_pb_css_mix_blend_mode_passthrough\">\n<div class=\"et_pb_row_9 et_pb_row et-vb-row--no-module et_pb_gutters3 et_pb_row_nested et_block_row\">\n<div class=\"et_pb_column_16 et_pb_column et_pb_column_4_4 et-last-child et_block_column et_pb_column_empty et_pb_css_mix_blend_mode_passthrough\"><\/div>\n<\/div>\n\n<div class=\"et_pb_row_10 et_pb_row et_pb_equal_columns et_pb_gutters3 et_pb_row_nested et_block_row\">\n<div class=\"et_pb_column_17 et_pb_column et_pb_column_4_4 et-last-child et_block_column et_pb_css_mix_blend_mode_passthrough\">\n<div class=\"et_pb_image_5 et_pb_image et_pb_module et_flex_module\"><span class=\"et_pb_image_wrap\"><img loading=\"lazy\" decoding=\"async\" src=\"https:\/\/guestwisely.dev\/wp-content\/uploads\/2025\/06\/cropped-GW-icon.png\" width=\"512\" height=\"512\" srcset=\"https:\/\/guestwisely.dev\/wp-content\/uploads\/2025\/06\/cropped-GW-icon.png 512w, https:\/\/guestwisely.dev\/wp-content\/uploads\/2025\/06\/cropped-GW-icon-480x480.png 480w\" sizes=\"(min-width: 0px) and (max-width: 480px) 480px, (min-width: 481px) 512px, 100vw\" class=\"wp-image-20\" \/><\/span><\/div>\n<\/div>\n<\/div>\n<\/div>\n<\/div>\n<\/div>\n\n<div class=\"et_pb_section_6 et_pb_section et_section_regular et_block_section\">\n<div class=\"et_pb_row_11 et_pb_row et_pb_gutters3 et_block_row\">\n<div class=\"et_pb_column_18 et_pb_column et_pb_column_4_4 et-last-child et_block_column et_pb_css_mix_blend_mode_passthrough\">\n<div class=\"et_pb_heading_3 et_pb_heading et_pb_module et_flex_module\"><div class=\"et_pb_heading_container\"><h2 class=\"et_pb_module_header\">Preguntas Frecuentes<\/h2><\/div><\/div>\n\n<div class=\"et_pb_text_4 et_pb_text et_pb_bg_layout_light et_pb_module et_flex_module\"><div class=\"et_pb_text_inner\"><p>Las dudas m\u00e1s comunes sobre el Gestor de Reservas<\/p>\n<\/div><\/div>\n<\/div>\n<\/div>\n\n<div class=\"et_pb_row_12 et_pb_row et_pb_gutters3 et_block_row\">\n<div class=\"et_pb_column_19 et_pb_column et_pb_column_4_4 et-last-child et_block_column et_pb_css_mix_blend_mode_passthrough\">\n<div class=\"et_pb_accordion_0 et_pb_accordion et_pb_module et_block_module\">\n<div class=\"et_pb_accordion_item_0 et_pb_accordion_item et_pb_toggle et_pb_module et_pb_toggle_open et_flex_module\"><h3 class=\"et_pb_toggle_title\">\u00bfEste calendario forma parte del PMS o es una herramienta externa?<\/h3><div class=\"et_pb_toggle_content et_flex_module\"><p data-start=\"3582\" data-end=\"3784\">El calendario de GuestWisely est\u00e1 completamente integrado en el PMS. Gestiona reservas, disponibilidad y consultas en tiempo real para todas tus propiedades. <\/p>\n<\/div><\/div>\n\n<div class=\"et_pb_accordion_item_1 et_pb_accordion_item et_pb_toggle et_pb_module et_pb_toggle_close et_flex_module\"><h3 class=\"et_pb_toggle_title\">\u00bfPuedo gestionar reservas de OTAs y directas desde el mismo calendario?<\/h3><div class=\"et_pb_toggle_content et_flex_module\"><p>S\u00ed. Todas las reservas de Airbnb, Booking.com, Vrbo y reservas directas se sincronizan y aparecen en un solo panel. No necesitas iniciar sesi\u00f3n en otras plataformas.  <\/p>\n<\/div><\/div>\n\n<div class=\"et_pb_accordion_item_2 et_pb_accordion_item et_pb_toggle et_pb_module et_pb_toggle_close et_flex_module\"><h3 class=\"et_pb_toggle_title\">\u00bfPuedo responder a consultas y enviar cotizaciones desde el calendario?<\/h3><div class=\"et_pb_toggle_content et_flex_module\"><p data-start=\"4390\" data-end=\"4596\">Por supuesto. Puedes responder a consultas, enviar cotizaciones preconfiguradas y confirmar reservas directamente desde la vista de reservas, con CRM y mensajer\u00eda integrados. <\/p>\n<\/div><\/div>\n\n<div class=\"et_pb_accordion_item_3 et_pb_accordion_item et_pb_toggle et_pb_module et_pb_toggle_close et_flex_module\"><h3 class=\"et_pb_toggle_title\">\u00bfSe puede usar con varios miembros del equipo o departamentos?<\/h3><div class=\"et_pb_toggle_content et_flex_module\"><p data-start=\"4511\" data-end=\"4746\">S\u00ed. Los permisos te permiten controlar qui\u00e9n puede ver o gestionar reservas seg\u00fan propiedad, rol o departamento. Ideal para gestores, personal de recepci\u00f3n y limpieza.  <\/p>\n<\/div><\/div>\n<\/div>\n<\/div>\n<\/div>\n<\/div>\n\n<div class=\"et_pb_section_7 et_pb_section et_section_regular et_block_section\">\n<div class=\"et_pb_row_13 et_pb_row et_pb_gutters3 et_block_row\">\n<div class=\"et_pb_column_20 et_pb_column et_pb_column_4_4 et-last-child et_block_column et_pb_css_mix_blend_mode_passthrough\">\n<div class=\"et_pb_heading_4 et_pb_heading et_pb_module et_flex_module\"><div class=\"et_pb_heading_container\"><h2 class=\"et_pb_module_header\">Herramientas modernas de calendario PMS para administradores de propiedades\n\n<\/h2><\/div><\/div>\n\n<div class=\"et_pb_text_5 et_pb_text et_pb_bg_layout_dark et_pb_module et_flex_module\"><div class=\"et_pb_text_inner\"><p data-start=\"4843\" data-end=\"5023\">Optimiza tus reservas, evita dobles reservas y mantente al d\u00eda con las operaciones diarias gracias al calendario de GuestWisely, el n\u00facleo de tu sistema de gesti\u00f3n de propiedades.<\/p>\n<\/div><\/div>\n\n<div class=\"et_pb_module et_pb_button_module_wrapper et_pb_button_2_wrapper preset--module--divi-button--jt60smln0k_wrapper\"><a class=\"et_pb_button_2 et_pb_button et_pb_bg_layout_light et_pb_module et_flex_module preset--module--divi-button--jt60smln0k\" href=\"https:\/\/guestwisely.dev\/es\/reserva-una-demo\/\">Empieza ahora<\/a><\/div>\n<\/div>\n<\/div>\n<\/div>","protected":false},"excerpt":{"rendered":"","protected":false},"author":4,"featured_media":0,"parent":0,"menu_order":32,"comment_status":"closed","ping_status":"closed","template":"","meta":{"footnotes":"","_wp_rev_ctl_limit":""},"class_list":["post-38659","page","type-page","status-publish","hentry"],"_links":{"self":[{"href":"https:\/\/guestwisely.dev\/es\/wp-json\/wp\/v2\/pages\/38659","targetHints":{"allow":["GET"]}}],"collection":[{"href":"https:\/\/guestwisely.dev\/es\/wp-json\/wp\/v2\/pages"}],"about":[{"href":"https:\/\/guestwisely.dev\/es\/wp-json\/wp\/v2\/types\/page"}],"author":[{"embeddable":true,"href":"https:\/\/guestwisely.dev\/es\/wp-json\/wp\/v2\/users\/4"}],"replies":[{"embeddable":true,"href":"https:\/\/guestwisely.dev\/es\/wp-json\/wp\/v2\/comments?post=38659"}],"version-history":[{"count":21,"href":"https:\/\/guestwisely.dev\/es\/wp-json\/wp\/v2\/pages\/38659\/revisions"}],"predecessor-version":[{"id":239838,"href":"https:\/\/guestwisely.dev\/es\/wp-json\/wp\/v2\/pages\/38659\/revisions\/239838"}],"wp:attachment":[{"href":"https:\/\/guestwisely.dev\/es\/wp-json\/wp\/v2\/media?parent=38659"}],"curies":[{"name":"wp","href":"https:\/\/api.w.org\/{rel}","templated":true}]}}