{"id":38677,"date":"2025-07-08T10:18:25","date_gmt":"2025-07-08T10:18:25","guid":{"rendered":"https:\/\/guestwisely.dev\/channel-manager\/"},"modified":"2025-11-10T03:16:39","modified_gmt":"2025-11-10T03:16:39","slug":"channel-manager","status":"publish","type":"page","link":"https:\/\/guestwisely.dev\/es\/channel-manager\/","title":{"rendered":"Channel Manager"},"content":{"rendered":"<div class=\"et_pb_section_0 et_pb_section et_section_regular et_block_section\">\n<div class=\"et_pb_row_0 et_pb_row et_pb_equal_columns et_pb_gutters1 et_block_row\">\n<div class=\"et_pb_column_0 et_pb_column et_pb_column_4_4 et-last-child et_block_column et_pb_css_mix_blend_mode_passthrough\">\n<div class=\"et_pb_text_0 et_pb_text et_pb_bg_layout_light et_pb_module et_flex_module\"><div class=\"et_pb_text_inner\"><p style=\"text-align: center;\">Channel Manager<\/p>\n<\/div><\/div>\n\n<div class=\"et_pb_heading_0 et_pb_heading et_pb_module et_flex_module\"><div class=\"et_pb_heading_container\"><h1 class=\"et_pb_module_header\">Un Solo Channel Manager. Control Total en Todos los Portales de Reserva <\/h1><\/div><\/div>\n\n<div class=\"et_pb_text_1 et_pb_text et_pb_bg_layout_light et_pb_module et_flex_module\"><div class=\"et_pb_text_inner\"><p style=\"text-align: center;\">Conecta, sincroniza y gestiona todos tus anuncios desde una sola plataforma \u2014 con actualizaciones en tiempo real, sincronizaci\u00f3n de calendario y sin trabajo manual.<\/p>\n<\/div><\/div>\n\n<div class=\"et_pb_module et_pb_button_module_wrapper et_pb_button_0_wrapper\"><a class=\"et_pb_button_0 et_pb_button et_pb_bg_layout_light et_pb_module et_flex_module\" href=\"\">Empezar Ahora<\/a><\/div>\n\n<div class=\"et_pb_image_0 et_pb_image et_pb_module et_flex_module\"><span class=\"et_pb_image_wrap\"><img loading=\"lazy\" decoding=\"async\" src=\"https:\/\/guestwisely.dev\/wp-content\/uploads\/2025\/07\/CM-tabs.png\" width=\"800\" height=\"443\" srcset=\"https:\/\/guestwisely.dev\/wp-content\/uploads\/2025\/07\/CM-tabs.png 800w, https:\/\/guestwisely.dev\/wp-content\/uploads\/2025\/07\/CM-tabs-480x266.png 480w\" sizes=\"(min-width: 0px) and (max-width: 480px) 480px, (min-width: 481px) 800px, 100vw\" class=\"wp-image-36317\" \/><\/span><\/div>\n<\/div>\n<\/div>\n<\/div>\n\n<div class=\"et_pb_section_1 et_pb_section et_section_regular et_block_section\">\n<div class=\"et_pb_row_1 et_pb_row et_pb_equal_columns et_pb_gutters1 et_block_row\"><div class=\"et_pb_column_1 et_pb_column et_pb_column_1_2 et_flex_column et_pb_css_mix_blend_mode_passthrough\"><div class=\"et_pb_image_1 et_pb_image et_pb_module et_flex_module\"><span class=\"et_pb_image_wrap\"><img loading=\"lazy\" decoding=\"async\" src=\"https:\/\/guestwisely.dev\/wp-content\/uploads\/2025\/07\/airbnb25-partner-logo2.png\" width=\"300\" height=\"130\" sizes=\"(max-width: 300px) 100vw, 300px\" class=\"wp-image-36775\" \/><\/span><\/div><\/div><div class=\"et_pb_column_2 et_pb_column et_pb_column_1_2 et-last-child et_flex_column et_pb_css_mix_blend_mode_passthrough\"><div class=\"et_pb_image_2 et_pb_image et_pb_module et_flex_module\"><span class=\"et_pb_image_wrap\"><img loading=\"lazy\" decoding=\"async\" src=\"https:\/\/guestwisely.dev\/wp-content\/uploads\/2025\/07\/vrbo25-partner-logo-bw.png\" width=\"300\" height=\"130\" sizes=\"(max-width: 300px) 100vw, 300px\" class=\"wp-image-38376\" \/><\/span><\/div><\/div><\/div>\n\n<div class=\"et_pb_row_2 et_pb_row et_pb_gutters3 et_block_row et_animated\">\n<div class=\"et_pb_column_3 et_pb_column et_pb_column_4_4 et-last-child et_block_column et_pb_css_mix_blend_mode_passthrough\">\n<div class=\"et_pb_heading_1 et_pb_heading et_pb_module et_flex_module\"><div class=\"et_pb_heading_container\"><h2 class=\"et_pb_module_header\">Mantente Sincronizado en Todos los Canales, Autom\u00e1ticamente<\/h2><\/div><\/div>\n\n<div class=\"et_pb_text_2 et_pb_text et_pb_bg_layout_light et_pb_module et_flex_module\"><div class=\"et_pb_text_inner\" data-et-mv-hidden-phone=\"true\"><p data-start=\"338\" data-end=\"829\">Gestionar m\u00faltiples anuncios en Airbnb, Vrbo, Booking.com y m\u00e1s puede convertirse r\u00e1pidamente en un caos manual, provocando reservas dobles, errores de tarifas y p\u00e9rdida de ingresos. GuestWisely resuelve esto con un Channel Manager totalmente integrado que sincroniza tus calendarios, disponibilidad, tarifas y reglas de reserva en tiempo real. Ya no tendr\u00e1s que alternar entre plataformas ni depender de herramientas desconectadas: solo un panel potente para gestionar toda tu red de distribuci\u00f3n con confianza.  <\/p>\n<\/div><\/div>\n<\/div>\n<\/div>\n<\/div>\n\n<div class=\"et_pb_section_2 et_pb_section et_section_regular et_block_section\">\n<div class=\"et_pb_row_3 et_pb_row et_pb_equal_columns et_pb_gutters3 et_block_row\">\n<div class=\"et_pb_column_4 et_pb_column et_pb_column_1_3 et_block_column et_pb_css_mix_blend_mode_passthrough\">\n<div class=\"et_pb_group_0 et_pb_group et-last-child et_pb_module et_pb_css_mix_blend_mode_passthrough\">\n<div class=\"et_pb_blurb_0 et_pb_blurb et_pb_bg_layout_light et_pb_text_align_left et_pb_blurb_position_top et_pb_module et_flex_module preset--module--divi-blurb--r8dwj2r6u5\"><div class=\"et_pb_blurb_content et_flex_module\"><div class=\"et_pb_main_blurb_image\"><span class=\"et_pb_image_wrap et_pb_only_image_mode_wrap\"><img loading=\"lazy\" decoding=\"async\" src=\"https:\/\/guestwisely.dev\/wp-content\/uploads\/2025\/07\/cal-sync-icon.png\" width=\"147\" height=\"153\" sizes=\"(max-width: 147px) 100vw, 147px\" class=\"et-waypoint et_pb_animation_top et_pb_animation_top_tablet et_pb_animation_top_phone wp-image-36679\" \/><\/span><\/div><div class=\"et_pb_blurb_container\"><h4 class=\"et_pb_module_header\">Sincronizaci\u00f3n de Calendario y Disponibilidad en Tiempo Real<\/h4><div class=\"et_pb_blurb_description\"><p>Evita reservas dobles y errores manuales con actualizaciones instant\u00e1neas en todas las plataformas. Cada vez que se realiza una reserva o se bloquean fechas, GuestWisely sincroniza autom\u00e1ticamente tus calendarios \u2014 sin retrasos ni actualizaciones perdidas. <\/p>\n<\/div><\/div><\/div><\/div>\n<\/div>\n<\/div>\n\n<div class=\"et_pb_column_5 et_pb_column et_pb_column_1_3 et_block_column et_pb_css_mix_blend_mode_passthrough\">\n<div class=\"et_pb_group_1 et_pb_group et-last-child et_pb_module et_pb_css_mix_blend_mode_passthrough\">\n<div class=\"et_pb_group_2 et_pb_group et-last-child et_pb_module et_pb_css_mix_blend_mode_passthrough\">\n<div class=\"et_pb_blurb_1 et_pb_blurb et_pb_bg_layout_light et_pb_text_align_left et_pb_blurb_position_top et_pb_module et_flex_module preset--module--divi-blurb--r8dwj2r6u5\"><div class=\"et_pb_blurb_content et_flex_module\"><div class=\"et_pb_main_blurb_image\"><span class=\"et_pb_image_wrap et_pb_only_image_mode_wrap\"><img loading=\"lazy\" decoding=\"async\" src=\"https:\/\/guestwisely.dev\/wp-content\/uploads\/2025\/07\/api-icon.png\" width=\"147\" height=\"131\" sizes=\"(max-width: 147px) 100vw, 147px\" class=\"et-waypoint et_pb_animation_top et_pb_animation_top_tablet et_pb_animation_top_phone wp-image-36684\" \/><\/span><\/div><div class=\"et_pb_blurb_container\"><h4 class=\"et_pb_module_header\">Integraci\u00f3n Completa con Airbnb, Vrbo y M\u00e1s<\/h4><div class=\"et_pb_blurb_description\"><p>Conecta tus anuncios a Airbnb, Vrbo, Booking.com y canales especializados mediante API completa o iCal. Ya sea que necesites sincronizaci\u00f3n bidireccional total o una soluci\u00f3n m\u00e1s ligera, GuestWisely te facilita mantenerte conectado y en control. <\/p>\n<\/div><\/div><\/div><\/div>\n<\/div>\n<\/div>\n<\/div>\n\n<div class=\"et_pb_column_6 et_pb_column et_pb_column_1_3 et-last-child et_block_column et_pb_css_mix_blend_mode_passthrough\">\n<div class=\"et_pb_group_3 et_pb_group et-last-child et_pb_module et_pb_css_mix_blend_mode_passthrough\">\n<div class=\"et_pb_blurb_2 et_pb_blurb et_pb_bg_layout_light et_pb_text_align_left et_pb_blurb_position_top et_pb_module et_flex_module preset--group--divi-blurb--divi-spacing--jh6edck9gn preset--module--divi-blurb--r8dwj2r6u5\"><div class=\"et_pb_blurb_content et_flex_module\"><div class=\"et_pb_main_blurb_image\"><span class=\"et_pb_image_wrap et_pb_only_image_mode_wrap\"><img loading=\"lazy\" decoding=\"async\" src=\"https:\/\/guestwisely.dev\/wp-content\/uploads\/2025\/07\/rules-icon.png\" width=\"105\" height=\"134\" sizes=\"(max-width: 105px) 100vw, 105px\" class=\"et-waypoint et_pb_animation_top et_pb_animation_top_tablet et_pb_animation_top_phone wp-image-36689\" \/><\/span><\/div><div class=\"et_pb_blurb_container\"><h4 class=\"et_pb_module_header\">Pol\u00edticas de Reserva y Comunicaci\u00f3n Uniformes<\/h4><div class=\"et_pb_blurb_description\"><p>Establece reglas de reserva, requisitos para hu\u00e9spedes y plantillas de mensajes automatizados que se apliquen en todas las plataformas. Mant\u00e9n una experiencia coherente de marca mientras reduces el tiempo dedicado a responder las mismas preguntas una y otra vez. <\/p>\n<\/div><\/div><\/div><\/div>\n<\/div>\n<\/div>\n<\/div>\n<\/div>\n\n<div class=\"et_pb_section_3 et_pb_section et_section_regular et_flex_section\">\n<div class=\"et_pb_row_4 et_pb_row et_flex_row\">\n<div class=\"et_pb_column_7 et_pb_column et_flex_column et_pb_css_mix_blend_mode_passthrough et_flex_column_24_24\">\n<div class=\"et_pb_blurb_3 et_pb_blurb et_pb_bg_layout_light et_pb_text_align_left et_pb_blurb_position_top et_pb_module et_flex_module\"><div class=\"et_pb_blurb_content et_flex_module\"><div class=\"et_pb_main_blurb_image\"><span class=\"et_pb_image_wrap et_pb_only_image_mode_wrap\"><img loading=\"lazy\" decoding=\"async\" src=\"https:\/\/guestwisely.dev\/wp-content\/uploads\/2025\/07\/channel-pricing-icon.png\" width=\"120\" height=\"116\" sizes=\"(max-width: 120px) 100vw, 120px\" class=\"et-waypoint et_pb_animation_top et_pb_animation_top_tablet et_pb_animation_top_phone wp-image-36694\" \/><\/span><\/div><div class=\"et_pb_blurb_container\"><h4 class=\"et_pb_module_header\">Precios y Reglas por Canal<\/h4><div class=\"et_pb_blurb_description\"><p data-start=\"1280\" data-end=\"1531\">Aplica estrategias de precios personalizadas por canal, incluyendo recargos, estad\u00edas m\u00ednimas y pol\u00edticas de cancelaci\u00f3n. Mantente competitivo en cada OTA mientras gestionas todo desde un panel centralizado. <\/p>\n<\/div><\/div><\/div><\/div>\n<\/div>\n\n<div class=\"et_pb_column_8 et_pb_column et-last-child et_flex_column et_pb_css_mix_blend_mode_passthrough et_flex_column_24_24\">\n<div class=\"et_pb_image_3 et_pb_image et_pb_image_sticky et_animated et_pb_module et_flex_module\"><span class=\"et_pb_image_wrap\"><img loading=\"lazy\" decoding=\"async\" src=\"https:\/\/guestwisely.dev\/wp-content\/uploads\/2025\/07\/CM-rates.png\" width=\"800\" height=\"545\" srcset=\"https:\/\/guestwisely.dev\/wp-content\/uploads\/2025\/07\/CM-rates.png 800w, https:\/\/guestwisely.dev\/wp-content\/uploads\/2025\/07\/CM-rates-480x327.png 480w\" sizes=\"(min-width: 0px) and (max-width: 480px) 480px, (min-width: 481px) 800px, 100vw\" class=\"wp-image-36668\" \/><\/span><\/div>\n<\/div>\n<\/div>\n<\/div>\n\n<div class=\"et_pb_section_4 et_pb_section et_section_regular et_flex_section\">\n<div class=\"et_pb_row_5 et_pb_row et_flex_row\">\n<div class=\"et_pb_column_9 et_pb_column et_flex_column et_pb_css_mix_blend_mode_passthrough et_flex_column_24_24\">\n<div class=\"et_pb_image_4 et_pb_image et_pb_image_sticky et_animated et_pb_module et_flex_module\"><span class=\"et_pb_image_wrap\"><img loading=\"lazy\" decoding=\"async\" src=\"https:\/\/guestwisely.dev\/wp-content\/uploads\/2025\/07\/CM-integrated.png\" width=\"800\" height=\"539\" srcset=\"https:\/\/guestwisely.dev\/wp-content\/uploads\/2025\/07\/CM-integrated.png 800w, https:\/\/guestwisely.dev\/wp-content\/uploads\/2025\/07\/CM-integrated-480x323.png 480w\" sizes=\"(min-width: 0px) and (max-width: 480px) 480px, (min-width: 481px) 800px, 100vw\" class=\"wp-image-36673\" \/><\/span><\/div>\n<\/div>\n\n<div class=\"et_pb_column_10 et_pb_column et-last-child et_flex_column et_pb_css_mix_blend_mode_passthrough et_flex_column_24_24\">\n<div class=\"et_pb_blurb_4 et_pb_blurb et_pb_bg_layout_light et_pb_text_align_left et_pb_blurb_position_top et_pb_module et_flex_module\"><div class=\"et_pb_blurb_content et_flex_module\"><div class=\"et_pb_main_blurb_image\"><span class=\"et_pb_image_wrap et_pb_only_image_mode_wrap\"><img loading=\"lazy\" decoding=\"async\" src=\"https:\/\/guestwisely.dev\/wp-content\/uploads\/2025\/07\/built-in-icon.png\" width=\"120\" height=\"120\" sizes=\"(max-width: 120px) 100vw, 120px\" class=\"et-waypoint et_pb_animation_top et_pb_animation_top_tablet et_pb_animation_top_phone wp-image-36699\" \/><\/span><\/div><div class=\"et_pb_blurb_container\"><h4 class=\"et_pb_module_header\">Integrado en tu PMS \u2014 Sin Herramientas Externas<\/h4><div class=\"et_pb_blurb_description\"><p data-start=\"1575\" data-end=\"1791\">A diferencia de los channel managers de terceros, la soluci\u00f3n de GuestWisely est\u00e1 integrada de forma nativa con tu calendario, pagos, bandeja de entrada e informes. Esto significa menos errores de sincronizaci\u00f3n, configuraci\u00f3n m\u00e1s r\u00e1pida y un flujo de trabajo m\u00e1s fluido para todo tu equipo. <\/p>\n<\/div><\/div><\/div><\/div>\n<\/div>\n<\/div>\n<\/div>\n\n<div class=\"et_pb_section_5 et_pb_section et_section_regular et_block_section\">\n<div class=\"et_pb_row_6 et_pb_row et_pb_gutters3 et_block_row\">\n<div class=\"et_pb_column_11 et_pb_column et_pb_column_4_4 et-last-child et_block_column et_pb_css_mix_blend_mode_passthrough\">\n<div class=\"et_pb_heading_2 et_pb_heading et_pb_module et_flex_module\"><div class=\"et_pb_heading_container\"><h2 class=\"et_pb_module_header\">\u00bfQu\u00e9 Nos Hace Diferentes?<\/h2><\/div><\/div>\n\n<div class=\"et_pb_text_3 et_pb_text et_pb_bg_layout_light et_pb_module et_flex_module\"><div class=\"et_pb_text_inner\"><p>Muchos PMS dependen de complementos externos para gestionar canales. GuestWisely ofrece un sistema de gesti\u00f3n de canales completamente integrado, dise\u00f1ado directamente dentro de tu software. Esto se traduce en sincronizaci\u00f3n m\u00e1s r\u00e1pida, menos errores y una experiencia m\u00e1s eficiente para tu equipo \u2014 sin costes ni complejidad adicional. <\/p>\n<\/div><\/div>\n<\/div>\n<\/div>\n\n<div class=\"et_pb_row_7 et_pb_row et_pb_row_1-2_1-4_1-4 et_pb_equal_columns et_pb_gutters2 et_block_row\">\n<div class=\"et_pb_column_12 et_pb_column et_pb_column_1_2 et_block_column et_pb_css_mix_blend_mode_passthrough\">\n<div class=\"et_pb_blurb_5 et_pb_blurb et_pb_bg_layout_light et_pb_text_align_left et_pb_blurb_position_top et_pb_module et_flex_module\"><div class=\"et_pb_blurb_content et_flex_module\"><div class=\"et_pb_blurb_container\"><h4 class=\"et_pb_module_header\">Integraci\u00f3n Nativa, no Externa<\/h4><div class=\"et_pb_blurb_description\"><p>Nuestro Channel Manager forma parte de la plataforma, lo que garantiza integraci\u00f3n total con calendario, pagos, mensajer\u00eda e informes.<\/p>\n<\/div><\/div><\/div><\/div>\n\n<div class=\"et_pb_blurb_6 et_pb_blurb et_pb_bg_layout_light et_pb_text_align_left et_pb_blurb_position_top et_pb_module et_flex_module\"><div class=\"et_pb_blurb_content et_flex_module\"><div class=\"et_pb_blurb_container\"><h4 class=\"et_pb_module_header\">Sincronizaci\u00f3n Confiable en Tiempo Real<\/h4><div class=\"et_pb_blurb_description\"><p>Cada cambio se actualiza de forma instant\u00e1nea y autom\u00e1tica, para que nunca tengas que preocuparte por errores de calendario o retrasos en precios.<\/p>\n<\/div><\/div><\/div><\/div>\n\n<div class=\"et_pb_blurb_7 et_pb_blurb et_pb_bg_layout_light et_pb_text_align_left et_pb_blurb_position_top et_pb_module et_flex_module\"><div class=\"et_pb_blurb_content et_flex_module\"><div class=\"et_pb_blurb_container\"><h4 class=\"et_pb_module_header\">Flexibilidad por Canal<\/h4><div class=\"et_pb_blurb_description\"><p>Personaliza tarifas, reglas y pol\u00edticas de reserva por canal \u2014 todo desde un solo panel.<\/p>\n<\/div><\/div><\/div><\/div>\n\n<div class=\"et_pb_blurb_8 et_pb_blurb et_pb_bg_layout_light et_pb_text_align_left et_pb_blurb_position_top et_pb_module et_flex_module\"><div class=\"et_pb_blurb_content et_flex_module\"><div class=\"et_pb_blurb_container\"><h4 class=\"et_pb_module_header\">Escalable para Carteras en Crecimiento<\/h4><div class=\"et_pb_blurb_description\"><p>Ya gestiones 10 propiedades o 500, nuestro sistema est\u00e1 dise\u00f1ado para crecer contigo \u2014 sin cuentas separadas ni configuraciones complicadas.<\/p>\n<\/div><\/div><\/div><\/div>\n\n<div class=\"et_pb_module et_pb_button_module_wrapper et_pb_button_1_wrapper preset--module--divi-button--7etvbn1ri6_wrapper\"><a class=\"et_pb_button_1 et_pb_button et_pb_bg_layout_light et_pb_module et_flex_module preset--module--divi-button--7etvbn1ri6\" href=\"\">Explora la Plataforma<\/a><\/div>\n<\/div>\n\n<div class=\"et_pb_column_13 et_pb_column et_pb_column_1_4 et_block_column et_pb_css_mix_blend_mode_passthrough\">\n<div class=\"et_pb_row_8 et_pb_row et-vb-row--no-module et_pb_gutters3 et_pb_row_nested et_block_row\">\n<div class=\"et_pb_column_14 et_pb_column et_pb_column_4_4 et-last-child et_block_column et_pb_column_empty et_pb_css_mix_blend_mode_passthrough\"><\/div>\n<\/div>\n\n<div class=\"et_pb_row_9 et_pb_row et_pb_equal_columns et_pb_gutters3 et_pb_row_nested et_block_row\">\n<div class=\"et_pb_column_15 et_pb_column et_pb_column_4_4 et-last-child et_block_column et_pb_css_mix_blend_mode_passthrough\">\n<div class=\"et_pb_image_5 et_pb_image et_pb_module et_flex_module\"><span class=\"et_pb_image_wrap\"><img loading=\"lazy\" decoding=\"async\" src=\"https:\/\/guestwisely.dev\/wp-content\/uploads\/2025\/06\/cropped-GW-icon.png\" width=\"512\" height=\"512\" srcset=\"https:\/\/guestwisely.dev\/wp-content\/uploads\/2025\/06\/cropped-GW-icon.png 512w, https:\/\/guestwisely.dev\/wp-content\/uploads\/2025\/06\/cropped-GW-icon-480x480.png 480w\" sizes=\"(min-width: 0px) and (max-width: 480px) 480px, (min-width: 481px) 512px, 100vw\" class=\"wp-image-20\" \/><\/span><\/div>\n<\/div>\n<\/div>\n<\/div>\n\n<div class=\"et_pb_column_16 et_pb_column et_pb_column_1_4 et-last-child et_block_column et_pb_css_mix_blend_mode_passthrough\">\n<div class=\"et_pb_row_10 et_pb_row et-vb-row--no-module et_pb_gutters3 et_pb_row_nested et_block_row\">\n<div class=\"et_pb_column_17 et_pb_column et_pb_column_4_4 et-last-child et_block_column et_pb_column_empty et_pb_css_mix_blend_mode_passthrough\"><\/div>\n<\/div>\n<\/div>\n<\/div>\n<\/div>\n\n<div class=\"et_pb_section_6 et_pb_section et_section_regular et_block_section\">\n<div class=\"et_pb_row_11 et_pb_row et_pb_gutters3 et_block_row\">\n<div class=\"et_pb_column_18 et_pb_column et_pb_column_4_4 et-last-child et_block_column et_pb_css_mix_blend_mode_passthrough\">\n<div class=\"et_pb_heading_3 et_pb_heading et_pb_module et_flex_module\"><div class=\"et_pb_heading_container\"><h2 class=\"et_pb_module_header\">Preguntas Frecuentes<\/h2><\/div><\/div>\n\n<div class=\"et_pb_text_4 et_pb_text et_pb_bg_layout_light et_pb_module et_flex_module\"><div class=\"et_pb_text_inner\"><p>Tus preguntas m\u00e1s importantes sobre las herramientas de Gesti\u00f3n de Ingresos<\/p>\n<\/div><\/div>\n<\/div>\n<\/div>\n\n<div class=\"et_pb_row_12 et_pb_row et_pb_gutters3 et_block_row\">\n<div class=\"et_pb_column_19 et_pb_column et_pb_column_4_4 et-last-child et_block_column et_pb_css_mix_blend_mode_passthrough\">\n<div class=\"et_pb_accordion_0 et_pb_accordion et_pb_module et_block_module\">\n<div class=\"et_pb_accordion_item_0 et_pb_accordion_item et_pb_toggle et_pb_module et_pb_toggle_open et_flex_module\"><h3 class=\"et_pb_toggle_title\">\u00bfCon qu\u00e9 canales puedo conectar desde GuestWisely?<\/h3><div class=\"et_pb_toggle_content et_flex_module\"><p data-start=\"3803\" data-end=\"4047\">Puedes conectar con Airbnb, Booking.com, Vrbo y muchos m\u00e1s mediante integraci\u00f3n API o iCal. Tambi\u00e9n se admiten canales regionales o especializados, seg\u00fan tu mercado. <\/p>\n<\/div><\/div>\n\n<div class=\"et_pb_accordion_item_1 et_pb_accordion_item et_pb_toggle et_pb_module et_pb_toggle_close et_flex_module\"><h3 class=\"et_pb_toggle_title\">\u00bfCon qu\u00e9 rapidez se actualizan los calendarios y la disponibilidad?<\/h3><div class=\"et_pb_toggle_content et_flex_module\"><p>Los cambios hechos en GuestWisely se sincronizan en todas las plataformas conectadas en tiempo real. Ya sea que la reserva venga de tu sitio web o de Airbnb, los calendarios se actualizan instant\u00e1neamente. <\/p>\n<\/div><\/div>\n\n<div class=\"et_pb_accordion_item_2 et_pb_accordion_item et_pb_toggle et_pb_module et_pb_toggle_close et_flex_module\"><h3 class=\"et_pb_toggle_title\">\u00bfPuedo establecer precios o reglas diferentes por canal?<\/h3><div class=\"et_pb_toggle_content et_flex_module\"><p>S\u00ed. Puedes configurar recargos, estad\u00edas m\u00ednimas y pol\u00edticas espec\u00edficas por canal. GuestWisely te permite adaptar f\u00e1cilmente tu estrategia de precios a cada plataforma.  <\/p>\n<\/div><\/div>\n\n<div class=\"et_pb_accordion_item_3 et_pb_accordion_item et_pb_toggle et_pb_module et_pb_toggle_close et_flex_module\"><h3 class=\"et_pb_toggle_title\">\u00bfNecesito herramientas externas para gestionar mis canales?<\/h3><div class=\"et_pb_toggle_content et_flex_module\"><p>No. El Channel Manager de GuestWisely est\u00e1 completamente integrado. No necesitas depender de herramientas externas ni complementos, lo que reduce la complejidad, los costes y los posibles errores de sincronizaci\u00f3n.  <\/p>\n<\/div><\/div>\n<\/div>\n<\/div>\n<\/div>\n<\/div>\n\n<div class=\"et_pb_section_7 et_pb_section et_section_regular et_block_section\">\n<div class=\"et_pb_row_13 et_pb_row et_pb_gutters3 et_block_row\">\n<div class=\"et_pb_column_20 et_pb_column et_pb_column_4_4 et-last-child et_block_column et_pb_css_mix_blend_mode_passthrough\">\n<div class=\"et_pb_heading_4 et_pb_heading et_pb_module et_flex_module\"><div class=\"et_pb_heading_container\"><h2 class=\"et_pb_module_header\">Deja de Perder Tiempo con Actualizaciones Manuales de Canales<\/h2><\/div><\/div>\n\n<div class=\"et_pb_text_5 et_pb_text et_pb_bg_layout_dark et_pb_module et_flex_module\"><div class=\"et_pb_text_inner\"><p>Con el Channel Manager integrado de GuestWisely, puedes gestionar todos tus anuncios, tarifas y disponibilidad desde un solo lugar: sin herramientas externas, sin errores de sincronizaci\u00f3n, solo control total.<\/p>\n<\/div><\/div>\n\n<div class=\"et_pb_module et_pb_button_module_wrapper et_pb_button_2_wrapper preset--module--divi-button--uwhe67bdsz_wrapper\"><a class=\"et_pb_button_2 et_pb_button et_pb_bg_layout_light et_pb_module et_flex_module preset--module--divi-button--uwhe67bdsz\" href=\"\">Empezar Ahora<\/a><\/div>\n<\/div>\n<\/div>\n<\/div>","protected":false},"excerpt":{"rendered":"","protected":false},"author":4,"featured_media":0,"parent":0,"menu_order":26,"comment_status":"closed","ping_status":"closed","template":"","meta":{"footnotes":"","_wp_rev_ctl_limit":""},"class_list":["post-38677","page","type-page","status-publish","hentry"],"_links":{"self":[{"href":"https:\/\/guestwisely.dev\/es\/wp-json\/wp\/v2\/pages\/38677","targetHints":{"allow":["GET"]}}],"collection":[{"href":"https:\/\/guestwisely.dev\/es\/wp-json\/wp\/v2\/pages"}],"about":[{"href":"https:\/\/guestwisely.dev\/es\/wp-json\/wp\/v2\/types\/page"}],"author":[{"embeddable":true,"href":"https:\/\/guestwisely.dev\/es\/wp-json\/wp\/v2\/users\/4"}],"replies":[{"embeddable":true,"href":"https:\/\/guestwisely.dev\/es\/wp-json\/wp\/v2\/comments?post=38677"}],"version-history":[{"count":3,"href":"https:\/\/guestwisely.dev\/es\/wp-json\/wp\/v2\/pages\/38677\/revisions"}],"predecessor-version":[{"id":242011,"href":"https:\/\/guestwisely.dev\/es\/wp-json\/wp\/v2\/pages\/38677\/revisions\/242011"}],"wp:attachment":[{"href":"https:\/\/guestwisely.dev\/es\/wp-json\/wp\/v2\/media?parent=38677"}],"curies":[{"name":"wp","href":"https:\/\/api.w.org\/{rel}","templated":true}]}}