{"id":38681,"date":"2025-07-08T10:17:48","date_gmt":"2025-07-08T10:17:48","guid":{"rendered":"https:\/\/guestwisely.dev\/sitio-web-y-motor-de-reservas\/"},"modified":"2025-09-09T04:44:00","modified_gmt":"2025-09-09T04:44:00","slug":"sitio-web-y-motor-de-reservas","status":"publish","type":"page","link":"https:\/\/guestwisely.dev\/es\/sitio-web-y-motor-de-reservas\/","title":{"rendered":"Sitio Web y Motor de Reservas"},"content":{"rendered":"<div class=\"et_pb_section_0 et_pb_section et_section_regular et_block_section\">\n<div class=\"et_pb_row_0 et_pb_row et_pb_equal_columns et_pb_gutters1 et_block_row\">\n<div class=\"et_pb_column_0 et_pb_column et_pb_column_4_4 et-last-child et_block_column et_pb_css_mix_blend_mode_passthrough\">\n<div class=\"et_pb_text_0 et_pb_text et_pb_bg_layout_light et_pb_module et_flex_module\"><div class=\"et_pb_text_inner\"><p style=\"text-align: center;\">Sitio Web y Motor de Reservas<\/p>\n<\/div><\/div>\n\n<div class=\"et_pb_heading_0 et_pb_heading et_pb_module et_flex_module\"><div class=\"et_pb_heading_container\"><h1 class=\"et_pb_module_header\">Tu Sitio de Reservas Directas, Totalmente Integrado<\/h1><\/div><\/div>\n\n<div class=\"et_pb_text_1 et_pb_text et_pb_bg_layout_light et_pb_module et_flex_module\"><div class=\"et_pb_text_inner\"><p style=\"text-align: center;\">Obt\u00e9n un sitio web profesional, responsive y de alto rendimiento con un potente motor de reservas \u2014 todo conectado a tu panel de GuestWisely.<\/p>\n<\/div><\/div>\n\n<div class=\"et_pb_module et_pb_button_module_wrapper et_pb_button_0_wrapper\"><a class=\"et_pb_button_0 et_pb_button et_pb_bg_layout_light et_pb_module et_flex_module\" href=\"https:\/\/guestwisely.dev\/es\/reserva-una-demo\/\">Empieza ahora<\/a><\/div>\n\n<div class=\"et_pb_image_0 et_pb_image et_pb_module et_flex_module\"><span class=\"et_pb_image_wrap\"><img loading=\"lazy\" decoding=\"async\" src=\"https:\/\/guestwisely.dev\/wp-content\/uploads\/2025\/06\/Websites-hero.png\" width=\"1000\" height=\"732\" srcset=\"https:\/\/guestwisely.dev\/wp-content\/uploads\/2025\/06\/Websites-hero.png 1000w, https:\/\/guestwisely.dev\/wp-content\/uploads\/2025\/06\/Websites-hero-980x717.png 980w, https:\/\/guestwisely.dev\/wp-content\/uploads\/2025\/06\/Websites-hero-480x351.png 480w\" sizes=\"(min-width: 0px) and (max-width: 480px) 480px, (min-width: 481px) and (max-width: 980px) 980px, (min-width: 981px) 1000px, 100vw\" class=\"wp-image-318\" \/><\/span><\/div>\n<\/div>\n<\/div>\n<\/div>\n\n<div class=\"et_pb_section_1 et_pb_section et_section_regular et_block_section\">\n<div class=\"et_pb_row_1 et_pb_row et_pb_equal_columns et_pb_gutters1 et_block_row\"><div class=\"et_pb_column_1 et_pb_column et_pb_column_1_2 et_flex_column et_pb_css_mix_blend_mode_passthrough\"><div class=\"et_pb_image_1 et_pb_image et_pb_module et_flex_module\"><span class=\"et_pb_image_wrap\"><img loading=\"lazy\" decoding=\"async\" src=\"https:\/\/guestwisely.dev\/wp-content\/uploads\/2025\/07\/airbnb25-partner-logo2.png\" width=\"300\" height=\"130\" sizes=\"(max-width: 300px) 100vw, 300px\" class=\"wp-image-36775\" \/><\/span><\/div><\/div><div class=\"et_pb_column_2 et_pb_column et_pb_column_1_2 et-last-child et_flex_column et_pb_css_mix_blend_mode_passthrough\"><div class=\"et_pb_image_2 et_pb_image et_pb_module et_flex_module\"><span class=\"et_pb_image_wrap\"><img loading=\"lazy\" decoding=\"async\" src=\"https:\/\/guestwisely.dev\/wp-content\/uploads\/2025\/07\/vrbo25-partner-logo-bw.png\" width=\"300\" height=\"130\" sizes=\"(max-width: 300px) 100vw, 300px\" class=\"wp-image-38376\" \/><\/span><\/div><\/div><\/div>\n\n<div class=\"et_pb_row_2 et_pb_row et_pb_gutters3 et_block_row et_animated\">\n<div class=\"et_pb_column_3 et_pb_column et_pb_column_4_4 et-last-child et_block_column et_pb_css_mix_blend_mode_passthrough\">\n<div class=\"et_pb_heading_1 et_pb_heading et_pb_module et_flex_module\"><div class=\"et_pb_heading_container\"><h2 class=\"et_pb_module_header\">Deja de Perder Reservas con Constructores de Sitios Limitados<\/h2><\/div><\/div>\n\n<div class=\"et_pb_text_2 et_pb_text et_pb_bg_layout_light et_pb_module et_flex_module\"><div class=\"et_pb_text_inner\"><p>La mayor\u00eda de los creadores de sitios web no est\u00e1n dise\u00f1ados para administradores de propiedades. No integran herramientas de reservas, se ven gen\u00e9ricos o requieren configuraciones complicadas. \u00bfEl resultado? Oportunidades perdidas y mala experiencia para el hu\u00e9sped. Nuestras plantillas integradas y el motor de reservas ofrecen la facilidad de un constructor visual, la flexibilidad de WordPress y la potencia de una integraci\u00f3n real con tu PMS.   <\/p>\n<\/div><\/div>\n<\/div>\n<\/div>\n<\/div>\n\n<div class=\"et_pb_section_2 et_pb_section et_section_regular et_block_section\">\n<div class=\"et_pb_row_3 et_pb_row et_pb_equal_columns et_pb_gutters3 et_block_row\">\n<div class=\"et_pb_column_4 et_pb_column et_pb_column_1_3 et_block_column et_pb_css_mix_blend_mode_passthrough preset--group--divi-column--divi-box-shadow--9629eu255u\">\n<div class=\"et_pb_group_0 et_pb_group et-last-child et_pb_module et_pb_css_mix_blend_mode_passthrough\">\n<div class=\"et_pb_blurb_0 et_pb_blurb et_pb_bg_layout_light et_pb_text_align_left et_pb_blurb_position_top et_pb_module et_flex_module preset--group--divi-blurb--divi-spacing--jh6edck9gn preset--module--divi-blurb--r8dwj2r6u5\"><div class=\"et_pb_blurb_content et_flex_module\"><div class=\"et_pb_main_blurb_image\"><span class=\"et_pb_image_wrap et_pb_only_image_mode_wrap\"><img loading=\"lazy\" decoding=\"async\" src=\"https:\/\/guestwisely.dev\/wp-content\/uploads\/2025\/06\/website-themes-icon.png\" width=\"181\" height=\"150\" sizes=\"(max-width: 181px) 100vw, 181px\" class=\"et-waypoint et_pb_animation_top et_pb_animation_top_tablet et_pb_animation_top_phone wp-image-35536\" \/><\/span><\/div><div class=\"et_pb_blurb_container\"><h4 class=\"et_pb_module_header\">Plantillas Web Integradas<\/h4><div class=\"et_pb_blurb_description\"><p>Las plantillas de GuestWisely est\u00e1n dise\u00f1adas espec\u00edficamente para negocios de alquiler vacacional. Son r\u00e1pidas, adaptadas a m\u00f3viles y totalmente personalizables para reflejar tu marca. Est\u00e1n creadas para convertir visitas en reservas directas, sin necesidad de c\u00f3digo. <\/p>\n<\/div><\/div><\/div><\/div>\n<\/div>\n<\/div>\n\n<div class=\"et_pb_column_5 et_pb_column et_pb_column_1_3 et_block_column et_pb_css_mix_blend_mode_passthrough preset--group--divi-column--divi-box-shadow--9629eu255u\">\n<div class=\"et_pb_group_1 et_pb_group et-last-child et_pb_module et_pb_css_mix_blend_mode_passthrough\">\n<div class=\"et_pb_group_2 et_pb_group et-last-child et_pb_module et_pb_css_mix_blend_mode_passthrough\">\n<div class=\"et_pb_blurb_1 et_pb_blurb et_pb_bg_layout_light et_pb_text_align_left et_pb_blurb_position_top et_pb_module et_flex_module preset--module--divi-blurb--r8dwj2r6u5\"><div class=\"et_pb_blurb_content et_flex_module\"><div class=\"et_pb_main_blurb_image\"><span class=\"et_pb_image_wrap et_pb_only_image_mode_wrap\"><img loading=\"lazy\" decoding=\"async\" src=\"https:\/\/guestwisely.dev\/wp-content\/uploads\/2025\/06\/wordpress-plugin-icon.png\" width=\"150\" height=\"150\" sizes=\"(max-width: 150px) 100vw, 150px\" class=\"et-waypoint et_pb_animation_top et_pb_animation_top_tablet et_pb_animation_top_phone wp-image-303\" \/><\/span><\/div><div class=\"et_pb_blurb_container\"><h4 class=\"et_pb_module_header\">Plugin para WordPress<\/h4><div class=\"et_pb_blurb_description\"><p>Si ya tienes un sitio en WordPress, nuestro plugin te permite integrar f\u00e1cilmente el motor de reservas y las herramientas de b\u00fasqueda. Funciona con constructores como Divi y Elementor, ofreci\u00e9ndote funcionalidades avanzadas sin cambiar el dise\u00f1o de tu web. <\/p>\n<\/div><\/div><\/div><\/div>\n<\/div>\n<\/div>\n<\/div>\n\n<div class=\"et_pb_column_6 et_pb_column et_pb_column_1_3 et-last-child et_block_column et_pb_css_mix_blend_mode_passthrough preset--group--divi-column--divi-box-shadow--9629eu255u\">\n<div class=\"et_pb_group_3 et_pb_group et-last-child et_pb_module et_pb_css_mix_blend_mode_passthrough\">\n<div class=\"et_pb_blurb_2 et_pb_blurb et_pb_bg_layout_light et_pb_text_align_left et_pb_blurb_position_top et_pb_module et_flex_module preset--group--divi-blurb--divi-spacing--jh6edck9gn preset--module--divi-blurb--r8dwj2r6u5\"><div class=\"et_pb_blurb_content et_flex_module\"><div class=\"et_pb_main_blurb_image\"><span class=\"et_pb_image_wrap et_pb_only_image_mode_wrap\"><img loading=\"lazy\" decoding=\"async\" src=\"https:\/\/guestwisely.dev\/wp-content\/uploads\/2025\/06\/booking-engine-icon.png\" width=\"145\" height=\"150\" sizes=\"(max-width: 145px) 100vw, 145px\" class=\"et-waypoint et_pb_animation_top et_pb_animation_top_tablet et_pb_animation_top_phone wp-image-308\" \/><\/span><\/div><div class=\"et_pb_blurb_container\"><h4 class=\"et_pb_module_header\">Suites de Motor de Reservas<\/h4><div class=\"et_pb_blurb_description\"><p>Elige entre cinco dise\u00f1os personalizables que se sincronizan en tiempo real con tus calendarios y tarifas. Controla dise\u00f1o, colores y ajustes para adaptarlos a tu sitio mientras ofreces a tus hu\u00e9spedes una experiencia de reserva sin fricciones. <\/p>\n<\/div><\/div><\/div><\/div>\n<\/div>\n<\/div>\n<\/div>\n<\/div>\n\n<div class=\"et_pb_section_3 et_pb_section et_section_regular et_flex_section\">\n<div class=\"et_pb_row_4 et_pb_row et_flex_row\">\n<div class=\"et_pb_column_7 et_pb_column et_flex_column et_pb_css_mix_blend_mode_passthrough et_flex_column_24_24\">\n<div class=\"et_pb_blurb_3 et_pb_blurb et_pb_bg_layout_light et_pb_text_align_left et_pb_blurb_position_top et_pb_module et_flex_module\"><div class=\"et_pb_blurb_content et_flex_module\"><div class=\"et_pb_main_blurb_image\"><span class=\"et_pb_image_wrap et_pb_only_image_mode_wrap\"><img loading=\"lazy\" decoding=\"async\" src=\"https:\/\/guestwisely.dev\/wp-content\/uploads\/2025\/06\/search-engine-icon.png\" width=\"150\" height=\"150\" sizes=\"(max-width: 150px) 100vw, 150px\" class=\"et-waypoint et_pb_animation_top et_pb_animation_top_tablet et_pb_animation_top_phone wp-image-313\" \/><\/span><\/div><div class=\"et_pb_blurb_container\"><h4 class=\"et_pb_module_header\">Buscador Avanzado<\/h4><div class=\"et_pb_blurb_description\"><p data-start=\"1280\" data-end=\"1531\">Nuestro buscador integrado facilita que los hu\u00e9spedes encuentren el alojamiento ideal usando filtros como ubicaci\u00f3n, fechas, servicios y m\u00e1s. Es r\u00e1pido, intuitivo y est\u00e1 incluido por defecto en todos los sitios GuestWisely o como integraci\u00f3n para WordPress. <\/p>\n<\/div><\/div><\/div><\/div>\n<\/div>\n\n<div class=\"et_pb_column_8 et_pb_column et-last-child et_flex_column et_pb_css_mix_blend_mode_passthrough et_flex_column_24_24\">\n<div class=\"et_pb_image_3 et_pb_image et_pb_image_sticky et_animated et_pb_module et_flex_module\"><span class=\"et_pb_image_wrap\"><img loading=\"lazy\" decoding=\"async\" src=\"https:\/\/guestwisely.dev\/wp-content\/uploads\/2025\/06\/search-engine.png\" width=\"1000\" height=\"666\" srcset=\"https:\/\/guestwisely.dev\/wp-content\/uploads\/2025\/06\/search-engine.png 1000w, https:\/\/guestwisely.dev\/wp-content\/uploads\/2025\/06\/search-engine-980x653.png 980w, https:\/\/guestwisely.dev\/wp-content\/uploads\/2025\/06\/search-engine-480x320.png 480w\" sizes=\"(min-width: 0px) and (max-width: 480px) 480px, (min-width: 481px) and (max-width: 980px) 980px, (min-width: 981px) 1000px, 100vw\" class=\"wp-image-324\" \/><\/span><\/div>\n<\/div>\n<\/div>\n<\/div>\n\n<div class=\"et_pb_section_4 et_pb_section et_section_regular et_flex_section\">\n<div class=\"et_pb_row_5 et_pb_row et_flex_row\">\n<div class=\"et_pb_column_9 et_pb_column et_flex_column et_pb_css_mix_blend_mode_passthrough et_flex_column_24_24\">\n<div class=\"et_pb_image_4 et_pb_image et_pb_image_sticky et_animated et_pb_module et_flex_module\"><span class=\"et_pb_image_wrap\"><img loading=\"lazy\" decoding=\"async\" src=\"https:\/\/guestwisely.dev\/wp-content\/uploads\/2025\/06\/website-integration.png\" width=\"1000\" height=\"616\" srcset=\"https:\/\/guestwisely.dev\/wp-content\/uploads\/2025\/06\/website-integration.png 1000w, https:\/\/guestwisely.dev\/wp-content\/uploads\/2025\/06\/website-integration-980x604.png 980w, https:\/\/guestwisely.dev\/wp-content\/uploads\/2025\/06\/website-integration-480x296.png 480w\" sizes=\"(min-width: 0px) and (max-width: 480px) 480px, (min-width: 481px) and (max-width: 980px) 980px, (min-width: 981px) 1000px, 100vw\" class=\"wp-image-329\" \/><\/span><\/div>\n<\/div>\n\n<div class=\"et_pb_column_10 et_pb_column et-last-child et_flex_column et_pb_css_mix_blend_mode_passthrough et_flex_column_24_24\">\n<div class=\"et_pb_blurb_4 et_pb_blurb et_pb_bg_layout_light et_pb_text_align_left et_pb_blurb_position_top et_pb_module et_flex_module\"><div class=\"et_pb_blurb_content et_flex_module\"><div class=\"et_pb_main_blurb_image\"><span class=\"et_pb_image_wrap et_pb_only_image_mode_wrap\"><img loading=\"lazy\" decoding=\"async\" src=\"https:\/\/guestwisely.dev\/wp-content\/uploads\/2025\/06\/pms-integration-icon.png\" width=\"161\" height=\"150\" sizes=\"(max-width: 161px) 100vw, 161px\" class=\"et-waypoint et_pb_animation_top et_pb_animation_top_tablet et_pb_animation_top_phone wp-image-35543\" \/><\/span><\/div><div class=\"et_pb_blurb_container\"><h4 class=\"et_pb_module_header\">Integraci\u00f3n Fluida con tu PMS<\/h4><div class=\"et_pb_blurb_description\"><p data-start=\"1575\" data-end=\"1791\">A diferencia de los constructores gen\u00e9ricos, GuestWisely se conecta directamente a tu PMS. Esto garantiza actualizaciones en tiempo real de disponibilidad, precios y reglas, eliminando reservas dobles, sincronizaciones manuales y problemas con herramientas externas. <\/p>\n<\/div><\/div><\/div><\/div>\n<\/div>\n<\/div>\n<\/div>\n\n<div class=\"et_pb_section_5 et_pb_section et_section_regular et_block_section\">\n<div class=\"et_pb_row_6 et_pb_row et_pb_gutters3 et_block_row\">\n<div class=\"et_pb_column_11 et_pb_column et_pb_column_4_4 et-last-child et_block_column et_pb_css_mix_blend_mode_passthrough\">\n<div class=\"et_pb_heading_2 et_pb_heading et_pb_module et_flex_module\"><div class=\"et_pb_heading_container\"><h2 class=\"et_pb_module_header\">\u00bfQu\u00e9 Nos Hace Diferentes?<\/h2><\/div><\/div>\n\n<div class=\"et_pb_text_3 et_pb_text et_pb_bg_layout_light et_pb_module et_flex_module\"><div class=\"et_pb_text_inner\"><p>A diferencia de los constructores gen\u00e9ricos o los anuncios en OTAs, GuestWisely te ofrece un sitio web potente totalmente integrado con tu sistema de gesti\u00f3n. Eso significa disponibilidad, precios y reservas en tiempo real, sin depender de plugins externos ni soluciones improvisadas. <\/p>\n<\/div><\/div>\n<\/div>\n<\/div>\n\n<div class=\"et_pb_row_7 et_pb_row et_pb_row_1-2_1-4_1-4 et_pb_equal_columns et_pb_gutters2 et_block_row\">\n<div class=\"et_pb_column_12 et_pb_column et_pb_column_1_2 et_block_column et_pb_css_mix_blend_mode_passthrough\">\n<div class=\"et_pb_blurb_5 et_pb_blurb et_pb_bg_layout_light et_pb_text_align_left et_pb_blurb_position_top et_pb_module et_flex_module\"><div class=\"et_pb_blurb_content et_flex_module\"><div class=\"et_pb_blurb_container\"><h4 class=\"et_pb_module_header\">Dise\u00f1ado para Administradores Profesionales<\/h4><div class=\"et_pb_blurb_description\"><p>Creado espec\u00edficamente para gestionar carteras de m\u00faltiples propiedades, operaciones complejas y crecimiento empresarial real.<\/p>\n<\/div><\/div><\/div><\/div>\n\n<div class=\"et_pb_blurb_6 et_pb_blurb et_pb_bg_layout_light et_pb_text_align_left et_pb_blurb_position_top et_pb_module et_flex_module\"><div class=\"et_pb_blurb_content et_flex_module\"><div class=\"et_pb_blurb_container\"><h4 class=\"et_pb_module_header\">Una Plataforma Todo en Uno<\/h4><div class=\"et_pb_blurb_description\"><p>Gestiona todo tu negocio \u2014 desde reservas hasta contabilidad \u2014 en un sistema conectado.<\/p>\n<\/div><\/div><\/div><\/div>\n\n<div class=\"et_pb_blurb_7 et_pb_blurb et_pb_bg_layout_light et_pb_text_align_left et_pb_blurb_position_top et_pb_module et_flex_module\"><div class=\"et_pb_blurb_content et_flex_module\"><div class=\"et_pb_blurb_container\"><h4 class=\"et_pb_module_header\">Flexible, Personalizable y Preparado para Escalar<\/h4><div class=\"et_pb_blurb_description\"><p>Personaliza flujos, funciones e integraciones para crecer a tu ritmo, sin limitaciones.<\/p>\n<\/div><\/div><\/div><\/div>\n\n<div class=\"et_pb_blurb_8 et_pb_blurb et_pb_bg_layout_light et_pb_text_align_left et_pb_blurb_position_top et_pb_module et_flex_module\"><div class=\"et_pb_blurb_content et_flex_module\"><div class=\"et_pb_blurb_container\"><h4 class=\"et_pb_module_header\">Soporte Excepcional en Cada Paso<\/h4><div class=\"et_pb_blurb_description\"><p>Desde la implementaci\u00f3n hasta la asistencia 24\/7, somos tu socio de confianza en el \u00e9xito operativo.<\/p>\n<\/div><\/div><\/div><\/div>\n\n<div class=\"et_pb_module et_pb_button_module_wrapper et_pb_button_1_wrapper preset--module--divi-button--7etvbn1ri6_wrapper\"><a class=\"et_pb_button_1 et_pb_button et_pb_bg_layout_light et_pb_module et_flex_module preset--module--divi-button--7etvbn1ri6\" href=\"https:\/\/guestwisely.dev\/es\/software-gestion-propiedades\/\">Explora la Plataforma<\/a><\/div>\n<\/div>\n\n<div class=\"et_pb_column_13 et_pb_column et_pb_column_1_4 et_block_column et_pb_css_mix_blend_mode_passthrough\">\n<div class=\"et_pb_row_8 et_pb_row et-vb-row--no-module et_pb_gutters3 et_pb_row_nested et_block_row\">\n<div class=\"et_pb_column_14 et_pb_column et_pb_column_4_4 et-last-child et_block_column et_pb_column_empty et_pb_css_mix_blend_mode_passthrough\"><\/div>\n<\/div>\n<\/div>\n\n<div class=\"et_pb_column_15 et_pb_column et_pb_column_1_4 et-last-child et_block_column et_pb_css_mix_blend_mode_passthrough\">\n<div class=\"et_pb_row_9 et_pb_row et_pb_equal_columns et_pb_gutters3 et_pb_row_nested et_block_row\">\n<div class=\"et_pb_column_16 et_pb_column et_pb_column_4_4 et-last-child et_block_column et_pb_css_mix_blend_mode_passthrough\">\n<div class=\"et_pb_image_5 et_pb_image et_pb_module et_flex_module\"><span class=\"et_pb_image_wrap\"><img loading=\"lazy\" decoding=\"async\" src=\"https:\/\/guestwisely.dev\/wp-content\/uploads\/2025\/06\/cropped-GW-icon.png\" width=\"512\" height=\"512\" srcset=\"https:\/\/guestwisely.dev\/wp-content\/uploads\/2025\/06\/cropped-GW-icon.png 512w, https:\/\/guestwisely.dev\/wp-content\/uploads\/2025\/06\/cropped-GW-icon-480x480.png 480w\" sizes=\"(min-width: 0px) and (max-width: 480px) 480px, (min-width: 481px) 512px, 100vw\" class=\"wp-image-20\" \/><\/span><\/div>\n<\/div>\n<\/div>\n\n<div class=\"et_pb_row_10 et_pb_row et-vb-row--no-module et_pb_gutters3 et_pb_row_nested et_block_row\">\n<div class=\"et_pb_column_17 et_pb_column et_pb_column_4_4 et-last-child et_block_column et_pb_column_empty et_pb_css_mix_blend_mode_passthrough\"><\/div>\n<\/div>\n<\/div>\n<\/div>\n<\/div>\n\n<div class=\"et_pb_section_6 et_pb_section et_section_regular et_block_section\">\n<div class=\"et_pb_row_11 et_pb_row et_pb_gutters3 et_block_row\">\n<div class=\"et_pb_column_18 et_pb_column et_pb_column_4_4 et-last-child et_block_column et_pb_css_mix_blend_mode_passthrough\">\n<div class=\"et_pb_heading_3 et_pb_heading et_pb_module et_flex_module\"><div class=\"et_pb_heading_container\"><h2 class=\"et_pb_module_header\">Preguntas Frecuentes<\/h2><\/div><\/div>\n\n<div class=\"et_pb_text_4 et_pb_text et_pb_bg_layout_light et_pb_module et_flex_module\"><div class=\"et_pb_text_inner\"><p>Todo lo que necesitas saber antes de lanzar tu sitio con GuestWisely<\/p>\n<\/div><\/div>\n<\/div>\n<\/div>\n\n<div class=\"et_pb_row_12 et_pb_row et_pb_gutters3 et_block_row\">\n<div class=\"et_pb_column_19 et_pb_column et_pb_column_4_4 et-last-child et_block_column et_pb_css_mix_blend_mode_passthrough\">\n<div class=\"et_pb_accordion_0 et_pb_accordion et_pb_module et_block_module\">\n<div class=\"et_pb_accordion_item_0 et_pb_accordion_item et_pb_toggle et_pb_module et_pb_toggle_open et_flex_module\"><h3 class=\"et_pb_toggle_title\">\u00bfPuedo conectar GuestWisely a mi sitio de WordPress existente?<\/h3><div class=\"et_pb_toggle_content et_flex_module\"><p>S\u00ed, por supuesto. GuestWisely ofrece un plugin para WordPress que te permite integrar tanto el motor de reservas como la b\u00fasqueda de propiedades directamente en tu sitio actual. Ya uses Divi, Elementor u otro constructor, puedes mantener tu dise\u00f1o actual con todas las ventajas de la sincronizaci\u00f3n en tiempo real.  <\/p>\n<\/div><\/div>\n\n<div class=\"et_pb_accordion_item_1 et_pb_accordion_item et_pb_toggle et_pb_module et_pb_toggle_close et_flex_module\"><h3 class=\"et_pb_toggle_title\">\u00bfEsto es solo una plantilla o un sistema completo?<\/h3><div class=\"et_pb_toggle_content et_flex_module\"><p>Es mucho m\u00e1s que una plantilla. Aunque puedes elegir entre temas visualmente atractivos, cada sitio est\u00e1 totalmente integrado con el PMS de GuestWisely. Esto incluye sincronizaci\u00f3n de calendarios, precios din\u00e1micos, comunicaci\u00f3n automatizada, l\u00f3gica de reservas y venta de extras. Es una soluci\u00f3n completa desde el primer d\u00eda.   <\/p>\n<\/div><\/div>\n\n<div class=\"et_pb_accordion_item_2 et_pb_accordion_item et_pb_toggle et_pb_module et_pb_toggle_close et_flex_module\"><h3 class=\"et_pb_toggle_title\">\u00bfEl sistema sirve para negocios con m\u00faltiples propiedades o ubicaciones?<\/h3><div class=\"et_pb_toggle_content et_flex_module\"><p>S\u00ed. El sitio y el motor de reservas de GuestWisely est\u00e1n dise\u00f1ados para escalar. Ya administres unos pocos apartamentos o cientos de propiedades en distintas regiones, nuestro sistema permite filtros avanzados, anuncios m\u00faltiples y agrupaci\u00f3n de unidades. Los hu\u00e9spedes pueden encontrar f\u00e1cilmente el alojamiento ideal por disponibilidad, servicios, ubicaci\u00f3n o categor\u00eda.   <\/p>\n<\/div><\/div>\n\n<div class=\"et_pb_accordion_item_3 et_pb_accordion_item et_pb_toggle et_pb_module et_pb_toggle_close et_flex_module\"><h3 class=\"et_pb_toggle_title\">\u00bfPuedo personalizar el motor de reservas con mi marca?<\/h3><div class=\"et_pb_toggle_content et_flex_module\"><p>S\u00ed. Ofrecemos cinco dise\u00f1os distintos para el motor de reservas, todos personalizables en dise\u00f1o, color, idioma y campos. Puedes adaptar el estilo visual a tu marca, ya uses un tema de GuestWisely o lo integres a tu sitio existente. Tambi\u00e9n puedes configurar reservas instant\u00e1neas o solicitudes de presupuesto.   <\/p>\n<\/div><\/div>\n\n<div class=\"et_pb_accordion_item_4 et_pb_accordion_item et_pb_toggle et_pb_module et_pb_toggle_close et_flex_module\"><h3 class=\"et_pb_toggle_title\">\u00bfEl sitio es compatible con m\u00f3viles y optimizado para SEO?<\/h3><div class=\"et_pb_toggle_content et_flex_module\"><p>Totalmente. Todos los sitios de GuestWisely son responsive y funcionan perfectamente en m\u00f3vil, tablet y ordenador. En cuanto a SEO, est\u00e1n optimizados con c\u00f3digo limpio, carga r\u00e1pida, URLs amigables, metadatos personalizables, schema markup y optimizaci\u00f3n de im\u00e1genes \u2014 todo lo necesario para posicionarte mejor y atraer m\u00e1s reservas directas.  <\/p>\n<\/div><\/div>\n\n<div class=\"et_pb_accordion_item_5 et_pb_accordion_item et_pb_toggle et_pb_module et_pb_toggle_close et_flex_module\"><h3 class=\"et_pb_toggle_title\">\u00bfPuedo ofrecer extras como limpieza, check-in anticipado o traslados?<\/h3><div class=\"et_pb_toggle_content et_flex_module\"><p>S\u00ed. Puedes configurar extras y ventas adicionales directamente en el motor de reservas. Estos pueden ofrecerse durante el proceso de reserva o despu\u00e9s, con reglas de precio por propiedad. Es una excelente forma de aumentar tus ingresos por hu\u00e9sped ofreciendo m\u00e1s comodidad.   <\/p>\n<\/div><\/div>\n<\/div>\n<\/div>\n<\/div>\n<\/div>\n\n<div class=\"et_pb_section_7 et_pb_section et_section_regular et_block_section\">\n<div class=\"et_pb_row_13 et_pb_row et_pb_gutters3 et_block_row\">\n<div class=\"et_pb_column_20 et_pb_column et_pb_column_4_4 et-last-child et_block_column et_pb_css_mix_blend_mode_passthrough\">\n<div class=\"et_pb_heading_4 et_pb_heading et_pb_module et_flex_module\"><div class=\"et_pb_heading_container\"><h2 class=\"et_pb_module_header\">Toma el Control de Tus Reservas \u2014 y de tu Marca<\/h2><\/div><\/div>\n\n<div class=\"et_pb_text_5 et_pb_text et_pb_bg_layout_dark et_pb_module et_flex_module\"><div class=\"et_pb_text_inner\"><p>Lanza un sitio web integrado y optimizado para convertir m\u00e1s reservas directas y mantener el control de tu negocio \u2014 sin depender de las OTAs.<\/p>\n<\/div><\/div>\n\n<div class=\"et_pb_module et_pb_button_module_wrapper et_pb_button_2_wrapper preset--module--divi-button--uwhe67bdsz_wrapper\"><a class=\"et_pb_button_2 et_pb_button et_pb_bg_layout_light et_pb_module et_flex_module preset--module--divi-button--uwhe67bdsz\" href=\"https:\/\/guestwisely.dev\/es\/reserva-una-demo\/\">Empieza ahora<\/a><\/div>\n<\/div>\n<\/div>\n<\/div>","protected":false},"excerpt":{"rendered":"","protected":false},"author":4,"featured_media":0,"parent":0,"menu_order":18,"comment_status":"closed","ping_status":"closed","template":"","meta":{"footnotes":"","_wp_rev_ctl_limit":""},"class_list":["post-38681","page","type-page","status-publish","hentry"],"_links":{"self":[{"href":"https:\/\/guestwisely.dev\/es\/wp-json\/wp\/v2\/pages\/38681","targetHints":{"allow":["GET"]}}],"collection":[{"href":"https:\/\/guestwisely.dev\/es\/wp-json\/wp\/v2\/pages"}],"about":[{"href":"https:\/\/guestwisely.dev\/es\/wp-json\/wp\/v2\/types\/page"}],"author":[{"embeddable":true,"href":"https:\/\/guestwisely.dev\/es\/wp-json\/wp\/v2\/users\/4"}],"replies":[{"embeddable":true,"href":"https:\/\/guestwisely.dev\/es\/wp-json\/wp\/v2\/comments?post=38681"}],"version-history":[{"count":11,"href":"https:\/\/guestwisely.dev\/es\/wp-json\/wp\/v2\/pages\/38681\/revisions"}],"predecessor-version":[{"id":239862,"href":"https:\/\/guestwisely.dev\/es\/wp-json\/wp\/v2\/pages\/38681\/revisions\/239862"}],"wp:attachment":[{"href":"https:\/\/guestwisely.dev\/es\/wp-json\/wp\/v2\/media?parent=38681"}],"curies":[{"name":"wp","href":"https:\/\/api.w.org\/{rel}","templated":true}]}}