{"id":38688,"date":"2025-07-08T10:19:02","date_gmt":"2025-07-08T10:19:02","guid":{"rendered":"https:\/\/guestwisely.dev\/crm-y-automatizacion\/"},"modified":"2025-09-09T04:56:12","modified_gmt":"2025-09-09T04:56:12","slug":"crm-y-marketing","status":"publish","type":"page","link":"https:\/\/guestwisely.dev\/es\/crm-y-marketing\/","title":{"rendered":"CRM &amp; Marketing"},"content":{"rendered":"<div class=\"et_pb_section_0 et_pb_section et_section_regular et_block_section\">\n<div class=\"et_pb_row_0 et_pb_row et_pb_equal_columns et_pb_gutters1 et_block_row\">\n<div class=\"et_pb_column_0 et_pb_column et_pb_column_4_4 et-last-child et_block_column et_pb_css_mix_blend_mode_passthrough\">\n<div class=\"et_pb_text_0 et_pb_text et_pb_bg_layout_light et_pb_module et_flex_module\"><div class=\"et_pb_text_inner\" data-et-mv-hidden-phone=\"true\"><p style=\"text-align: center;\">CRM &amp; Marketing<\/p>\n<\/div><\/div>\n\n<div class=\"et_pb_heading_0 et_pb_heading et_pb_module et_flex_module\"><div class=\"et_pb_heading_container\"><h1 class=\"et_pb_module_header\">Convierte Consultas en Reservas Autom\u00e1ticamente <\/h1><\/div><\/div>\n\n<div class=\"et_pb_text_1 et_pb_text et_pb_bg_layout_light et_pb_module et_flex_module\"><div class=\"et_pb_text_inner\"><p style=\"text-align: center;\">Captura contactos, fortalece la relaci\u00f3n con tus hu\u00e9spedes y haz seguimiento sin esfuerzo manual. El CRM y las herramientas de marketing integrados de GuestWisely te ayudan a aumentar conversiones y mantener la conexi\u00f3n en cada etapa. <\/p>\n<\/div><\/div>\n\n<div class=\"et_pb_module et_pb_button_module_wrapper et_pb_button_0_wrapper\"><a class=\"et_pb_button_0 et_pb_button et_pb_bg_layout_light et_pb_module et_flex_module\" href=\"https:\/\/guestwisely.dev\/es\/reserva-una-demo\/\">Empieza ahora<\/a><\/div>\n\n<div class=\"et_pb_image_0 et_pb_image et_pb_module et_flex_module\"><span class=\"et_pb_image_wrap\"><img loading=\"lazy\" decoding=\"async\" src=\"https:\/\/guestwisely.dev\/wp-content\/uploads\/2025\/07\/marketing-crm-main.png\" width=\"1000\" height=\"588\" srcset=\"https:\/\/guestwisely.dev\/wp-content\/uploads\/2025\/07\/marketing-crm-main.png 1000w, https:\/\/guestwisely.dev\/wp-content\/uploads\/2025\/07\/marketing-crm-main-980x576.png 980w, https:\/\/guestwisely.dev\/wp-content\/uploads\/2025\/07\/marketing-crm-main-480x282.png 480w\" sizes=\"(min-width: 0px) and (max-width: 480px) 480px, (min-width: 481px) and (max-width: 980px) 980px, (min-width: 981px) 1000px, 100vw\" class=\"wp-image-37938\" \/><\/span><\/div>\n<\/div>\n<\/div>\n<\/div>\n\n<div class=\"et_pb_section_1 et_pb_section et_section_regular et_block_section\">\n<div class=\"et_pb_row_1 et_pb_row et_pb_equal_columns et_pb_gutters1 et_block_row\"><div class=\"et_pb_column_1 et_pb_column et_pb_column_1_2 et_flex_column et_pb_css_mix_blend_mode_passthrough\"><div class=\"et_pb_image_1 et_pb_image et_pb_module et_flex_module\"><span class=\"et_pb_image_wrap\"><img loading=\"lazy\" decoding=\"async\" src=\"https:\/\/guestwisely.dev\/wp-content\/uploads\/2025\/07\/airbnb25-partner-logo2.png\" width=\"300\" height=\"130\" sizes=\"(max-width: 300px) 100vw, 300px\" class=\"wp-image-36775\" \/><\/span><\/div><\/div><div class=\"et_pb_column_2 et_pb_column et_pb_column_1_2 et-last-child et_flex_column et_pb_css_mix_blend_mode_passthrough\"><div class=\"et_pb_image_2 et_pb_image et_pb_module et_flex_module\"><span class=\"et_pb_image_wrap\"><img loading=\"lazy\" decoding=\"async\" src=\"https:\/\/guestwisely.dev\/wp-content\/uploads\/2025\/07\/vrbo25-partner-logo-bw.png\" width=\"300\" height=\"130\" sizes=\"(max-width: 300px) 100vw, 300px\" class=\"wp-image-38376\" \/><\/span><\/div><\/div><\/div>\n\n<div class=\"et_pb_row_2 et_pb_row et_pb_gutters3 et_block_row et_animated\">\n<div class=\"et_pb_column_3 et_pb_column et_pb_column_4_4 et-last-child et_block_column et_pb_css_mix_blend_mode_passthrough\">\n<div class=\"et_pb_heading_1 et_pb_heading et_pb_module et_flex_module\"><div class=\"et_pb_heading_container\"><h2 class=\"et_pb_module_header\">Haz Seguimiento M\u00e1s R\u00e1pido y Convierte M\u00e1s Hu\u00e9spedes<\/h2><\/div><\/div>\n\n<div class=\"et_pb_text_2 et_pb_text et_pb_bg_layout_light et_pb_module et_flex_module\"><div class=\"et_pb_text_inner\" data-et-mv-hidden-phone=\"true\"><p data-start=\"338\" data-end=\"829\">Perseguir manualmente a cada contacto o gestionar herramientas desconectadas ralentiza tu operaci\u00f3n y te hace perder reservas. El CRM de GuestWisely centraliza los datos de los hu\u00e9spedes, automatiza correos y da seguimiento a los interesados de forma autom\u00e1tica, para que puedas convertir m\u00e1s r\u00e1pido y ofrecer mejores experiencias sin mover un dedo. <\/p>\n<\/div><\/div>\n<\/div>\n<\/div>\n<\/div>\n\n<div class=\"et_pb_section_2 et_pb_section et_section_regular et_block_section\">\n<div class=\"et_pb_row_3 et_pb_row et_pb_equal_columns et_pb_gutters3 et_block_row\">\n<div class=\"et_pb_column_4 et_pb_column et_pb_column_1_3 et_block_column et_pb_css_mix_blend_mode_passthrough\">\n<div class=\"et_pb_group_0 et_pb_group et-last-child et_pb_module et_pb_css_mix_blend_mode_passthrough\">\n<div class=\"et_pb_blurb_0 et_pb_blurb et_pb_bg_layout_light et_pb_text_align_left et_pb_blurb_position_top et_pb_module et_flex_module preset--module--divi-blurb--r8dwj2r6u5\"><div class=\"et_pb_blurb_content et_flex_module\"><div class=\"et_pb_main_blurb_image\"><span class=\"et_pb_image_wrap et_pb_only_image_mode_wrap\"><img loading=\"lazy\" decoding=\"async\" src=\"https:\/\/guestwisely.dev\/wp-content\/uploads\/2025\/07\/guest-crm-icon.png\" width=\"104\" height=\"103\" sizes=\"(max-width: 104px) 100vw, 104px\" class=\"et-waypoint et_pb_animation_top et_pb_animation_top_tablet et_pb_animation_top_phone wp-image-36786\" \/><\/span><\/div><div class=\"et_pb_blurb_container\"><h4 class=\"et_pb_module_header\">CRM de Hu\u00e9spedes Centralizado<\/h4><div class=\"et_pb_blurb_description\"><p>Haz seguimiento de cada hu\u00e9sped y consulta en una base de datos organizada. Visualiza estancias anteriores, preferencias e historial de comunicaci\u00f3n para personalizar la experiencia y fomentar reservas repetidas. <\/p>\n<\/div><\/div><\/div><\/div>\n<\/div>\n<\/div>\n\n<div class=\"et_pb_column_5 et_pb_column et_pb_column_1_3 et_block_column et_pb_css_mix_blend_mode_passthrough\">\n<div class=\"et_pb_group_1 et_pb_group et-last-child et_pb_module et_pb_css_mix_blend_mode_passthrough\">\n<div class=\"et_pb_group_2 et_pb_group et-last-child et_pb_module et_pb_css_mix_blend_mode_passthrough\">\n<div class=\"et_pb_blurb_1 et_pb_blurb et_pb_bg_layout_light et_pb_text_align_left et_pb_blurb_position_top et_pb_module et_flex_module preset--module--divi-blurb--r8dwj2r6u5\"><div class=\"et_pb_blurb_content et_flex_module\"><div class=\"et_pb_main_blurb_image\"><span class=\"et_pb_image_wrap et_pb_only_image_mode_wrap\"><img loading=\"lazy\" decoding=\"async\" src=\"https:\/\/guestwisely.dev\/wp-content\/uploads\/2025\/07\/quote-chaser-icon.png\" width=\"104\" height=\"103\" sizes=\"(max-width: 104px) 100vw, 104px\" class=\"et-waypoint et_pb_animation_top et_pb_animation_top_tablet et_pb_animation_top_phone wp-image-36791\" \/><\/span><\/div><div class=\"et_pb_blurb_container\"><h4 class=\"et_pb_module_header\">Seguimientos Automatizados y Quote Chaser<\/h4><div class=\"et_pb_blurb_description\"><p>Responde consultas con correos personalizados de forma instant\u00e1nea y automatiza los seguimientos. Nuestra funci\u00f3n Quote Chaser mantiene la conversaci\u00f3n activa y recupera hu\u00e9spedes potenciales sin trabajo adicional. <\/p>\n<\/div><\/div><\/div><\/div>\n<\/div>\n<\/div>\n<\/div>\n\n<div class=\"et_pb_column_6 et_pb_column et_pb_column_1_3 et-last-child et_block_column et_pb_css_mix_blend_mode_passthrough\">\n<div class=\"et_pb_group_3 et_pb_group et-last-child et_pb_module et_pb_css_mix_blend_mode_passthrough\">\n<div class=\"et_pb_blurb_2 et_pb_blurb et_pb_bg_layout_light et_pb_text_align_left et_pb_blurb_position_top et_pb_module et_flex_module preset--group--divi-blurb--divi-spacing--jh6edck9gn preset--module--divi-blurb--r8dwj2r6u5\"><div class=\"et_pb_blurb_content et_flex_module\"><div class=\"et_pb_main_blurb_image\"><span class=\"et_pb_image_wrap et_pb_only_image_mode_wrap\"><img loading=\"lazy\" decoding=\"async\" src=\"https:\/\/guestwisely.dev\/wp-content\/uploads\/2025\/07\/custom-emails-icon.png\" width=\"90\" height=\"99\" sizes=\"(max-width: 90px) 100vw, 90px\" class=\"et-waypoint et_pb_animation_top et_pb_animation_top_tablet et_pb_animation_top_phone wp-image-36796\" \/><\/span><\/div><div class=\"et_pb_blurb_container\"><h4 class=\"et_pb_module_header\">Plantillas Personalizadas y Campa\u00f1as<\/h4><div class=\"et_pb_blurb_description\"><p>Crea plantillas de correo con tu marca para cotizaciones, confirmaciones, rese\u00f1as y m\u00e1s. Establece reglas y disparadores para cada env\u00edo, y deja que el sistema lo haga por ti. <\/p>\n<\/div><\/div><\/div><\/div>\n<\/div>\n<\/div>\n<\/div>\n<\/div>\n\n<div class=\"et_pb_section_3 et_pb_section et_section_regular et_flex_section\">\n<div class=\"et_pb_row_4 et_pb_row et_flex_row\">\n<div class=\"et_pb_column_7 et_pb_column et_flex_column et_pb_css_mix_blend_mode_passthrough et_flex_column_24_24\">\n<div class=\"et_pb_blurb_3 et_pb_blurb et_pb_bg_layout_light et_pb_text_align_left et_pb_blurb_position_top et_pb_module et_flex_module\"><div class=\"et_pb_blurb_content et_flex_module\"><div class=\"et_pb_main_blurb_image\"><span class=\"et_pb_image_wrap et_pb_only_image_mode_wrap\"><img loading=\"lazy\" decoding=\"async\" src=\"https:\/\/guestwisely.dev\/wp-content\/uploads\/2025\/07\/lead-capture-icon.png\" width=\"105\" height=\"96\" sizes=\"(max-width: 105px) 100vw, 105px\" class=\"et-waypoint et_pb_animation_top et_pb_animation_top_tablet et_pb_animation_top_phone wp-image-36803\" \/><\/span><\/div><div class=\"et_pb_blurb_container\"><h4 class=\"et_pb_module_header\">Captura de Leads Desde Todos los Canales<\/h4><div class=\"et_pb_blurb_description\"><p data-start=\"1280\" data-end=\"1531\">Captura y almacena datos de hu\u00e9spedes desde consultas directas, reservas en OTAs y tu sitio web sin complicaciones. No m\u00e1s contactos perdidos ni conversaciones dispersas. <\/p>\n<\/div><\/div><\/div><\/div>\n<\/div>\n\n<div class=\"et_pb_column_8 et_pb_column et-last-child et_flex_column et_pb_css_mix_blend_mode_passthrough et_flex_column_24_24\">\n<div class=\"et_pb_image_3 et_pb_image et_pb_image_sticky et_animated et_pb_module et_flex_module\"><span class=\"et_pb_image_wrap\"><img loading=\"lazy\" decoding=\"async\" src=\"https:\/\/guestwisely.dev\/wp-content\/uploads\/2025\/07\/contact-database.png\" width=\"800\" height=\"571\" srcset=\"https:\/\/guestwisely.dev\/wp-content\/uploads\/2025\/07\/contact-database.png 800w, https:\/\/guestwisely.dev\/wp-content\/uploads\/2025\/07\/contact-database-480x343.png 480w\" sizes=\"(min-width: 0px) and (max-width: 480px) 480px, (min-width: 481px) 800px, 100vw\" class=\"wp-image-37933\" \/><\/span><\/div>\n<\/div>\n<\/div>\n<\/div>\n\n<div class=\"et_pb_section_4 et_pb_section et_section_regular et_flex_section\">\n<div class=\"et_pb_row_5 et_pb_row et_flex_row\">\n<div class=\"et_pb_column_9 et_pb_column et_flex_column et_pb_css_mix_blend_mode_passthrough et_flex_column_24_24\">\n<div class=\"et_pb_image_4 et_pb_image et_pb_image_sticky et_animated et_pb_module et_flex_module\"><span class=\"et_pb_image_wrap\"><img loading=\"lazy\" decoding=\"async\" src=\"https:\/\/guestwisely.dev\/wp-content\/uploads\/2025\/07\/email-gdpr.png\" width=\"800\" height=\"726\" srcset=\"https:\/\/guestwisely.dev\/wp-content\/uploads\/2025\/07\/email-gdpr.png 800w, https:\/\/guestwisely.dev\/wp-content\/uploads\/2025\/07\/email-gdpr-480x436.png 480w\" sizes=\"(min-width: 0px) and (max-width: 480px) 480px, (min-width: 481px) 800px, 100vw\" class=\"wp-image-37928\" \/><\/span><\/div>\n<\/div>\n\n<div class=\"et_pb_column_10 et_pb_column et-last-child et_flex_column et_pb_css_mix_blend_mode_passthrough et_flex_column_24_24\">\n<div class=\"et_pb_blurb_4 et_pb_blurb et_pb_bg_layout_light et_pb_text_align_left et_pb_blurb_position_top et_pb_module et_flex_module\"><div class=\"et_pb_blurb_content et_flex_module\"><div class=\"et_pb_main_blurb_image\"><span class=\"et_pb_image_wrap et_pb_only_image_mode_wrap\"><img loading=\"lazy\" decoding=\"async\" src=\"https:\/\/guestwisely.dev\/wp-content\/uploads\/2025\/07\/gdpr-icon.png\" width=\"97\" height=\"96\" sizes=\"(max-width: 97px) 100vw, 97px\" class=\"et-waypoint et_pb_animation_top et_pb_animation_top_tablet et_pb_animation_top_phone wp-image-36808\" \/><\/span><\/div><div class=\"et_pb_blurb_container\"><h4 class=\"et_pb_module_header\">Automatizaci\u00f3n Compatible con el RGPD<\/h4><div class=\"et_pb_blurb_description\"><p data-start=\"1575\" data-end=\"1791\">Env\u00eda campa\u00f1as de marketing con total tranquilidad. Con consentimiento integrado y controles de baja autom\u00e1ticos, te aseguras de cumplir la normativa mientras haces crecer tu audiencia. <\/p>\n<\/div><\/div><\/div><\/div>\n<\/div>\n<\/div>\n<\/div>\n\n<div class=\"et_pb_section_5 et_pb_section et_section_regular et_block_section\">\n<div class=\"et_pb_row_6 et_pb_row et_pb_gutters3 et_block_row\">\n<div class=\"et_pb_column_11 et_pb_column et_pb_column_4_4 et-last-child et_block_column et_pb_css_mix_blend_mode_passthrough\">\n<div class=\"et_pb_heading_2 et_pb_heading et_pb_module et_flex_module\"><div class=\"et_pb_heading_container\"><h2 class=\"et_pb_module_header\">\u00bfQu\u00e9 Nos Hace Diferentes?<\/h2><\/div><\/div>\n\n<div class=\"et_pb_text_3 et_pb_text et_pb_bg_layout_light et_pb_module et_flex_module\"><div class=\"et_pb_text_inner\"><p>La mayor\u00eda de PMS requieren integraciones externas para CRM o automatizaci\u00f3n de correos. GuestWisely lo incluye todo en un sistema conectado, para que trabajes m\u00e1s r\u00e1pido, conviertas m\u00e1s y simplifiques tu stack tecnol\u00f3gico.<\/p>\n<\/div><\/div>\n<\/div>\n<\/div>\n\n<div class=\"et_pb_row_7 et_pb_row et_pb_row_1-2_1-4_1-4 et_pb_equal_columns et_pb_gutters2 et_block_row\">\n<div class=\"et_pb_column_12 et_pb_column et_pb_column_1_2 et_block_column et_pb_css_mix_blend_mode_passthrough\">\n<div class=\"et_pb_blurb_5 et_pb_blurb et_pb_bg_layout_light et_pb_text_align_left et_pb_blurb_position_top et_pb_module et_flex_module\"><div class=\"et_pb_blurb_content et_flex_module\"><div class=\"et_pb_blurb_container\"><h4 class=\"et_pb_module_header\">Seguimiento Automatizado Integrado<\/h4><div class=\"et_pb_blurb_description\"><p>Quote Chaser y respuestas autom\u00e1ticas mantienen tu embudo en movimiento. Sin herramientas adicionales ni cuentas extra. <\/p>\n<\/div><\/div><\/div><\/div>\n\n<div class=\"et_pb_blurb_6 et_pb_blurb et_pb_bg_layout_light et_pb_text_align_left et_pb_blurb_position_top et_pb_module et_flex_module\"><div class=\"et_pb_blurb_content et_flex_module\"><div class=\"et_pb_blurb_container\"><h4 class=\"et_pb_module_header\">Historial Completo del Hu\u00e9sped al Instante<\/h4><div class=\"et_pb_blurb_description\"><p>Accede r\u00e1pidamente a mensajes, reservas, datos de contacto y preferencias desde una \u00fanica interfaz clara.<\/p>\n<\/div><\/div><\/div><\/div>\n\n<div class=\"et_pb_blurb_7 et_pb_blurb et_pb_bg_layout_light et_pb_text_align_left et_pb_blurb_position_top et_pb_module et_flex_module\"><div class=\"et_pb_blurb_content et_flex_module\"><div class=\"et_pb_blurb_container\"><h4 class=\"et_pb_module_header\">Sin Necesidad de Plataformas de Email Externas<\/h4><div class=\"et_pb_blurb_description\"><p data-start=\"3093\" data-end=\"3194\">Env\u00eda correos automatizados y con tu marca directamente desde GuestWisely, con control total sobre el contenido y el momento del env\u00edo.<\/p>\n<\/div><\/div><\/div><\/div>\n\n<div class=\"et_pb_blurb_8 et_pb_blurb et_pb_bg_layout_light et_pb_text_align_left et_pb_blurb_position_top et_pb_module et_flex_module\"><div class=\"et_pb_blurb_content et_flex_module\"><div class=\"et_pb_blurb_container\"><h4 class=\"et_pb_module_header\">Marketing simplificado<\/h4><div class=\"et_pb_blurb_description\"><p>Construye confianza y fomenta estancias repetidas con campa\u00f1as inteligentes que funcionan en segundo plano.<\/p>\n<\/div><\/div><\/div><\/div>\n\n<div class=\"et_pb_module et_pb_button_module_wrapper et_pb_button_1_wrapper preset--module--divi-button--7etvbn1ri6_wrapper\"><a class=\"et_pb_button_1 et_pb_button et_pb_bg_layout_light et_pb_module et_flex_module preset--module--divi-button--7etvbn1ri6\" href=\"https:\/\/guestwisely.dev\/es\/software-gestion-propiedades\/\">Explora la Plataforma<\/a><\/div>\n<\/div>\n\n<div class=\"et_pb_column_13 et_pb_column et_pb_column_1_4 et_block_column et_pb_css_mix_blend_mode_passthrough\">\n<div class=\"et_pb_row_8 et_pb_row et-vb-row--no-module et_pb_gutters3 et_pb_row_nested et_block_row\">\n<div class=\"et_pb_column_14 et_pb_column et_pb_column_4_4 et-last-child et_block_column et_pb_column_empty et_pb_css_mix_blend_mode_passthrough\"><\/div>\n<\/div>\n\n<div class=\"et_pb_row_9 et_pb_row et_pb_equal_columns et_pb_gutters3 et_pb_row_nested et_block_row\">\n<div class=\"et_pb_column_15 et_pb_column et_pb_column_4_4 et-last-child et_block_column et_pb_css_mix_blend_mode_passthrough\">\n<div class=\"et_pb_image_5 et_pb_image et_pb_module et_flex_module\"><span class=\"et_pb_image_wrap\"><img loading=\"lazy\" decoding=\"async\" src=\"https:\/\/guestwisely.dev\/wp-content\/uploads\/2025\/06\/cropped-GW-icon.png\" width=\"512\" height=\"512\" srcset=\"https:\/\/guestwisely.dev\/wp-content\/uploads\/2025\/06\/cropped-GW-icon.png 512w, https:\/\/guestwisely.dev\/wp-content\/uploads\/2025\/06\/cropped-GW-icon-480x480.png 480w\" sizes=\"(min-width: 0px) and (max-width: 480px) 480px, (min-width: 481px) 512px, 100vw\" class=\"wp-image-20\" \/><\/span><\/div>\n<\/div>\n<\/div>\n<\/div>\n\n<div class=\"et_pb_column_16 et_pb_column et_pb_column_1_4 et-last-child et_block_column et_pb_css_mix_blend_mode_passthrough\">\n<div class=\"et_pb_row_10 et_pb_row et-vb-row--no-module et_pb_gutters3 et_pb_row_nested et_block_row\">\n<div class=\"et_pb_column_17 et_pb_column et_pb_column_4_4 et-last-child et_block_column et_pb_column_empty et_pb_css_mix_blend_mode_passthrough\"><\/div>\n<\/div>\n<\/div>\n<\/div>\n<\/div>\n\n<div class=\"et_pb_section_6 et_pb_section et_section_regular et_block_section\">\n<div class=\"et_pb_row_11 et_pb_row et_pb_gutters3 et_block_row\">\n<div class=\"et_pb_column_18 et_pb_column et_pb_column_4_4 et-last-child et_block_column et_pb_css_mix_blend_mode_passthrough\">\n<div class=\"et_pb_heading_3 et_pb_heading et_pb_module et_flex_module\"><div class=\"et_pb_heading_container\"><h2 class=\"et_pb_module_header\">Preguntas Frecuentes<\/h2><\/div><\/div>\n\n<div class=\"et_pb_text_4 et_pb_text et_pb_bg_layout_light et_pb_module et_flex_module\"><div class=\"et_pb_text_inner\"><p>Tus preguntas m\u00e1s importantes sobre las funciones de CRM y Automatizaci\u00f3n<\/p>\n<\/div><\/div>\n<\/div>\n<\/div>\n\n<div class=\"et_pb_row_12 et_pb_row et_pb_gutters3 et_block_row\">\n<div class=\"et_pb_column_19 et_pb_column et_pb_column_4_4 et-last-child et_block_column et_pb_css_mix_blend_mode_passthrough\">\n<div class=\"et_pb_accordion_0 et_pb_accordion et_pb_module et_block_module\">\n<div class=\"et_pb_accordion_item_0 et_pb_accordion_item et_pb_toggle et_pb_module et_pb_toggle_open et_flex_module\"><h3 class=\"et_pb_toggle_title\">\u00bfNecesito una herramienta de email marketing aparte?<\/h3><div class=\"et_pb_toggle_content et_flex_module\"><p data-start=\"3803\" data-end=\"4047\">No. GuestWisely incluye potentes herramientas de automatizaci\u00f3n y CRM en un solo sistema. Puedes crear plantillas, establecer disparadores y gestionar la comunicaci\u00f3n con tus hu\u00e9spedes sin usar plataformas externas.  <\/p>\n<\/div><\/div>\n\n<div class=\"et_pb_accordion_item_1 et_pb_accordion_item et_pb_toggle et_pb_module et_pb_toggle_close et_flex_module\"><h3 class=\"et_pb_toggle_title\">\u00bfC\u00f3mo funciona el Quote Chaser?<\/h3><div class=\"et_pb_toggle_content et_flex_module\"><p>Cuando un hu\u00e9sped recibe una cotizaci\u00f3n pero no reserva, el sistema env\u00eda autom\u00e1ticamente seguimientos por correo con contenido personalizado. Puedes definir la cantidad de mensajes, su frecuencia y el texto. <\/p>\n<\/div><\/div>\n\n<div class=\"et_pb_accordion_item_2 et_pb_accordion_item et_pb_toggle et_pb_module et_pb_toggle_close et_flex_module\"><h3 class=\"et_pb_toggle_title\">\u00bfPuedo ver el historial completo de un hu\u00e9sped en un solo lugar?<\/h3><div class=\"et_pb_toggle_content et_flex_module\"><p data-start=\"4390\" data-end=\"4596\">S\u00ed. Cada perfil incluye historial de reservas, mensajes, preferencias e interacciones por correo \u2014 ideal para personalizar y fidelizar. <\/p>\n<\/div><\/div>\n\n<div class=\"et_pb_accordion_item_3 et_pb_accordion_item et_pb_toggle et_pb_module et_pb_toggle_close et_flex_module\"><h3 class=\"et_pb_toggle_title\">\u00bfEl sistema de correos de GuestWisely cumple con el RGPD?<\/h3><div class=\"et_pb_toggle_content et_flex_module\"><p>S\u00ed. Incluye seguimiento de consentimiento, opciones de baja y herramientas para gestionar solicitudes de datos, permiti\u00e9ndote hacer marketing cumpliendo con la normativa. <\/p>\n<\/div><\/div>\n<\/div>\n<\/div>\n<\/div>\n<\/div>\n\n<div class=\"et_pb_section_7 et_pb_section et_section_regular et_block_section\">\n<div class=\"et_pb_row_13 et_pb_row et_pb_gutters3 et_block_row\">\n<div class=\"et_pb_column_20 et_pb_column et_pb_column_4_4 et-last-child et_block_column et_pb_css_mix_blend_mode_passthrough\">\n<div class=\"et_pb_heading_4 et_pb_heading et_pb_module et_flex_module\"><div class=\"et_pb_heading_container\"><h2 class=\"et_pb_module_header\">Automatiza el Seguimiento. Asegura la Reserva. \n\n<\/h2><\/div><\/div>\n\n<div class=\"et_pb_text_5 et_pb_text et_pb_bg_layout_dark et_pb_module et_flex_module\"><div class=\"et_pb_text_inner\"><p>Con las herramientas de CRM y marketing de GuestWisely, puede aumentar las conversiones y fidelizar a sus hu\u00e9spedes sin aumentar su carga de trabajo.<\/p>\n<\/div><\/div>\n\n<div class=\"et_pb_module et_pb_button_module_wrapper et_pb_button_2_wrapper preset--module--divi-button--uwhe67bdsz_wrapper\"><a class=\"et_pb_button_2 et_pb_button et_pb_bg_layout_light et_pb_module et_flex_module preset--module--divi-button--uwhe67bdsz\" href=\"https:\/\/guestwisely.dev\/es\/reserva-una-demo\/\">Empieza ahora<\/a><\/div>\n<\/div>\n<\/div>\n<\/div>","protected":false},"excerpt":{"rendered":"","protected":false},"author":4,"featured_media":0,"parent":0,"menu_order":29,"comment_status":"closed","ping_status":"closed","template":"","meta":{"footnotes":"","_wp_rev_ctl_limit":""},"class_list":["post-38688","page","type-page","status-publish","hentry"],"_links":{"self":[{"href":"https:\/\/guestwisely.dev\/es\/wp-json\/wp\/v2\/pages\/38688","targetHints":{"allow":["GET"]}}],"collection":[{"href":"https:\/\/guestwisely.dev\/es\/wp-json\/wp\/v2\/pages"}],"about":[{"href":"https:\/\/guestwisely.dev\/es\/wp-json\/wp\/v2\/types\/page"}],"author":[{"embeddable":true,"href":"https:\/\/guestwisely.dev\/es\/wp-json\/wp\/v2\/users\/4"}],"replies":[{"embeddable":true,"href":"https:\/\/guestwisely.dev\/es\/wp-json\/wp\/v2\/comments?post=38688"}],"version-history":[{"count":10,"href":"https:\/\/guestwisely.dev\/es\/wp-json\/wp\/v2\/pages\/38688\/revisions"}],"predecessor-version":[{"id":239872,"href":"https:\/\/guestwisely.dev\/es\/wp-json\/wp\/v2\/pages\/38688\/revisions\/239872"}],"wp:attachment":[{"href":"https:\/\/guestwisely.dev\/es\/wp-json\/wp\/v2\/media?parent=38688"}],"curies":[{"name":"wp","href":"https:\/\/api.w.org\/{rel}","templated":true}]}}