{"id":38692,"date":"2025-07-11T05:45:26","date_gmt":"2025-07-11T05:45:26","guid":{"rendered":"https:\/\/guestwisely.dev\/contabilidad-integrada\/"},"modified":"2025-09-09T07:47:51","modified_gmt":"2025-09-09T07:47:51","slug":"contabilidad-integrada","status":"publish","type":"page","link":"https:\/\/guestwisely.dev\/es\/contabilidad-integrada\/","title":{"rendered":"Contabilidad Integrada"},"content":{"rendered":"<div class=\"et_pb_section_0 et_pb_section et_section_regular et_block_section\">\n<div class=\"et_pb_row_0 et_pb_row et_pb_equal_columns et_pb_gutters1 et_block_row\">\n<div class=\"et_pb_column_0 et_pb_column et_pb_column_4_4 et-last-child et_block_column et_pb_css_mix_blend_mode_passthrough\">\n<div class=\"et_pb_text_0 et_pb_text et_pb_bg_layout_light et_pb_module et_flex_module\"><div class=\"et_pb_text_inner\" data-et-mv-hidden-phone=\"true\"><p style=\"text-align: center;\">Contabilidad Integrada<\/p>\n<\/div><\/div>\n\n<div class=\"et_pb_heading_0 et_pb_heading et_pb_module et_flex_module\"><div class=\"et_pb_heading_container\"><h1 class=\"et_pb_module_header\">Contabilidad de Alquileres Vacacionales Integrada en tu PMS\n\n<\/h1><\/div><\/div>\n\n<div class=\"et_pb_text_1 et_pb_text et_pb_bg_layout_light et_pb_module et_flex_module\"><div class=\"et_pb_text_inner\"><p style=\"text-align: center;\">Haz seguimiento de ingresos, automatiza gastos y gestiona pagos, todo sincronizado con tus reservas e informes para propietarios \u2014 sin hojas de c\u00e1lculo ni herramientas externas.<\/p>\n<\/div><\/div>\n\n<div class=\"et_pb_module et_pb_button_module_wrapper et_pb_button_0_wrapper\"><a class=\"et_pb_button_0 et_pb_button et_pb_bg_layout_light et_pb_module et_flex_module\" href=\"https:\/\/guestwisely.dev\/es\/reserva-una-demo\/\">Empieza ahora<\/a><\/div>\n\n<div class=\"et_pb_image_0 et_pb_image et_pb_module et_flex_module\"><span class=\"et_pb_image_wrap\"><img loading=\"lazy\" decoding=\"async\" src=\"https:\/\/guestwisely.dev\/wp-content\/uploads\/2025\/07\/accounting-main.png\" width=\"1000\" height=\"671\" srcset=\"https:\/\/guestwisely.dev\/wp-content\/uploads\/2025\/07\/accounting-main.png 1000w, https:\/\/guestwisely.dev\/wp-content\/uploads\/2025\/07\/accounting-main-980x658.png 980w, https:\/\/guestwisely.dev\/wp-content\/uploads\/2025\/07\/accounting-main-480x322.png 480w\" sizes=\"(min-width: 0px) and (max-width: 480px) 480px, (min-width: 481px) and (max-width: 980px) 980px, (min-width: 981px) 1000px, 100vw\" class=\"wp-image-37531\" \/><\/span><\/div>\n<\/div>\n<\/div>\n<\/div>\n\n<div class=\"et_pb_section_1 et_pb_section et_section_regular et_block_section\">\n<div class=\"et_pb_row_1 et_pb_row et_pb_equal_columns et_pb_gutters1 et_block_row\"><div class=\"et_pb_column_1 et_pb_column et_pb_column_1_2 et_flex_column et_pb_css_mix_blend_mode_passthrough\"><div class=\"et_pb_image_1 et_pb_image et_pb_module et_flex_module\"><span class=\"et_pb_image_wrap\"><img loading=\"lazy\" decoding=\"async\" src=\"https:\/\/guestwisely.dev\/wp-content\/uploads\/2025\/07\/airbnb25-partner-logo2.png\" width=\"300\" height=\"130\" sizes=\"(max-width: 300px) 100vw, 300px\" class=\"wp-image-36775\" \/><\/span><\/div><\/div><div class=\"et_pb_column_2 et_pb_column et_pb_column_1_2 et-last-child et_flex_column et_pb_css_mix_blend_mode_passthrough\"><div class=\"et_pb_image_2 et_pb_image et_pb_module et_flex_module\"><span class=\"et_pb_image_wrap\"><img loading=\"lazy\" decoding=\"async\" src=\"https:\/\/guestwisely.dev\/wp-content\/uploads\/2025\/07\/vrbo25-partner-logo-bw.png\" width=\"300\" height=\"130\" sizes=\"(max-width: 300px) 100vw, 300px\" class=\"wp-image-38376\" \/><\/span><\/div><\/div><\/div>\n\n<div class=\"et_pb_row_2 et_pb_row et_pb_gutters3 et_block_row\">\n<div class=\"et_pb_column_3 et_pb_column et_pb_column_4_4 et-last-child et_block_column et_pb_css_mix_blend_mode_passthrough\">\n<div class=\"et_pb_heading_1 et_pb_heading et_pb_module et_flex_module\"><div class=\"et_pb_heading_container\"><h2 class=\"et_pb_module_header\">Desp\u00eddete del Dolor de Cabeza de la Contabilidad en Alquileres Vacacionales<\/h2><\/div><\/div>\n\n<div class=\"et_pb_text_2 et_pb_text et_pb_bg_layout_light et_pb_module et_flex_module\"><div class=\"et_pb_text_inner\" data-et-mv-hidden-phone=\"true\"><p data-start=\"843\" data-end=\"1129\">Equilibrar ingresos, gastos, comisiones y pagos a propietarios es complejo \u2014 especialmente cuando se trabaja con m\u00faltiples propiedades y canales de reserva. Las herramientas de Contabilidad Integrada de GuestWisely ayudan a los administradores a automatizar y centralizar sus flujos financieros, todo conectado directamente con el PMS, las reservas y el sistema de contabilidad fiduciaria. <\/p>\n<\/div><\/div>\n<\/div>\n<\/div>\n<\/div>\n\n<div class=\"et_pb_section_2 et_pb_section et_section_regular et_block_section\">\n<div class=\"et_pb_row_3 et_pb_row et_pb_equal_columns et_pb_gutters3 et_block_row\">\n<div class=\"et_pb_column_4 et_pb_column et_pb_column_1_3 et_block_column et_pb_css_mix_blend_mode_passthrough\">\n<div class=\"et_pb_group_0 et_pb_group et-last-child et_pb_module et_pb_css_mix_blend_mode_passthrough\">\n<div class=\"et_pb_blurb_0 et_pb_blurb et_pb_bg_layout_light et_pb_text_align_left et_pb_blurb_position_top et_pb_module et_flex_module preset--module--divi-blurb--r8dwj2r6u5\"><div class=\"et_pb_blurb_content et_flex_module\"><div class=\"et_pb_main_blurb_image\"><span class=\"et_pb_image_wrap et_pb_only_image_mode_wrap\"><img loading=\"lazy\" decoding=\"async\" src=\"https:\/\/guestwisely.dev\/wp-content\/uploads\/2025\/07\/revenue-sync-icon.png\" width=\"122\" height=\"127\" sizes=\"(max-width: 122px) 100vw, 122px\" class=\"et-waypoint et_pb_animation_top et_pb_animation_top_tablet et_pb_animation_top_phone wp-image-37546\" \/><\/span><\/div><div class=\"et_pb_blurb_container\"><h4 class=\"et_pb_module_header\">Ingresos de Reservas Sincronizados Autom\u00e1ticamente<\/h4><div class=\"et_pb_blurb_description\"><p>Haz seguimiento de los pagos de hu\u00e9spedes en tiempo real, incluyendo impuestos, descuentos y comisiones. Todos los datos financieros se extraen directamente de las reservas en tu PMS y se reflejan al instante. <\/p>\n<\/div><\/div><\/div><\/div>\n<\/div>\n<\/div>\n\n<div class=\"et_pb_column_5 et_pb_column et_pb_column_1_3 et_block_column et_pb_css_mix_blend_mode_passthrough\">\n<div class=\"et_pb_group_1 et_pb_group et-last-child et_pb_module et_pb_css_mix_blend_mode_passthrough\">\n<div class=\"et_pb_group_2 et_pb_group et-last-child et_pb_module et_pb_css_mix_blend_mode_passthrough\">\n<div class=\"et_pb_blurb_1 et_pb_blurb et_pb_bg_layout_light et_pb_text_align_left et_pb_blurb_position_top et_pb_module et_flex_module preset--module--divi-blurb--r8dwj2r6u5\"><div class=\"et_pb_blurb_content et_flex_module\"><div class=\"et_pb_main_blurb_image\"><span class=\"et_pb_image_wrap et_pb_only_image_mode_wrap\"><img loading=\"lazy\" decoding=\"async\" src=\"https:\/\/guestwisely.dev\/wp-content\/uploads\/2025\/07\/commission-icon.png\" width=\"140\" height=\"127\" sizes=\"(max-width: 140px) 100vw, 140px\" class=\"et-waypoint et_pb_animation_top et_pb_animation_top_tablet et_pb_animation_top_phone wp-image-37551\" \/><\/span><\/div><div class=\"et_pb_blurb_container\"><h4 class=\"et_pb_module_header\">Automatizaci\u00f3n de Comisiones y Honorarios de Gesti\u00f3n<\/h4><div class=\"et_pb_blurb_description\"><p data-start=\"1493\" data-end=\"1645\">Define tus tarifas de comisi\u00f3n y deja que GuestWisely calcule autom\u00e1ticamente los honorarios por reserva o por propiedad, aplicados directamente en los informes del propietario.<\/p>\n<\/div><\/div><\/div><\/div>\n<\/div>\n<\/div>\n<\/div>\n\n<div class=\"et_pb_column_6 et_pb_column et_pb_column_1_3 et-last-child et_block_column et_pb_css_mix_blend_mode_passthrough\">\n<div class=\"et_pb_group_3 et_pb_group et-last-child et_pb_module et_pb_css_mix_blend_mode_passthrough\">\n<div class=\"et_pb_blurb_2 et_pb_blurb et_pb_bg_layout_light et_pb_text_align_left et_pb_blurb_position_top et_pb_module et_flex_module preset--group--divi-blurb--divi-spacing--jh6edck9gn preset--module--divi-blurb--r8dwj2r6u5\"><div class=\"et_pb_blurb_content et_flex_module\"><div class=\"et_pb_main_blurb_image\"><span class=\"et_pb_image_wrap et_pb_only_image_mode_wrap\"><img loading=\"lazy\" decoding=\"async\" src=\"https:\/\/guestwisely.dev\/wp-content\/uploads\/2025\/07\/expense-icon.png\" width=\"119\" height=\"119\" sizes=\"(max-width: 119px) 100vw, 119px\" class=\"et-waypoint et_pb_animation_top et_pb_animation_top_tablet et_pb_animation_top_phone wp-image-37556\" \/><\/span><\/div><div class=\"et_pb_blurb_container\"><h4 class=\"et_pb_module_header\">Registro de Gastos y Reglas de Deducci\u00f3n<\/h4><div class=\"et_pb_blurb_description\"><p data-start=\"1629\" data-end=\"1786\">Registra gastos operativos como reparaciones, suministros o lavander\u00eda. Asigna deducciones a propiedades o propietarios con informes detallados. <\/p>\n<\/div><\/div><\/div><\/div>\n<\/div>\n<\/div>\n<\/div>\n<\/div>\n\n<div class=\"et_pb_section_3 et_pb_section et_section_regular et_flex_section\">\n<div class=\"et_pb_row_4 et_pb_row et_flex_row\">\n<div class=\"et_pb_column_7 et_pb_column et_flex_column et_pb_css_mix_blend_mode_passthrough et_flex_column_24_24\">\n<div class=\"et_pb_blurb_3 et_pb_blurb et_pb_bg_layout_light et_pb_text_align_left et_pb_blurb_position_top et_pb_module et_flex_module\"><div class=\"et_pb_blurb_content et_flex_module\"><div class=\"et_pb_main_blurb_image\"><span class=\"et_pb_image_wrap et_pb_only_image_mode_wrap\"><img loading=\"lazy\" decoding=\"async\" src=\"https:\/\/guestwisely.dev\/wp-content\/uploads\/2025\/07\/invoicing-icon.png\" width=\"127\" height=\"147\" sizes=\"(max-width: 127px) 100vw, 127px\" class=\"et-waypoint et_pb_animation_top et_pb_animation_top_tablet et_pb_animation_top_phone wp-image-37025\" \/><\/span><\/div><div class=\"et_pb_blurb_container\"><h4 class=\"et_pb_module_header\">Informes Financieros y Registro de Auditor\u00eda<\/h4><div class=\"et_pb_blurb_description\"><p data-start=\"1280\" data-end=\"1531\">Genera informes contables detallados, exporta archivos de libro mayor y conserva un historial preciso para auditor\u00edas. Prep\u00e1rate f\u00e1cilmente para la temporada fiscal y para los informes de propietarios. <\/p>\n<\/div><\/div><\/div><\/div>\n<\/div>\n\n<div class=\"et_pb_column_8 et_pb_column et-last-child et_flex_column et_pb_css_mix_blend_mode_passthrough et_flex_column_24_24\">\n<div class=\"et_pb_image_3 et_pb_image et_pb_image_sticky et_pb_module et_flex_module\"><span class=\"et_pb_image_wrap\"><img loading=\"lazy\" decoding=\"async\" src=\"https:\/\/guestwisely.dev\/wp-content\/uploads\/2025\/07\/tax-report.png\" width=\"800\" height=\"597\" srcset=\"https:\/\/guestwisely.dev\/wp-content\/uploads\/2025\/07\/tax-report.png 800w, https:\/\/guestwisely.dev\/wp-content\/uploads\/2025\/07\/tax-report-480x358.png 480w\" sizes=\"(min-width: 0px) and (max-width: 480px) 480px, (min-width: 481px) 800px, 100vw\" class=\"wp-image-37536\" \/><\/span><\/div>\n<\/div>\n<\/div>\n<\/div>\n\n<div class=\"et_pb_section_4 et_pb_section et_section_regular et_flex_section\">\n<div class=\"et_pb_row_5 et_pb_row et_flex_row\">\n<div class=\"et_pb_column_9 et_pb_column et_flex_column et_pb_css_mix_blend_mode_passthrough et_flex_column_24_24\">\n<div class=\"et_pb_image_4 et_pb_image et_pb_image_sticky et_pb_module et_flex_module\"><span class=\"et_pb_image_wrap\"><img loading=\"lazy\" decoding=\"async\" src=\"https:\/\/guestwisely.dev\/wp-content\/uploads\/2025\/07\/trust-accounting.png\" width=\"800\" height=\"677\" srcset=\"https:\/\/guestwisely.dev\/wp-content\/uploads\/2025\/07\/trust-accounting.png 800w, https:\/\/guestwisely.dev\/wp-content\/uploads\/2025\/07\/trust-accounting-480x406.png 480w\" sizes=\"(min-width: 0px) and (max-width: 480px) 480px, (min-width: 481px) 800px, 100vw\" class=\"wp-image-37541\" \/><\/span><\/div>\n<\/div>\n\n<div class=\"et_pb_column_10 et_pb_column et-last-child et_flex_column et_pb_css_mix_blend_mode_passthrough et_flex_column_24_24\">\n<div class=\"et_pb_blurb_4 et_pb_blurb et_pb_bg_layout_light et_pb_text_align_left et_pb_blurb_position_top et_pb_module et_flex_module\"><div class=\"et_pb_blurb_content et_flex_module\"><div class=\"et_pb_main_blurb_image\"><span class=\"et_pb_image_wrap et_pb_only_image_mode_wrap\"><img loading=\"lazy\" decoding=\"async\" src=\"https:\/\/guestwisely.dev\/wp-content\/uploads\/2025\/07\/trust-accounting-icon.png\" width=\"134\" height=\"112\" sizes=\"(max-width: 134px) 100vw, 134px\" class=\"et-waypoint et_pb_animation_top et_pb_animation_top_tablet et_pb_animation_top_phone wp-image-37561\" \/><\/span><\/div><div class=\"et_pb_blurb_container\"><h4 class=\"et_pb_module_header\">Cumplimiento con la Contabilidad Fiduciaria<\/h4><div class=\"et_pb_blurb_description\"><p data-start=\"1575\" data-end=\"1791\">Mant\u00e9n los fondos de los clientes separados y cumple con las normativas fiduciarias espec\u00edficas por regi\u00f3n. Todos los movimientos de dinero est\u00e1n registrados con sellos de tiempo y seguimiento completo. <\/p>\n<\/div><\/div><\/div><\/div>\n<\/div>\n<\/div>\n<\/div>\n\n<div class=\"et_pb_section_5 et_pb_section et_section_regular et_block_section\">\n<div class=\"et_pb_row_6 et_pb_row et_pb_gutters3 et_block_row\">\n<div class=\"et_pb_column_11 et_pb_column et_pb_column_4_4 et-last-child et_block_column et_pb_css_mix_blend_mode_passthrough\">\n<div class=\"et_pb_heading_2 et_pb_heading et_pb_module et_flex_module\"><div class=\"et_pb_heading_container\"><h2 class=\"et_pb_module_header\">\u00bfQu\u00e9 Nos Hace Diferentes?<\/h2><\/div><\/div>\n\n<div class=\"et_pb_text_3 et_pb_text et_pb_bg_layout_light et_pb_module et_flex_module\"><div class=\"et_pb_text_inner\"><p data-start=\"2502\" data-end=\"2728\">La mayor\u00eda de los PMS no ofrecen herramientas contables reales: dependen de hojas de c\u00e1lculo o software externo. GuestWisely centraliza el seguimiento de ingresos, pagos a propietarios y contabilidad fiduciaria en una sola plataforma, para que puedas escalar con confianza y estar siempre listo para auditor\u00edas. <\/p>\n<\/div><\/div>\n<\/div>\n<\/div>\n\n<div class=\"et_pb_row_7 et_pb_row et_pb_row_1-2_1-4_1-4 et_pb_equal_columns et_pb_gutters2 et_block_row\">\n<div class=\"et_pb_column_12 et_pb_column et_pb_column_1_2 et_block_column et_pb_css_mix_blend_mode_passthrough\">\n<div class=\"et_pb_blurb_5 et_pb_blurb et_pb_bg_layout_light et_pb_text_align_left et_pb_blurb_position_top et_pb_module et_flex_module\"><div class=\"et_pb_blurb_content et_flex_module\"><div class=\"et_pb_blurb_container\"><h4 class=\"et_pb_module_header\">Totalmente Vinculado a tu PMS<\/h4><div class=\"et_pb_blurb_description\"><p data-start=\"2478\" data-end=\"2555\">No m\u00e1s exportaciones ni conciliaciones manuales entre sistemas \u2014 todo se actualiza en tiempo real.<\/p>\n<\/div><\/div><\/div><\/div>\n\n<div class=\"et_pb_blurb_6 et_pb_blurb et_pb_bg_layout_light et_pb_text_align_left et_pb_blurb_position_top et_pb_module et_flex_module\"><div class=\"et_pb_blurb_content et_flex_module\"><div class=\"et_pb_blurb_container\"><h4 class=\"et_pb_module_header\">Contabilidad Fiduciaria Integrada\n<\/h4><div class=\"et_pb_blurb_description\"><p data-start=\"2730\" data-end=\"2825\">Cumple con los requisitos legales sobre fondos de clientes, con separaci\u00f3n y registro autom\u00e1tico.<\/p>\n<\/div><\/div><\/div><\/div>\n\n<div class=\"et_pb_blurb_7 et_pb_blurb et_pb_bg_layout_light et_pb_text_align_left et_pb_blurb_position_top et_pb_module et_flex_module\"><div class=\"et_pb_blurb_content et_flex_module\"><div class=\"et_pb_blurb_container\"><h4 class=\"et_pb_module_header\">Reglas Autom\u00e1ticas de Comisiones y Tarifas\n<\/h4><div class=\"et_pb_blurb_description\"><p data-start=\"2703\" data-end=\"2777\">Aplica tu estructura financiera por propiedad o propietario de forma autom\u00e1tica.<\/p>\n<\/div><\/div><\/div><\/div>\n\n<div class=\"et_pb_blurb_8 et_pb_blurb et_pb_bg_layout_light et_pb_text_align_left et_pb_blurb_position_top et_pb_module et_flex_module\"><div class=\"et_pb_blurb_content et_flex_module\"><div class=\"et_pb_blurb_container\"><h4 class=\"et_pb_module_header\">Transparencia de Gastos<\/h4><div class=\"et_pb_blurb_description\"><p data-start=\"3012\" data-end=\"3077\">Proporciona a los propietarios un desglose detallado de los gastos, facturas y justificaciones.<\/p>\n<\/div><\/div><\/div><\/div>\n\n<div class=\"et_pb_module et_pb_button_module_wrapper et_pb_button_1_wrapper preset--module--divi-button--7etvbn1ri6_wrapper\"><a class=\"et_pb_button_1 et_pb_button et_pb_bg_layout_light et_pb_module et_flex_module preset--module--divi-button--7etvbn1ri6\" href=\"https:\/\/guestwisely.dev\/es\/software-gestion-propiedades\/\">Explora la Plataforma<\/a><\/div>\n<\/div>\n\n<div class=\"et_pb_column_13 et_pb_column et_pb_column_1_4 et_block_column et_pb_css_mix_blend_mode_passthrough\">\n<div class=\"et_pb_row_8 et_pb_row et-vb-row--no-module et_pb_gutters3 et_pb_row_nested et_block_row\">\n<div class=\"et_pb_column_14 et_pb_column et_pb_column_4_4 et-last-child et_block_column et_pb_column_empty et_pb_css_mix_blend_mode_passthrough\"><\/div>\n<\/div>\n<\/div>\n\n<div class=\"et_pb_column_15 et_pb_column et_pb_column_1_4 et-last-child et_block_column et_pb_css_mix_blend_mode_passthrough\">\n<div class=\"et_pb_row_9 et_pb_row et-vb-row--no-module et_pb_gutters3 et_pb_row_nested et_block_row\">\n<div class=\"et_pb_column_16 et_pb_column et_pb_column_4_4 et-last-child et_block_column et_pb_column_empty et_pb_css_mix_blend_mode_passthrough\"><\/div>\n<\/div>\n\n<div class=\"et_pb_row_10 et_pb_row et_pb_equal_columns et_pb_gutters3 et_pb_row_nested et_block_row\">\n<div class=\"et_pb_column_17 et_pb_column et_pb_column_4_4 et-last-child et_block_column et_pb_css_mix_blend_mode_passthrough\">\n<div class=\"et_pb_image_5 et_pb_image et_pb_module et_flex_module\"><span class=\"et_pb_image_wrap\"><img loading=\"lazy\" decoding=\"async\" src=\"https:\/\/guestwisely.dev\/wp-content\/uploads\/2025\/06\/cropped-GW-icon.png\" width=\"512\" height=\"512\" srcset=\"https:\/\/guestwisely.dev\/wp-content\/uploads\/2025\/06\/cropped-GW-icon.png 512w, https:\/\/guestwisely.dev\/wp-content\/uploads\/2025\/06\/cropped-GW-icon-480x480.png 480w\" sizes=\"(min-width: 0px) and (max-width: 480px) 480px, (min-width: 481px) 512px, 100vw\" class=\"wp-image-20\" \/><\/span><\/div>\n<\/div>\n<\/div>\n<\/div>\n<\/div>\n<\/div>\n\n<div class=\"et_pb_section_6 et_pb_section et_section_regular et_block_section\">\n<div class=\"et_pb_row_11 et_pb_row et_pb_gutters3 et_block_row\">\n<div class=\"et_pb_column_18 et_pb_column et_pb_column_4_4 et-last-child et_block_column et_pb_css_mix_blend_mode_passthrough\">\n<div class=\"et_pb_heading_3 et_pb_heading et_pb_module et_flex_module\"><div class=\"et_pb_heading_container\"><h2 class=\"et_pb_module_header\">Preguntas Frecuentes<\/h2><\/div><\/div>\n\n<div class=\"et_pb_text_4 et_pb_text et_pb_bg_layout_light et_pb_module et_flex_module\"><div class=\"et_pb_text_inner\"><p>Tus preguntas m\u00e1s importantes sobre las funciones de Contabilidad Integrada<\/p>\n<\/div><\/div>\n<\/div>\n<\/div>\n\n<div class=\"et_pb_row_12 et_pb_row et_pb_gutters3 et_block_row\">\n<div class=\"et_pb_column_19 et_pb_column et_pb_column_4_4 et-last-child et_block_column et_pb_css_mix_blend_mode_passthrough\">\n<div class=\"et_pb_accordion_0 et_pb_accordion et_pb_module et_block_module\">\n<div class=\"et_pb_accordion_item_0 et_pb_accordion_item et_pb_toggle et_pb_module et_pb_toggle_open et_flex_module\"><h3 class=\"et_pb_toggle_title\">\u00bfEs este un sistema contable completo?<\/h3><div class=\"et_pb_toggle_content et_flex_module\"><p data-start=\"3551\" data-end=\"3760\">S\u00ed. GuestWisely incluye un conjunto completo de herramientas contables para alquileres vacacionales, integrado con tu PMS: contabilidad fiduciaria, registro de gastos y seguimiento de ingresos. <\/p>\n<\/div><\/div>\n\n<div class=\"et_pb_accordion_item_1 et_pb_accordion_item et_pb_toggle et_pb_module et_pb_toggle_close et_flex_module\"><h3 class=\"et_pb_toggle_title\">\u00bfPuedo automatizar los pagos a propietarios y las comisiones?<\/h3><div class=\"et_pb_toggle_content et_flex_module\"><p data-start=\"3609\" data-end=\"3806\">Absolutamente. Puedes definir estructuras de tarifas y reglas de comisi\u00f3n que se aplican autom\u00e1ticamente a cada reserva y se reflejan en los informes para propietarios. <\/p>\n<\/div><\/div>\n\n<div class=\"et_pb_accordion_item_2 et_pb_accordion_item et_pb_toggle et_pb_module et_pb_toggle_close et_flex_module\"><h3 class=\"et_pb_toggle_title\">\u00bfCumple con las normativas de contabilidad fiduciaria?<\/h3><div class=\"et_pb_toggle_content et_flex_module\"><p data-start=\"4390\" data-end=\"4596\">S\u00ed. GuestWisely ofrece herramientas de cumplimiento para contabilidad fiduciaria que separan y registran los fondos de los clientes, con trazabilidad total y sellos de tiempo. <\/p>\n<\/div><\/div>\n\n<div class=\"et_pb_accordion_item_3 et_pb_accordion_item et_pb_toggle et_pb_module et_pb_toggle_close et_flex_module\"><h3 class=\"et_pb_toggle_title\">\u00bfPuedo exportar los datos financieros para impuestos o auditor\u00edas?<\/h3><div class=\"et_pb_toggle_content et_flex_module\"><p data-start=\"4511\" data-end=\"4746\">S\u00ed. Puedes generar y exportar datos del libro mayor, informes fiscales, estados de ingresos y registros de auditor\u00eda en m\u00faltiples formatos. <\/p>\n<\/div><\/div>\n<\/div>\n<\/div>\n<\/div>\n<\/div>\n\n<div class=\"et_pb_section_7 et_pb_section et_section_regular et_block_section\">\n<div class=\"et_pb_row_13 et_pb_row et_pb_gutters3 et_block_row\">\n<div class=\"et_pb_column_20 et_pb_column et_pb_column_4_4 et-last-child et_block_column et_pb_css_mix_blend_mode_passthrough\">\n<div class=\"et_pb_heading_4 et_pb_heading et_pb_module et_flex_module\"><div class=\"et_pb_heading_container\"><h2 class=\"et_pb_module_header\">Mant\u00e9n el Control de tus Finanzas sin Herramientas Adicionales\n\n\n\n<\/h2><\/div><\/div>\n\n<div class=\"et_pb_text_5 et_pb_text et_pb_bg_layout_dark et_pb_module et_flex_module\"><div class=\"et_pb_text_inner\"><p data-start=\"4079\" data-end=\"4247\">Desde los ingresos por reservas hasta la contabilidad fiduciaria, GuestWisely te ofrece un sistema financiero completo integrado en tu PMS, para que gestiones tu dinero con confianza y claridad.<\/p>\n<\/div><\/div>\n\n<div class=\"et_pb_module et_pb_button_module_wrapper et_pb_button_2_wrapper preset--module--divi-button--jt60smln0k_wrapper\"><a class=\"et_pb_button_2 et_pb_button et_pb_bg_layout_light et_pb_module et_flex_module preset--module--divi-button--jt60smln0k\" href=\"https:\/\/guestwisely.dev\/es\/reserva-una-demo\/\">Empieza ahora<\/a><\/div>\n<\/div>\n<\/div>\n<\/div>","protected":false},"excerpt":{"rendered":"","protected":false},"author":4,"featured_media":0,"parent":0,"menu_order":39,"comment_status":"closed","ping_status":"closed","template":"","meta":{"footnotes":"","_wp_rev_ctl_limit":""},"class_list":["post-38692","page","type-page","status-publish","hentry"],"_links":{"self":[{"href":"https:\/\/guestwisely.dev\/es\/wp-json\/wp\/v2\/pages\/38692","targetHints":{"allow":["GET"]}}],"collection":[{"href":"https:\/\/guestwisely.dev\/es\/wp-json\/wp\/v2\/pages"}],"about":[{"href":"https:\/\/guestwisely.dev\/es\/wp-json\/wp\/v2\/types\/page"}],"author":[{"embeddable":true,"href":"https:\/\/guestwisely.dev\/es\/wp-json\/wp\/v2\/users\/4"}],"replies":[{"embeddable":true,"href":"https:\/\/guestwisely.dev\/es\/wp-json\/wp\/v2\/comments?post=38692"}],"version-history":[{"count":8,"href":"https:\/\/guestwisely.dev\/es\/wp-json\/wp\/v2\/pages\/38692\/revisions"}],"predecessor-version":[{"id":239885,"href":"https:\/\/guestwisely.dev\/es\/wp-json\/wp\/v2\/pages\/38692\/revisions\/239885"}],"wp:attachment":[{"href":"https:\/\/guestwisely.dev\/es\/wp-json\/wp\/v2\/media?parent=38692"}],"curies":[{"name":"wp","href":"https:\/\/api.w.org\/{rel}","templated":true}]}}