{"id":38700,"date":"2025-07-09T08:51:50","date_gmt":"2025-07-09T08:51:50","guid":{"rendered":"https:\/\/guestwisely.dev\/administradores-de-propiedades\/"},"modified":"2025-09-18T13:49:11","modified_gmt":"2025-09-18T13:49:11","slug":"administradores-de-propiedades","status":"publish","type":"page","link":"https:\/\/guestwisely.dev\/es\/administradores-de-propiedades\/","title":{"rendered":"Administradores de Propiedades"},"content":{"rendered":"<div class=\"et_pb_section_0 et_pb_section et_section_regular et_block_section\">\n<div class=\"et_pb_row_0 et_pb_row et_pb_equal_columns et_pb_gutters1 et_block_row\">\n<div class=\"et_pb_column_0 et_pb_column et_pb_column_4_4 et-last-child et_block_column et_pb_css_mix_blend_mode_passthrough\">\n<div class=\"et_pb_text_0 et_pb_text et_pb_bg_layout_light et_pb_module et_flex_module\"><div class=\"et_pb_text_inner\"><p style=\"text-align: center;\">Para Administradores de Propiedades<\/p>\n<\/div><\/div>\n\n<div class=\"et_pb_heading_0 et_pb_heading et_pb_module et_flex_module\"><div class=\"et_pb_heading_container\"><h1 class=\"et_pb_module_header\">Dise\u00f1ado Espec\u00edficamente para Profesionales de la Gesti\u00f3n de Propiedades<\/h1><\/div><\/div>\n\n<div class=\"et_pb_text_1 et_pb_text et_pb_bg_layout_light et_pb_module et_flex_module\"><div class=\"et_pb_text_inner\" data-et-mv-hidden-tablet=\"true\" data-et-mv-hidden-phone=\"true\"><p style=\"text-align: center;\">GuestWisely re\u00fane todas tus operaciones, distribuci\u00f3n e informes en una sola plataforma \u2014 para que puedas crecer m\u00e1s r\u00e1pido, optimizar tu equipo y ofrecer experiencias de 5 estrellas a escala.<\/p>\n<\/div><\/div>\n\n<div class=\"et_pb_module et_pb_button_module_wrapper et_pb_button_0_wrapper\"><a class=\"et_pb_button_0 et_pb_button et_pb_bg_layout_light et_pb_module et_flex_module\" href=\"\/es\/reserva-una-demo\/\">Empezar Ahora<\/a><\/div>\n\n<div class=\"et_pb_image_0 et_pb_image et_pb_image_sticky et_pb_module et_flex_module\"><span class=\"et_pb_image_wrap\"><img loading=\"lazy\" decoding=\"async\" src=\"https:\/\/guestwisely.dev\/wp-content\/uploads\/2025\/06\/PMS-tabs.png\" width=\"800\" height=\"601\" srcset=\"https:\/\/guestwisely.dev\/wp-content\/uploads\/2025\/06\/PMS-tabs.png 800w, https:\/\/guestwisely.dev\/wp-content\/uploads\/2025\/06\/PMS-tabs-480x361.png 480w\" sizes=\"(min-width: 0px) and (max-width: 480px) 480px, (min-width: 481px) 800px, 100vw\" class=\"wp-image-127\" \/><\/span><\/div>\n<\/div>\n<\/div>\n<\/div>\n\n<div class=\"et_pb_section_1 et_pb_section et_section_regular et_block_section\">\n<div class=\"et_pb_row_1 et_pb_row et_pb_equal_columns et_pb_gutters1 et_block_row\"><div class=\"et_pb_column_1 et_pb_column et_pb_column_1_2 et_flex_column et_pb_css_mix_blend_mode_passthrough\"><div class=\"et_pb_image_1 et_pb_image et_pb_module et_flex_module\"><span class=\"et_pb_image_wrap\"><img loading=\"lazy\" decoding=\"async\" src=\"https:\/\/guestwisely.dev\/wp-content\/uploads\/2025\/07\/airbnb25-partner-logo2.png\" width=\"300\" height=\"130\" sizes=\"(max-width: 300px) 100vw, 300px\" class=\"wp-image-36775\" \/><\/span><\/div><\/div><div class=\"et_pb_column_2 et_pb_column et_pb_column_1_2 et-last-child et_flex_column et_pb_css_mix_blend_mode_passthrough\"><div class=\"et_pb_image_2 et_pb_image et_pb_module et_flex_module\"><span class=\"et_pb_image_wrap\"><img loading=\"lazy\" decoding=\"async\" src=\"https:\/\/guestwisely.dev\/wp-content\/uploads\/2025\/07\/vrbo25-partner-logo-bw.png\" width=\"300\" height=\"130\" sizes=\"(max-width: 300px) 100vw, 300px\" class=\"wp-image-38376\" \/><\/span><\/div><\/div><\/div>\n\n<div class=\"et_pb_row_2 et_pb_row et_pb_gutters3 et_block_row\">\n<div class=\"et_pb_column_3 et_pb_column et_pb_column_4_4 et-last-child et_block_column et_pb_css_mix_blend_mode_passthrough\">\n<div class=\"et_pb_heading_1 et_pb_heading et_pb_module et_flex_module\"><div class=\"et_pb_heading_container\"><h2 class=\"et_pb_module_header\">Demasiadas Propiedades, Demasiadas Herramientas, Muy Poco Tiempo<\/h2><\/div><\/div>\n\n<div class=\"et_pb_text_2 et_pb_text et_pb_bg_layout_light et_pb_module et_flex_module\"><div class=\"et_pb_text_inner\"><p data-start=\"787\" data-end=\"1111\">A medida que tu portafolio crece, tambi\u00e9n lo hace la complejidad. Manejar m\u00faltiples OTAs, mensajes de hu\u00e9spedes, finanzas y tareas del equipo consume tu tiempo y reduce tus m\u00e1rgenes. <\/p>\n<p data-start=\"787\" data-end=\"1111\">GuestWisely lo unifica todo en un PMS integral para que pases menos tiempo saltando entre herramientas y m\u00e1s tiempo haciendo crecer tu negocio y atendiendo a tus hu\u00e9spedes.<\/p>\n<\/div><\/div>\n<\/div>\n<\/div>\n<\/div>\n\n<div class=\"et_pb_section_2 et_pb_section et_section_regular et_block_section\">\n<div class=\"et_pb_row_3 et_pb_row et_pb_equal_columns et_pb_gutters2 et_block_row\">\n<div class=\"et_pb_column_4 et_pb_column et_pb_column_1_2 et_block_column et_pb_css_mix_blend_mode_passthrough\">\n<div class=\"et_pb_blurb_0 et_pb_blurb et_pb_bg_layout_light et_pb_text_align_left et_pb_blurb_position_top et_pb_module et_flex_module\"><div class=\"et_pb_blurb_content et_flex_module\"><div class=\"et_pb_blurb_container\"><h4 class=\"et_pb_module_header\">Escala Sin Aumentar tu Equipo<\/h4><div class=\"et_pb_blurb_description\"><p data-start=\"710\" data-end=\"827\">Automatiza tareas, mensajer\u00eda, precios e informes para propietarios para que cada miembro del equipo logre m\u00e1s con menos.<\/p>\n<\/div><\/div><\/div><\/div>\n\n<div class=\"et_pb_blurb_1 et_pb_blurb et_pb_bg_layout_light et_pb_text_align_left et_pb_blurb_position_top et_pb_module et_flex_module\"><div class=\"et_pb_blurb_content et_flex_module\"><div class=\"et_pb_blurb_container\"><h4 class=\"et_pb_module_header\">Operaciones Centralizadas<\/h4><div class=\"et_pb_blurb_description\"><p data-start=\"871\" data-end=\"991\">Visualiza todo \u2014 calendarios, pagos, mensajes, solicitudes de propietarios \u2014 desde un solo panel intuitivo.<\/p>\n<\/div><\/div><\/div><\/div>\n\n<div class=\"et_pb_blurb_2 et_pb_blurb et_pb_bg_layout_light et_pb_text_align_left et_pb_blurb_position_top et_pb_module et_flex_module\"><div class=\"et_pb_blurb_content et_flex_module\"><div class=\"et_pb_blurb_container\"><h4 class=\"et_pb_module_header\">Aumenta las Reservas Directas<\/h4><div class=\"et_pb_blurb_description\"><p data-start=\"1186\" data-end=\"1316\">Lanza un sitio web optimizado para convertir y reduce la dependencia (y comisiones) de las OTAs.<\/p>\n<\/div><\/div><\/div><\/div>\n\n<div class=\"et_pb_blurb_3 et_pb_blurb et_pb_bg_layout_light et_pb_text_align_left et_pb_blurb_position_top et_pb_module et_flex_module\"><div class=\"et_pb_blurb_content et_flex_module\"><div class=\"et_pb_blurb_container\"><h4 class=\"et_pb_module_header\">Refuerza la Confianza del Propietario<\/h4><div class=\"et_pb_blurb_description\"><p data-start=\"1349\" data-end=\"1472\">Ofrece informes con tu marca, contabilidad fiduciaria y portales seguros sin trabajo manual.<\/p>\n<\/div><\/div><\/div><\/div>\n\n<div class=\"et_pb_blurb_4 et_pb_blurb et_pb_bg_layout_light et_pb_text_align_left et_pb_blurb_position_top et_pb_module et_flex_module\"><div class=\"et_pb_blurb_content et_flex_module\"><div class=\"et_pb_blurb_container\"><h4 class=\"et_pb_module_header\">Accede a Insights para Crecer<\/h4><div class=\"et_pb_blurb_description\"><p data-start=\"1349\" data-end=\"1472\">Informes detallados, herramientas de ingresos automatizadas y gesti\u00f3n de tareas integrada para tomar decisiones m\u00e1s inteligentes.<\/p>\n<\/div><\/div><\/div><\/div>\n\n<div class=\"et_pb_module et_pb_button_module_wrapper et_pb_button_1_wrapper preset--module--divi-button--7etvbn1ri6_wrapper\"><a class=\"et_pb_button_1 et_pb_button et_pb_bg_layout_light et_pb_module et_flex_module preset--module--divi-button--7etvbn1ri6\" href=\"\/es\/reserva-una-demo\/\">Reserva una demo<\/a><\/div>\n<\/div>\n\n<div class=\"et_pb_column_5 et_pb_column et_pb_column_1_2 et-last-child et_block_column et_pb_column_empty et_pb_css_mix_blend_mode_passthrough\"><\/div>\n<\/div>\n<\/div>\n\n<div class=\"et_pb_section_3 et_pb_section et_section_regular et_block_section\">\n<div class=\"et_pb_row_4 et_pb_row et_pb_gutters3 et_block_row\">\n<div class=\"et_pb_column_6 et_pb_column et_pb_column_4_4 et-last-child et_block_column et_pb_css_mix_blend_mode_passthrough\">\n<div class=\"et_pb_heading_2 et_pb_heading et_pb_module et_flex_module\"><div class=\"et_pb_heading_container\"><h2 class=\"et_pb_module_header\">Un Solo Sistema para Potenciar Toda tu Operaci\u00f3n<\/h2><\/div><\/div>\n\n<div class=\"et_pb_text_3 et_pb_text et_pb_bg_layout_light et_pb_module et_flex_module\"><div class=\"et_pb_text_inner\" data-et-mv-hidden-phone=\"true\"><p>Todo lo que necesitas para optimizar tus operaciones, hacer crecer tu portafolio y ofrecer una experiencia consistente a hu\u00e9spedes y propietarios \u2014 todo en una sola plataforma.<\/p>\n<\/div><\/div>\n<\/div>\n<\/div>\n\n<div class=\"et_pb_row_5 et_pb_row et_flex_row\">\n<div class=\"et_pb_column_7 et_pb_column et_flex_column et_pb_css_mix_blend_mode_passthrough et_flex_column_24_24\">\n<div class=\"et_pb_blurb_5 et_pb_blurb et_pb_bg_layout_light et_pb_text_align_left et_pb_blurb_position_top et_pb_module et_flex_module\"><div class=\"et_pb_blurb_content et_flex_module\"><div class=\"et_pb_main_blurb_image\"><span class=\"et_pb_image_wrap et_pb_only_image_mode_wrap\"><img loading=\"lazy\" decoding=\"async\" src=\"https:\/\/guestwisely.dev\/wp-content\/uploads\/2025\/07\/auto-schedule-icon.png\" width=\"157\" height=\"137\" sizes=\"(max-width: 157px) 100vw, 157px\" class=\"et-waypoint et_pb_animation_top et_pb_animation_top_tablet et_pb_animation_top_phone wp-image-37846\" \/><\/span><\/div><div class=\"et_pb_blurb_container\"><h4 class=\"et_pb_module_header\">Reservas y Distribuci\u00f3n <\/h4><div class=\"et_pb_blurb_description\"><p>Channel manager, motor de reservas, creador de sitios web, calendario unificado, sincronizaci\u00f3n en tiempo real.<\/p>\n<\/div><\/div><\/div><\/div>\n<\/div>\n\n<div class=\"et_pb_column_8 et_pb_column et_flex_column et_pb_css_mix_blend_mode_passthrough et_flex_column_24_24\">\n<div class=\"et_pb_blurb_6 et_pb_blurb et_pb_bg_layout_light et_pb_text_align_left et_pb_blurb_position_top et_pb_module et_flex_module\"><div class=\"et_pb_blurb_content et_flex_module\"><div class=\"et_pb_main_blurb_image\"><span class=\"et_pb_image_wrap et_pb_only_image_mode_wrap\"><img loading=\"lazy\" decoding=\"async\" src=\"https:\/\/guestwisely.dev\/wp-content\/uploads\/2025\/07\/unified-comms-icon.png\" width=\"122\" height=\"107\" sizes=\"(max-width: 122px) 100vw, 122px\" class=\"et-waypoint et_pb_animation_top et_pb_animation_top_tablet et_pb_animation_top_phone wp-image-37117\" \/><\/span><\/div><div class=\"et_pb_blurb_container\"><h4 class=\"et_pb_module_header\">Hu\u00e9spedes y Automatizaci\u00f3n <\/h4><div class=\"et_pb_blurb_description\"><p>Bandeja de entrada unificada, automatizaci\u00f3n de correos y tareas, gesti\u00f3n de rese\u00f1as, herramientas de upselling.<\/p>\n<\/div><\/div><\/div><\/div>\n<\/div>\n\n<div class=\"et_pb_column_9 et_pb_column et_flex_column et_pb_css_mix_blend_mode_passthrough et_flex_column_24_24\">\n<div class=\"et_pb_blurb_7 et_pb_blurb et_pb_bg_layout_light et_pb_text_align_left et_pb_blurb_position_top et_pb_module et_flex_module\"><div class=\"et_pb_blurb_content et_flex_module\"><div class=\"et_pb_main_blurb_image\"><span class=\"et_pb_image_wrap et_pb_only_image_mode_wrap\"><img loading=\"lazy\" decoding=\"async\" src=\"https:\/\/guestwisely.dev\/wp-content\/uploads\/2025\/07\/housekeeping-icon.png\" width=\"141\" height=\"137\" sizes=\"(max-width: 141px) 100vw, 141px\" class=\"et-waypoint et_pb_animation_top et_pb_animation_top_tablet et_pb_animation_top_phone wp-image-37851\" \/><\/span><\/div><div class=\"et_pb_blurb_container\"><h4 class=\"et_pb_module_header\">Operaciones y Equipo <\/h4><div class=\"et_pb_blurb_description\"><p>Programaci\u00f3n de tareas, seguimiento de mantenimiento, acceso m\u00f3vil, roles de usuario.<\/p>\n<\/div><\/div><\/div><\/div>\n<\/div>\n\n<div class=\"et_pb_column_10 et_pb_column et_flex_column et_pb_css_mix_blend_mode_passthrough et_flex_column_24_24\">\n<div class=\"et_pb_blurb_8 et_pb_blurb et_pb_bg_layout_light et_pb_text_align_left et_pb_blurb_position_top et_pb_module et_flex_module\"><div class=\"et_pb_blurb_content et_flex_module\"><div class=\"et_pb_main_blurb_image\"><span class=\"et_pb_image_wrap et_pb_only_image_mode_wrap\"><img loading=\"lazy\" decoding=\"async\" src=\"https:\/\/guestwisely.dev\/wp-content\/uploads\/2025\/07\/auto-payments-icon.png\" width=\"155\" height=\"154\" srcset=\"https:\/\/guestwisely.dev\/wp-content\/uploads\/2025\/07\/auto-payments-icon.png 155w, https:\/\/guestwisely.dev\/wp-content\/uploads\/2025\/07\/auto-payments-icon-150x150.png 150w\" sizes=\"(max-width: 155px) 100vw, 155px\" class=\"et-waypoint et_pb_animation_top et_pb_animation_top_tablet et_pb_animation_top_phone wp-image-37030\" \/><\/span><\/div><div class=\"et_pb_blurb_container\"><h4 class=\"et_pb_module_header\">Finanzas y Propietarios <\/h4><div class=\"et_pb_blurb_description\"><p>Procesamiento de pagos, facturaci\u00f3n, contabilidad, portal para propietarios, gesti\u00f3n fiduciaria.<\/p>\n<\/div><\/div><\/div><\/div>\n<\/div>\n\n<div class=\"et_pb_column_11 et_pb_column et-last-child et_flex_column et_pb_css_mix_blend_mode_passthrough et_flex_column_24_24\">\n<div class=\"et_pb_blurb_9 et_pb_blurb et_pb_bg_layout_light et_pb_text_align_left et_pb_blurb_position_top et_pb_module et_flex_module\"><div class=\"et_pb_blurb_content et_flex_module\"><div class=\"et_pb_main_blurb_image\"><span class=\"et_pb_image_wrap et_pb_only_image_mode_wrap\"><img loading=\"lazy\" decoding=\"async\" src=\"https:\/\/guestwisely.dev\/wp-content\/uploads\/2025\/07\/key-metrics-icon.png\" width=\"152\" height=\"136\" sizes=\"(max-width: 152px) 100vw, 152px\" class=\"et-waypoint et_pb_animation_top et_pb_animation_top_tablet et_pb_animation_top_phone wp-image-37354\" \/><\/span><\/div><div class=\"et_pb_blurb_container\"><h4 class=\"et_pb_module_header\">Ingresos y Anal\u00edtica <\/h4><div class=\"et_pb_blurb_description\"><p>Precios din\u00e1micos, recargos por canal, panel de an\u00e1lisis, insights financieros y de hu\u00e9spedes.<\/p>\n<\/div><\/div><\/div><\/div>\n<\/div>\n<\/div>\n\n<div class=\"et_pb_row_6 et_pb_row et_pb_equal_columns et_pb_gutters1 et_block_row\">\n<div class=\"et_pb_column_12 et_pb_column et_pb_column_4_4 et-last-child et_block_column et_pb_css_mix_blend_mode_passthrough\">\n<div class=\"et_pb_module et_pb_button_module_wrapper et_pb_button_2_wrapper preset--module--divi-button--7etvbn1ri6_wrapper\"><a class=\"et_pb_button_2 et_pb_button et_pb_bg_layout_light et_pb_module et_flex_module preset--module--divi-button--7etvbn1ri6\" href=\"\/es\/software-gestion-propiedades\/\">Descubre m\u00e1s<\/a><\/div>\n<\/div>\n<\/div>\n<\/div>\n\n<div class=\"et_pb_section_4 et_pb_section et_section_regular et_block_section\">\n<div class=\"et_pb_row_7 et_pb_row et_flex_row\">\n<div class=\"et_pb_column_13 et_pb_column et_flex_column et_pb_css_mix_blend_mode_passthrough et_flex_column_24_24\">\n<div class=\"et_pb_heading_3 et_pb_heading et_pb_module et_flex_module\"><div class=\"et_pb_heading_container\"><h2 class=\"et_pb_module_header\">Creado para Administradores Profesionales \u2014 No Solo para Anfitriones<\/h2><\/div><\/div>\n<\/div>\n\n<div class=\"et_pb_column_14 et_pb_column et-last-child et_flex_column et_pb_css_mix_blend_mode_passthrough et_flex_column_24_24\">\n<div class=\"et_pb_text_4 et_pb_text et_pb_bg_layout_light et_pb_module et_flex_module\"><div class=\"et_pb_text_inner\"><p>GuestWisely est\u00e1 dise\u00f1ado para gestores con m\u00e1s de 20 unidades, con herramientas, automatizaci\u00f3n y escalabilidad que van mucho m\u00e1s all\u00e1 de lo que ofrecen las plataformas centradas en anfitriones.<\/p>\n<\/div><\/div>\n<\/div>\n<\/div>\n\n<div class=\"et_pb_row_8 et_pb_row et_flex_row\">\n<div class=\"et_pb_column_15 et_pb_column et_flex_column et_pb_css_mix_blend_mode_passthrough et_flex_column_24_24\">\n<div class=\"et_pb_image_3 et_pb_image et_pb_image_sticky et_pb_module et_flex_module\"><span class=\"et_pb_image_wrap\"><img loading=\"lazy\" decoding=\"async\" src=\"https:\/\/guestwisely.dev\/wp-content\/uploads\/2025\/07\/property-manager.jpg\" width=\"800\" height=\"1073\" srcset=\"https:\/\/guestwisely.dev\/wp-content\/uploads\/2025\/07\/property-manager.jpg 800w, https:\/\/guestwisely.dev\/wp-content\/uploads\/2025\/07\/property-manager-480x644.jpg 480w\" sizes=\"(min-width: 0px) and (max-width: 480px) 480px, (min-width: 481px) 800px, 100vw\" class=\"wp-image-38342\" \/><\/span><\/div>\n<\/div>\n\n<div class=\"et_pb_column_16 et_pb_column et-last-child et_flex_column et_pb_css_mix_blend_mode_passthrough et_flex_column_24_24\">\n<div class=\"et_pb_blurb_10 et_pb_blurb et_pb_bg_layout_light et_pb_text_align_left et_pb_blurb_position_left et_pb_module et_flex_module\"><div class=\"et_pb_blurb_content et_flex_module\"><div class=\"et_pb_main_blurb_image\"><span class=\"et_pb_image_wrap et_pb_only_image_mode_wrap\"><img loading=\"lazy\" decoding=\"async\" src=\"https:\/\/guestwisely.dev\/wp-content\/uploads\/2025\/07\/owner-login-icon.png\" width=\"116\" height=\"112\" sizes=\"(max-width: 116px) 100vw, 116px\" class=\"et-waypoint et_pb_animation_top et_pb_animation_top_tablet et_pb_animation_top_phone wp-image-37577\" \/><\/span><\/div><div class=\"et_pb_blurb_container\"><h4 class=\"et_pb_module_header\">Acceso multiusuario y roles<\/h4><div class=\"et_pb_blurb_description\"><p>Coordina limpieza, mantenimiento, contabilidad y atenci\u00f3n al hu\u00e9sped con precisi\u00f3n.<\/p>\n<\/div><\/div><\/div><\/div>\n\n<div class=\"et_pb_blurb_11 et_pb_blurb et_pb_bg_layout_light et_pb_text_align_left et_pb_blurb_position_left et_pb_module et_flex_module\"><div class=\"et_pb_blurb_content et_flex_module\"><div class=\"et_pb_main_blurb_image\"><span class=\"et_pb_image_wrap et_pb_only_image_mode_wrap\"><img loading=\"lazy\" decoding=\"async\" src=\"https:\/\/guestwisely.dev\/wp-content\/uploads\/2025\/06\/booking-engine-icon.png\" width=\"145\" height=\"150\" sizes=\"(max-width: 145px) 100vw, 145px\" class=\"et-waypoint et_pb_animation_top et_pb_animation_top_tablet et_pb_animation_top_phone wp-image-308\" \/><\/span><\/div><div class=\"et_pb_blurb_container\"><h4 class=\"et_pb_module_header\">Calendario y operaciones multipropiedad<\/h4><div class=\"et_pb_blurb_description\"><p>Gestiona disponibilidad, tareas y flujos de trabajo en todas tus unidades.<\/p>\n<\/div><\/div><\/div><\/div>\n\n<div class=\"et_pb_blurb_12 et_pb_blurb et_pb_bg_layout_light et_pb_text_align_left et_pb_blurb_position_left et_pb_module et_flex_module\"><div class=\"et_pb_blurb_content et_flex_module\"><div class=\"et_pb_main_blurb_image\"><span class=\"et_pb_image_wrap et_pb_only_image_mode_wrap\"><img loading=\"lazy\" decoding=\"async\" src=\"https:\/\/guestwisely.dev\/wp-content\/uploads\/2025\/07\/rental-agreement-icon.png\" width=\"152\" height=\"141\" sizes=\"(max-width: 152px) 100vw, 152px\" class=\"et-waypoint et_pb_animation_top et_pb_animation_top_tablet et_pb_animation_top_phone wp-image-37207\" \/><\/span><\/div><div class=\"et_pb_blurb_container\"><h4 class=\"et_pb_module_header\">Funciones centradas en el propietario<\/h4><div class=\"et_pb_blurb_description\"><p>Portales, informes, contratos e informes automatizados sin m\u00e1s carga administrativa.<\/p>\n<\/div><\/div><\/div><\/div>\n\n<div class=\"et_pb_blurb_13 et_pb_blurb et_pb_bg_layout_light et_pb_text_align_left et_pb_blurb_position_left et_pb_module et_flex_module\"><div class=\"et_pb_blurb_content et_flex_module\"><div class=\"et_pb_main_blurb_image\"><span class=\"et_pb_image_wrap et_pb_only_image_mode_wrap\"><img loading=\"lazy\" decoding=\"async\" src=\"https:\/\/guestwisely.dev\/wp-content\/uploads\/2025\/07\/channel-pricing-icon.png\" width=\"120\" height=\"116\" sizes=\"(max-width: 120px) 100vw, 120px\" class=\"et-waypoint et_pb_animation_top et_pb_animation_top_tablet et_pb_animation_top_phone wp-image-36694\" \/><\/span><\/div><div class=\"et_pb_blurb_container\"><h4 class=\"et_pb_module_header\">Precios inteligentes y distribuci\u00f3n<\/h4><div class=\"et_pb_blurb_description\"><p>Automatiza ajustes de tarifas, sincroniza OTAs y maximiza los ingresos estacionales.<\/p>\n<\/div><\/div><\/div><\/div>\n\n<div class=\"et_pb_blurb_14 et_pb_blurb et_pb_bg_layout_light et_pb_text_align_left et_pb_blurb_position_left et_pb_module et_flex_module\"><div class=\"et_pb_blurb_content et_flex_module\"><div class=\"et_pb_main_blurb_image\"><span class=\"et_pb_image_wrap et_pb_only_image_mode_wrap\"><img loading=\"lazy\" decoding=\"async\" src=\"https:\/\/guestwisely.dev\/wp-content\/uploads\/2025\/07\/built-in-icon.png\" width=\"120\" height=\"120\" sizes=\"(max-width: 120px) 100vw, 120px\" class=\"et-waypoint et_pb_animation_top et_pb_animation_top_tablet et_pb_animation_top_phone wp-image-36699\" \/><\/span><\/div><div class=\"et_pb_blurb_container\"><h4 class=\"et_pb_module_header\">PMS unificado<\/h4><div class=\"et_pb_blurb_description\"><p>Sin silos. Cada m\u00f3dulo est\u00e1 conectado para mayor rendimiento y menos errores. <\/p>\n<\/div><\/div><\/div><\/div>\n<\/div>\n<\/div>\n<\/div>\n\n<div class=\"et_pb_section_5 et_pb_section et_section_regular et_block_section\">\n<div class=\"et_pb_row_9 et_pb_row et_pb_gutters3 et_block_row\">\n<div class=\"et_pb_column_17 et_pb_column et_pb_column_4_4 et-last-child et_block_column et_pb_css_mix_blend_mode_passthrough\">\n<div class=\"et_pb_heading_4 et_pb_heading et_pb_module et_flex_module\"><div class=\"et_pb_heading_container\"><h2 class=\"et_pb_module_header\">Preguntas Frecuentes<\/h2><\/div><\/div>\n\n<div class=\"et_pb_text_5 et_pb_text et_pb_bg_layout_light et_pb_module et_flex_module\"><div class=\"et_pb_text_inner\"><p>Lo que necesitas saber para crecer con confianza con GuestWisely<\/p>\n<\/div><\/div>\n<\/div>\n<\/div>\n\n<div class=\"et_pb_row_10 et_pb_row et_pb_gutters3 et_block_row\">\n<div class=\"et_pb_column_18 et_pb_column et_pb_column_4_4 et-last-child et_block_column et_pb_css_mix_blend_mode_passthrough\">\n<div class=\"et_pb_accordion_0 et_pb_accordion et_pb_module et_block_module\">\n<div class=\"et_pb_accordion_item_0 et_pb_accordion_item et_pb_toggle et_pb_module et_pb_toggle_open et_flex_module\"><h3 class=\"et_pb_toggle_title\">\u00bfFunciona para portafolios regionales?<\/h3><div class=\"et_pb_toggle_content et_flex_module\"><p>S\u00ed. GuestWisely permite operaciones en m\u00faltiples regiones con soporte para multimoneda, multidioma y agrupaci\u00f3n de propiedades. Puedes centralizar tus operaciones y adaptar informes y configuraciones por ubicaci\u00f3n.  <\/p>\n<\/div><\/div>\n\n<div class=\"et_pb_accordion_item_1 et_pb_accordion_item et_pb_toggle et_pb_module et_pb_toggle_close et_flex_module\"><h3 class=\"et_pb_toggle_title\">\u00bfPuedo seguir publicando en Airbnb, VRBO y otras OTAs?<\/h3><div class=\"et_pb_toggle_content et_flex_module\"><p>Por supuesto. Nuestro channel manager integrado sincroniza disponibilidad, tarifas y contenido en m\u00e1s de 60 OTAs en tiempo real. Elimina reservas dobles y asegura que cada canal muestre informaci\u00f3n precisa sin actualizaciones manuales.  <\/p>\n<\/div><\/div>\n\n<div class=\"et_pb_accordion_item_2 et_pb_accordion_item et_pb_toggle et_pb_module et_pb_toggle_close et_flex_module\"><h3 class=\"et_pb_toggle_title\">\u00bfCu\u00e1nto tiempo lleva la migraci\u00f3n desde otro PMS?<\/h3><div class=\"et_pb_toggle_content et_flex_module\"><p>La mayor\u00eda de los administradores completan la migraci\u00f3n en 1 a 2 semanas, dependiendo del tama\u00f1o de su portafolio. Asignamos un especialista dedicado que te asiste con la migraci\u00f3n de datos, configuraci\u00f3n, capacitaci\u00f3n y puesta en marcha \u2014 sin coste adicional. <\/p>\n<\/div><\/div>\n\n<div class=\"et_pb_accordion_item_3 et_pb_accordion_item et_pb_toggle et_pb_module et_pb_toggle_close et_flex_module\"><h3 class=\"et_pb_toggle_title\">\u00bfLos propietarios pueden ver reservas e informaci\u00f3n financiera?<\/h3><div class=\"et_pb_toggle_content et_flex_module\"><p>S\u00ed. Cada propietario accede a un portal con tu marca donde puede ver calendarios en tiempo real, actividad de reservas, estados de cuenta y documentos. Puedes personalizar los permisos para controlar qu\u00e9 ve cada uno.  <\/p>\n<\/div><\/div>\n<\/div>\n<\/div>\n<\/div>\n<\/div>\n\n<div class=\"et_pb_section_6 et_pb_section et_section_regular et_block_section\">\n<div class=\"et_pb_row_11 et_pb_row et_pb_gutters3 et_block_row\">\n<div class=\"et_pb_column_19 et_pb_column et_pb_column_4_4 et-last-child et_block_column et_pb_css_mix_blend_mode_passthrough\">\n<div class=\"et_pb_heading_5 et_pb_heading et_pb_module et_flex_module\"><div class=\"et_pb_heading_container\"><h2 class=\"et_pb_module_header\">\u00bfListo para Escalar con Confianza?<\/h2><\/div><\/div>\n\n<div class=\"et_pb_text_6 et_pb_text et_pb_bg_layout_dark et_pb_module et_flex_module\"><div class=\"et_pb_text_inner\"><p>Reserva una demo para descubrir c\u00f3mo GuestWisely ayuda a los administradores profesionales a ampliar su portafolio, impresionar a los propietarios y optimizar sus operaciones \u2014 sin a\u00f1adir complejidad.<\/p>\n<\/div><\/div>\n\n<div class=\"et_pb_module et_pb_button_module_wrapper et_pb_button_3_wrapper preset--module--divi-button--uwhe67bdsz_wrapper\"><a class=\"et_pb_button_3 et_pb_button et_pb_bg_layout_light et_pb_module et_flex_module preset--module--divi-button--uwhe67bdsz\" href=\"\/es\/reserva-una-demo\/\">Empezar Ahora<\/a><\/div>\n<\/div>\n<\/div>\n<\/div>","protected":false},"excerpt":{"rendered":"","protected":false},"author":4,"featured_media":0,"parent":0,"menu_order":19,"comment_status":"closed","ping_status":"closed","template":"","meta":{"footnotes":"","_wp_rev_ctl_limit":""},"class_list":["post-38700","page","type-page","status-publish","hentry"],"_links":{"self":[{"href":"https:\/\/guestwisely.dev\/es\/wp-json\/wp\/v2\/pages\/38700","targetHints":{"allow":["GET"]}}],"collection":[{"href":"https:\/\/guestwisely.dev\/es\/wp-json\/wp\/v2\/pages"}],"about":[{"href":"https:\/\/guestwisely.dev\/es\/wp-json\/wp\/v2\/types\/page"}],"author":[{"embeddable":true,"href":"https:\/\/guestwisely.dev\/es\/wp-json\/wp\/v2\/users\/4"}],"replies":[{"embeddable":true,"href":"https:\/\/guestwisely.dev\/es\/wp-json\/wp\/v2\/comments?post=38700"}],"version-history":[{"count":3,"href":"https:\/\/guestwisely.dev\/es\/wp-json\/wp\/v2\/pages\/38700\/revisions"}],"predecessor-version":[{"id":240467,"href":"https:\/\/guestwisely.dev\/es\/wp-json\/wp\/v2\/pages\/38700\/revisions\/240467"}],"wp:attachment":[{"href":"https:\/\/guestwisely.dev\/es\/wp-json\/wp\/v2\/media?parent=38700"}],"curies":[{"name":"wp","href":"https:\/\/api.w.org\/{rel}","templated":true}]}}