{"id":38710,"date":"2025-07-08T14:24:38","date_gmt":"2025-07-08T14:24:38","guid":{"rendered":"https:\/\/guestwisely.dev\/casos-de-exito\/"},"modified":"2025-09-08T14:11:08","modified_gmt":"2025-09-08T14:11:08","slug":"casos-de-exito","status":"publish","type":"page","link":"https:\/\/guestwisely.dev\/es\/casos-de-exito\/","title":{"rendered":"Casos de \u00c9xito"},"content":{"rendered":"<div class=\"et_pb_section_0 et_pb_section et_section_regular et_block_section\">\n<div class=\"et_pb_row_0 et_pb_row et_pb_equal_columns et_pb_gutters1 et_block_row\">\n<div class=\"et_pb_column_0 et_pb_column et_pb_column_4_4 et-last-child et_block_column et_pb_css_mix_blend_mode_passthrough\">\n<div class=\"et_pb_text_0 et_pb_text et_pb_bg_layout_light et_pb_module et_flex_module\"><div class=\"et_pb_text_inner\"><p style=\"text-align: center;\">Casos de \u00c9xito<\/p>\n<\/div><\/div>\n\n<div class=\"et_pb_heading_0 et_pb_heading et_pb_module et_flex_module\"><div class=\"et_pb_heading_container\"><h1 class=\"et_pb_module_header\">Historias Reales de Administradores Profesionales de Propiedades en Todo el Mundo<\/h1><\/div><\/div>\n\n<div class=\"et_pb_text_1 et_pb_text et_pb_bg_layout_light et_pb_module et_flex_module\"><div class=\"et_pb_text_inner\" data-et-mv-hidden-phone=\"true\"><p data-start=\"290\" data-end=\"551\" style=\"text-align: center;\">En GuestWisely, estamos orgullosos de impulsar a administradores ambiciosos, agencias de hospitalidad y operadores independientes en m\u00e1s de 60 pa\u00edses. Descubre c\u00f3mo nuestra plataforma todo en uno les ayuda a optimizar operaciones, aumentar reservas y escalar m\u00e1s r\u00e1pido \u2014 con menos estr\u00e9s. <\/p>\n<\/div><\/div>\n<\/div>\n<\/div>\n<\/div>\n\n<div class=\"et_pb_section_1 et_pb_section et_section_regular et_block_section\">\n<div class=\"et_pb_row_1 et_pb_row et_flex_row\">\n<div class=\"et_pb_column_1 et_pb_column et-last-child et_flex_column et_pb_css_mix_blend_mode_passthrough et_flex_column_24_24\">\n<div class=\"et_pb_heading_1 et_pb_heading et_pb_module et_flex_module\"><div class=\"et_pb_heading_container\"><h2 class=\"et_pb_module_header\">Clientes Destacados: Historias de \u00c9xito<\/h2><\/div><\/div>\n<\/div>\n<\/div>\n\n<div class=\"et_pb_row_2 et_pb_row et_flex_row\">\n<div class=\"et_pb_column_2 et_pb_column et_flex_column et_pb_css_mix_blend_mode_passthrough et_flex_column_24_24\">\n<div class=\"et_pb_blurb_0 et_pb_blurb et_pb_bg_layout_light et_pb_text_align_left et_pb_blurb_position_top et_clickable et_pb_module et_flex_module\"><div class=\"et_pb_blurb_content et_flex_module\"><div class=\"et_pb_blurb_container\"><h4 class=\"et_pb_module_header\"><a href=\"https:\/\/guestwisely.dev\/es\/casos-de-exito\/ajf-dream-living\/\">AJF Dream Living<\/a><\/h4><div class=\"et_pb_blurb_description\"><p data-pm-slice=\"0 0 []\"><em>\u201cUna vez configurado, empieza a maximizar los ingresos que obtienes de tus propiedades.\u201d<\/em><\/p>\n<p>Leer la historia completa \u2192<\/p>\n<\/div><\/div><\/div><\/div>\n<\/div>\n\n<div class=\"et_pb_column_3 et_pb_column et-last-child et_flex_column et_pb_css_mix_blend_mode_passthrough et_flex_column_24_24\">\n<div class=\"et_pb_blurb_1 et_pb_blurb et_pb_bg_layout_light et_pb_text_align_left et_pb_blurb_position_top et_clickable et_pb_module et_flex_module\"><div class=\"et_pb_blurb_content et_flex_module\"><div class=\"et_pb_blurb_container\"><h4 class=\"et_pb_module_header\"><a href=\"https:\/\/guestwisely.dev\/es\/casos-de-exito\/valcambre\/\">Valcambre<\/a><\/h4><div class=\"et_pb_blurb_description\"><p data-pm-slice=\"0 0 []\"><i><span>\u201c365Villas nos ha ayudado principalmente con el volumen de nuestra operaci\u00f3n.\u201d<\/span><\/i><\/p>\n<p>Leer la historia completa \u2192<\/p>\n<\/div><\/div><\/div><\/div>\n<\/div>\n<\/div>\n\n<div class=\"et_pb_row_3 et_pb_row et_flex_row\">\n<div class=\"et_pb_column_4 et_pb_column et_flex_column et_pb_css_mix_blend_mode_passthrough et_flex_column_24_24\">\n<div class=\"et_pb_blurb_2 et_pb_blurb et_pb_bg_layout_light et_pb_text_align_left et_pb_blurb_position_top et_clickable et_pb_module et_flex_module\"><div class=\"et_pb_blurb_content et_flex_module\"><div class=\"et_pb_blurb_container\"><h4 class=\"et_pb_module_header\"><a href=\"https:\/\/guestwisely.dev\/es\/casos-de-exito\/almarina-villas\/\">Almarina Villas<\/a><\/h4><div class=\"et_pb_blurb_description\"><p data-pm-slice=\"0 0 []\"><em>\u201c<span>Nuestro crecimiento ha superado el 100% cada a\u00f1o desde que empezamos a usar 365Villas.<\/span>\u201d<\/em><\/p>\n<p>Leer la historia completa \u2192<\/p>\n<\/div><\/div><\/div><\/div>\n<\/div>\n\n<div class=\"et_pb_column_5 et_pb_column et-last-child et_flex_column et_pb_css_mix_blend_mode_passthrough et_flex_column_24_24\">\n<div class=\"et_pb_blurb_3 et_pb_blurb et_pb_bg_layout_light et_pb_text_align_left et_pb_blurb_position_top et_clickable et_pb_module et_flex_module\"><div class=\"et_pb_blurb_content et_flex_module\"><div class=\"et_pb_blurb_container\"><h4 class=\"et_pb_module_header\"><a href=\"https:\/\/guestwisely.dev\/es\/casos-de-exito\/volalto\/\">Volalto<\/a><\/h4><div class=\"et_pb_blurb_description\"><p data-pm-slice=\"0 0 []\"><i><span>\u201cLlevamos usando 365Villas desde el a\u00f1o pasado y, en t\u00e9rminos operativos, ha sido lo mejor hasta ahora.\u201d<\/span><\/i><\/p>\n<p>Leer la historia completa \u2192<\/p>\n<\/div><\/div><\/div><\/div>\n<\/div>\n<\/div>\n<\/div>\n\n<div class=\"et_pb_section_2 et_pb_section et_section_regular et_flex_section\">\n<div class=\"et_pb_row_4 et_pb_row et_flex_row\">\n<div class=\"et_pb_column_6 et_pb_column et_flex_column et_pb_css_mix_blend_mode_passthrough et_flex_column_24_24\">\n<div class=\"et_pb_heading_2 et_pb_heading et_pb_module et_flex_module\"><div class=\"et_pb_heading_container\"><h3 class=\"et_pb_module_header\">Por Qu\u00e9 los Clientes Conf\u00edan en GuestWisely<\/h3><\/div><\/div>\n\n<div class=\"et_pb_text_2 et_pb_text et_pb_bg_layout_light et_pb_module et_flex_module\"><div class=\"et_pb_text_inner\"><ul>\n<li><strong>Dise\u00f1ado para Escalar<\/strong>: Desde 10 hasta m\u00e1s de 500 unidades, nuestras herramientas crecen con tu negocio.<\/li>\n<li><strong>Resultados Comprobados<\/strong>: Los clientes reportan un ahorro de tiempo de m\u00e1s de 20 horas semanales.<\/li>\n<li><strong>Onboarding Premium<\/strong>: Soporte personalizado para configurar tu portafolio y flujos de trabajo.<\/li>\n<li><strong>Sincronizaci\u00f3n en Tiempo Real<\/strong>: Integraci\u00f3n perfecta con los principales canales y sitios web personalizados.<\/li>\n<li><strong>Soporte Confiable<\/strong>: Nuestro equipo experto est\u00e1 siempre disponible \u2014 a un mensaje de distancia.<\/li>\n<\/ul>\n<\/div><\/div>\n<\/div>\n\n<div class=\"et_pb_column_7 et_pb_column et-last-child et_flex_column et_pb_css_mix_blend_mode_passthrough et_flex_column_24_24\">\n<div class=\"et_pb_image_0 et_pb_image et_pb_image_sticky et_animated et_pb_module et_flex_module\"><span class=\"et_pb_image_wrap\"><img loading=\"lazy\" decoding=\"async\" src=\"https:\/\/guestwisely.dev\/wp-content\/uploads\/2025\/07\/Accounting-tabs.png\" width=\"800\" height=\"474\" srcset=\"https:\/\/guestwisely.dev\/wp-content\/uploads\/2025\/07\/Accounting-tabs.png 800w, https:\/\/guestwisely.dev\/wp-content\/uploads\/2025\/07\/Accounting-tabs-480x284.png 480w\" sizes=\"(min-width: 0px) and (max-width: 480px) 480px, (min-width: 481px) 800px, 100vw\" class=\"wp-image-36653\" \/><\/span><\/div>\n<\/div>\n<\/div>\n<\/div>\n\n<div class=\"et_pb_section_3 et_pb_section et_section_regular et_block_section\">\n<div class=\"et_pb_row_5 et_pb_row et_pb_gutters3 et_block_row\">\n<div class=\"et_pb_column_8 et_pb_column et_pb_column_4_4 et-last-child et_block_column et_pb_css_mix_blend_mode_passthrough\">\n<div class=\"et_pb_heading_3 et_pb_heading et_pb_module et_flex_module\"><div class=\"et_pb_heading_container\"><h2 class=\"et_pb_module_header\">Preguntas Frecuentes<\/h2><\/div><\/div>\n\n<div class=\"et_pb_text_3 et_pb_text et_pb_bg_layout_light et_pb_module et_flex_module\"><div class=\"et_pb_text_inner\"><p>Tus preguntas m\u00e1s importantes sobre GuestWisely, respondidas aqu\u00ed.<\/p>\n<\/div><\/div>\n<\/div>\n<\/div>\n\n<div class=\"et_pb_row_6 et_pb_row et_pb_gutters3 et_block_row\">\n<div class=\"et_pb_column_9 et_pb_column et_pb_column_4_4 et-last-child et_block_column et_pb_css_mix_blend_mode_passthrough\">\n<div class=\"et_pb_accordion_0 et_pb_accordion et_pb_module et_block_module\">\n<div class=\"et_pb_accordion_item_0 et_pb_accordion_item et_pb_toggle et_pb_module et_pb_toggle_open et_flex_module\"><h3 class=\"et_pb_toggle_title\">\u00bfQu\u00e9 tipo de empresas aparecen en los casos de estudio?<\/h3><div class=\"et_pb_toggle_content et_flex_module\"><p data-start=\"3582\" data-end=\"3784\">Nuestros casos incluyen una amplia variedad de operadores profesionales de alquileres a corto plazo: desde gestores con m\u00e1s de 20 unidades hasta hoteles boutique, agencias vacacionales y portafolios en m\u00faltiples mercados.<\/p>\n<\/div><\/div>\n\n<div class=\"et_pb_accordion_item_1 et_pb_accordion_item et_pb_toggle et_pb_module et_pb_toggle_close et_flex_module\"><h3 class=\"et_pb_toggle_title\">\u00bfC\u00f3mo seleccionan a los clientes para destacar?<\/h3><div class=\"et_pb_toggle_content et_flex_module\"><p>Mostramos a aquellos que han logrado un \u00e9xito medible con GuestWisely, ya sea escalando operaciones, aumentando reservas directas o simplificando su gesti\u00f3n diaria.<\/p>\n<\/div><\/div>\n\n<div class=\"et_pb_accordion_item_2 et_pb_accordion_item et_pb_toggle et_pb_module et_pb_toggle_close et_flex_module\"><h3 class=\"et_pb_toggle_title\">\u00bfLos resultados mostrados aplican a todos los usuarios?<\/h3><div class=\"et_pb_toggle_content et_flex_module\"><p data-start=\"4390\" data-end=\"4596\">Cada \u00e9xito es \u00fanico, pero los beneficios comunes son eficiencia, visibilidad y mayor satisfacci\u00f3n del hu\u00e9sped.<\/p>\n<\/div><\/div>\n\n<div class=\"et_pb_accordion_item_3 et_pb_accordion_item et_pb_toggle et_pb_module et_pb_toggle_close et_flex_module\"><h3 class=\"et_pb_toggle_title\">\u00bfCon qu\u00e9 frecuencia actualizan los casos de estudio?<\/h3><div class=\"et_pb_toggle_content et_flex_module\"><p data-start=\"4511\" data-end=\"4746\">Agregamos nuevas historias de forma regular a medida que m\u00e1s clientes alcanzan hitos importantes. Vuelve a visitarnos para ver novedades. <\/p>\n<\/div><\/div>\n\n<div class=\"et_pb_accordion_item_4 et_pb_accordion_item et_pb_toggle et_pb_module et_pb_toggle_close et_flex_module\"><h3 class=\"et_pb_toggle_title\">\u00bfPuedo aparecer en un caso de estudio?<\/h3><div class=\"et_pb_toggle_content et_flex_module\"><p>\u00a1Por supuesto! Si eres cliente actual y tienes una historia de \u00e9xito que compartir, contacta con tu gestor de cuenta o el equipo de soporte para manifestar tu inter\u00e9s. <\/p>\n<\/div><\/div>\n<\/div>\n<\/div>\n<\/div>\n<\/div>\n\n<div class=\"et_pb_section_4 et_pb_section et_section_regular et_block_section\">\n<div class=\"et_pb_row_7 et_pb_row et_pb_gutters3 et_block_row\">\n<div class=\"et_pb_column_10 et_pb_column et_pb_column_4_4 et-last-child et_block_column et_pb_css_mix_blend_mode_passthrough\">\n<div class=\"et_pb_heading_4 et_pb_heading et_pb_module et_flex_module\"><div class=\"et_pb_heading_container\"><h2 class=\"et_pb_module_header\">\u00bfListo para Optimizar Cada Parte de tu Negocio?\n\n<\/h2><\/div><\/div>\n\n<div class=\"et_pb_text_4 et_pb_text et_pb_bg_layout_dark et_pb_module et_flex_module\"><div class=\"et_pb_text_inner\"><p data-start=\"4843\" data-end=\"5023\">\u00danete a los cientos de administradores que cambiaron a GuestWisely \u2014 y no miraron atr\u00e1s.<\/p>\n<\/div><\/div>\n\n<div class=\"et_pb_module et_pb_button_module_wrapper et_pb_button_0_wrapper preset--module--divi-button--uwhe67bdsz_wrapper\"><a class=\"et_pb_button_0 et_pb_button et_pb_bg_layout_light et_pb_module et_flex_module preset--module--divi-button--uwhe67bdsz\" href=\"https:\/\/guestwisely.dev\/es\/reserva-una-demo\/\">Empezar Ahora<\/a><\/div>\n<\/div>\n<\/div>\n<\/div>","protected":false},"excerpt":{"rendered":"","protected":false},"author":3,"featured_media":0,"parent":0,"menu_order":46,"comment_status":"closed","ping_status":"closed","template":"","meta":{"footnotes":"","_wp_rev_ctl_limit":""},"class_list":["post-38710","page","type-page","status-publish","hentry"],"_links":{"self":[{"href":"https:\/\/guestwisely.dev\/es\/wp-json\/wp\/v2\/pages\/38710","targetHints":{"allow":["GET"]}}],"collection":[{"href":"https:\/\/guestwisely.dev\/es\/wp-json\/wp\/v2\/pages"}],"about":[{"href":"https:\/\/guestwisely.dev\/es\/wp-json\/wp\/v2\/types\/page"}],"author":[{"embeddable":true,"href":"https:\/\/guestwisely.dev\/es\/wp-json\/wp\/v2\/users\/3"}],"replies":[{"embeddable":true,"href":"https:\/\/guestwisely.dev\/es\/wp-json\/wp\/v2\/comments?post=38710"}],"version-history":[{"count":6,"href":"https:\/\/guestwisely.dev\/es\/wp-json\/wp\/v2\/pages\/38710\/revisions"}],"predecessor-version":[{"id":239790,"href":"https:\/\/guestwisely.dev\/es\/wp-json\/wp\/v2\/pages\/38710\/revisions\/239790"}],"wp:attachment":[{"href":"https:\/\/guestwisely.dev\/es\/wp-json\/wp\/v2\/media?parent=38710"}],"curies":[{"name":"wp","href":"https:\/\/api.w.org\/{rel}","templated":true}]}}