{"id":38714,"date":"2025-07-25T05:36:38","date_gmt":"2025-07-25T05:36:38","guid":{"rendered":"https:\/\/guestwisely.dev\/resenas\/"},"modified":"2025-10-14T07:22:43","modified_gmt":"2025-10-14T07:22:43","slug":"resenas","status":"publish","type":"page","link":"https:\/\/guestwisely.dev\/es\/resenas\/","title":{"rendered":"Rese\u00f1as"},"content":{"rendered":"<div class=\"et_pb_section_0 et_pb_section et_section_regular et_block_section\">\n<div class=\"et_pb_row_0 et_pb_row et_pb_equal_columns et_pb_gutters1 et_block_row\">\n<div class=\"et_pb_column_0 et_pb_column et_pb_column_4_4 et-last-child et_block_column et_pb_css_mix_blend_mode_passthrough\">\n<div class=\"et_pb_text_0 et_pb_text et_pb_bg_layout_light et_pb_module et_flex_module\"><div class=\"et_pb_text_inner\"><p style=\"text-align: center;\">Rese\u00f1as<\/p>\n<\/div><\/div>\n\n<div class=\"et_pb_heading_0 et_pb_heading et_pb_module et_flex_module\"><div class=\"et_pb_heading_container\"><h1 class=\"et_pb_module_header\">Lo Que Dicen Nuestros Usuarios Sobre GuestWisely<br><br><\/h1><\/div><\/div>\n\n<div class=\"et_pb_text_1 et_pb_text et_pb_bg_layout_light et_pb_module et_flex_module\"><div class=\"et_pb_text_inner\" data-et-mv-hidden-phone=\"true\"><p data-start=\"450\" data-end=\"615\" style=\"text-align: center;\">Miles de administradores profesionales y propietarios conf\u00edan en GuestWisely para simplificar sus operaciones, mejorar la experiencia del hu\u00e9sped y hacer crecer su negocio. Esto es lo que opinan:<\/p>\n<\/div><\/div>\n\n<div class=\"et_pb_module et_pb_button_module_wrapper et_pb_button_0_wrapper\"><a class=\"et_pb_button_0 et_pb_button et_pb_bg_layout_light et_pb_module et_flex_module\" href=\"https:\/\/reviews.capterra.com\/products\/new\/b44a5146-d3b2-4f9e-ad0f-a6d200b28511\/\" target=\"_blank\">Deja tu rese\u00f1a<\/a><\/div>\n<\/div>\n<\/div>\n<\/div>\n\n<div class=\"et_pb_section_1 et_pb_section et_section_regular et_block_section\">\n<div class=\"et_pb_row_1 et_pb_row et_flex_row\">\n<div class=\"et_pb_column_1 et_pb_column et-last-child et_flex_column et_pb_css_mix_blend_mode_passthrough et_flex_column_24_24\">\n<div class=\"et_pb_heading_1 et_pb_heading et_pb_module et_flex_module\"><div class=\"et_pb_heading_container\"><h2 class=\"et_pb_module_header\">Nuestras \u00daltimas Rese\u00f1as<\/h2><\/div><\/div>\n\n<div class=\"et_pb_text_2 et_pb_text et_pb_bg_layout_light et_pb_module et_flex_module\"><div class=\"et_pb_text_inner\" data-et-mv-hidden-phone=\"true\"><p data-start=\"450\" data-end=\"615\" style=\"text-align: center;\">Descubre lo que dicen los administradores de propiedades de todo el mundo sobre GuestWisely.<\/p>\n<\/div><\/div>\n\n<div class=\"et_pb_code_0 et_pb_code et_pb_text_align_center et_pb_module\"><div class=\"et_pb_code_inner\"><div data-src=\"https:\/\/cdn.trustindex.io\/loader.js?e10268e43694455dc559124524\"><\/div><\/div><\/div>\n<\/div>\n<\/div>\n\n<div class=\"et_pb_row_2 et_pb_row et_pb_gutters2 et_block_row\">\n<div class=\"et_pb_column_2 et_pb_column et_pb_column_1_3 et_flex_column et_pb_css_mix_blend_mode_passthrough\">\n<div class=\"et_pb_group_0 et_pb_group et_pb_module et_flex_group et_pb_css_mix_blend_mode_passthrough\">\n<div class=\"et_pb_blurb_0 et_pb_blurb et_pb_bg_layout_light et_pb_text_align_left et_pb_blurb_position_top et_pb_module et_flex_module\"><div class=\"et_pb_blurb_content et_flex_module\"><div class=\"et_pb_main_blurb_image\"><span class=\"et_pb_image_wrap et_pb_only_image_mode_wrap\"><img loading=\"lazy\" decoding=\"async\" src=\"https:\/\/guestwisely.dev\/wp-content\/uploads\/2025\/07\/01-Photo-User-Review.png\" width=\"100\" height=\"100\" sizes=\"(max-width: 100px) 100vw, 100px\" class=\"et-waypoint et_pb_animation_top et_pb_animation_top_tablet et_pb_animation_top_phone wp-image-38181\" \/><\/span><\/div><div class=\"et_pb_blurb_container\"><h4 class=\"et_pb_module_header\">Toine S. \u2013 Propietario\/Broker<\/h4><div class=\"et_pb_blurb_description\"><p><img loading=\"lazy\" decoding=\"async\" src=\"https:\/\/guestwisely.dev\/wp-content\/uploads\/2025\/09\/5star.png\" width=\"90\" height=\"29\" alt=\"\" class=\"wp-image-40687 alignnone size-full\"><\/p>\n<p><\/p>\n<p>\u201cEs un producto completo, la incorporaci\u00f3n fue muy sencilla y el sistema lo tiene todo. Nuestro equipo acaba de empezar a utilizarlo y les encanta. El equipo de soporte fue muy \u00fatil durante todo el proceso de onboarding.\u201d  <\/p>\n<\/div><\/div><\/div><\/div>\n\n<div class=\"et_pb_blurb_1 et_pb_blurb et_pb_bg_layout_light et_pb_text_align_left et_pb_blurb_position_top et_pb_module et_flex_module\"><div class=\"et_pb_blurb_content et_flex_module\"><div class=\"et_pb_main_blurb_image\"><span class=\"et_pb_image_wrap et_pb_only_image_mode_wrap\"><img loading=\"lazy\" decoding=\"async\" src=\"https:\/\/guestwisely.dev\/wp-content\/uploads\/2025\/07\/03-Photo-User-Review.png\" width=\"100\" height=\"100\" sizes=\"(max-width: 100px) 100vw, 100px\" class=\"et-waypoint et_pb_animation_top et_pb_animation_top_tablet et_pb_animation_top_phone wp-image-38211\" \/><\/span><\/div><div class=\"et_pb_blurb_container\"><h4 class=\"et_pb_module_header\">Maria A. \u2013 Responsable de Reservas<br><\/h4><div class=\"et_pb_blurb_description\"><p><img loading=\"lazy\" decoding=\"async\" src=\"https:\/\/guestwisely.dev\/wp-content\/uploads\/2025\/09\/5star.png\" width=\"90\" height=\"29\" alt=\"\" class=\"wp-image-40687 alignnone size-full\"><\/p>\n<p><span>\u201cEste es un software muy completo. Lo he usado durante m\u00e1s de 6 a\u00f1os y aunque hay muchas opciones en el mercado para este tipo de negocio, siento que GuestWisely lo hace todo a la perfecci\u00f3n.<\/span><\/em><\/p>\n<p><\/p>\n<p><em><span>Para un nuevo usuario puede ser abrumador al principio, pero una vez que le coges el ritmo, todo resulta l\u00f3gico y f\u00e1cil.<\/span><\/em><em>\u201d<\/em><\/p>\n<\/div><\/div><\/div><\/div>\n<\/div>\n\n<div class=\"et_pb_blurb_2 et_pb_blurb et_pb_bg_layout_light et_pb_text_align_left et_pb_blurb_position_top et_pb_module et_flex_module\"><div class=\"et_pb_blurb_content et_flex_module\"><div class=\"et_pb_main_blurb_image\"><span class=\"et_pb_image_wrap et_pb_only_image_mode_wrap\"><img loading=\"lazy\" decoding=\"async\" src=\"https:\/\/guestwisely.dev\/wp-content\/uploads\/2025\/07\/05-Photo-User-Review.png\" width=\"100\" height=\"100\" sizes=\"(max-width: 100px) 100vw, 100px\" class=\"et-waypoint et_pb_animation_top et_pb_animation_top_tablet et_pb_animation_top_phone wp-image-38196\" \/><\/span><\/div><div class=\"et_pb_blurb_container\"><h4 class=\"et_pb_module_header\">Stephen V. \u2013 Propietario<\/h4><div class=\"et_pb_blurb_description\"><p><img loading=\"lazy\" decoding=\"async\" src=\"https:\/\/guestwisely.dev\/wp-content\/uploads\/2025\/09\/5star.png\" width=\"90\" height=\"29\" alt=\"\" class=\"wp-image-40687 alignnone size-full\"><\/p>\n<p><span>\u00abEl software es f\u00e1cil de aprender y usar, y el equipo de soporte responde con rapidez. Siempre hay formas de adaptar la herramienta a situaciones espec\u00edficas de nuestro negocio, y GuestWisely escucha e incluso implementa mejoras seg\u00fan nuestras necesidades. <\/span><\/em><\/p>\n<p><\/p>\n<p><em><span>Cambiar desde otro software a GuestWisely me ha ayudado a hacer crecer mi negocio r\u00e1pidamente y con m\u00ednimo estr\u00e9s.<\/span>\u00ab<\/em><\/p>\n<\/div><\/div><\/div><\/div>\n\n<div class=\"et_pb_blurb_3 et_pb_blurb et_pb_bg_layout_light et_pb_text_align_left et_pb_blurb_position_top et_pb_module et_flex_module\"><div class=\"et_pb_blurb_content et_flex_module\"><div class=\"et_pb_main_blurb_image\"><span class=\"et_pb_image_wrap et_pb_only_image_mode_wrap\"><img loading=\"lazy\" decoding=\"async\" src=\"https:\/\/guestwisely.dev\/wp-content\/uploads\/2025\/07\/10-Photo-User-Review.png\" width=\"100\" height=\"100\" sizes=\"(max-width: 100px) 100vw, 100px\" class=\"et-waypoint et_pb_animation_top et_pb_animation_top_tablet et_pb_animation_top_phone wp-image-38221\" \/><\/span><\/div><div class=\"et_pb_blurb_container\"><h4 class=\"et_pb_module_header\">David H. \u2013 Fundador<br><\/h4><div class=\"et_pb_blurb_description\"><p><img loading=\"lazy\" decoding=\"async\" src=\"https:\/\/guestwisely.dev\/wp-content\/uploads\/2025\/09\/5star.png\" width=\"90\" height=\"29\" alt=\"\" class=\"wp-image-40687 alignnone size-full\"><\/p>\n<p><span>\u00abMi interacci\u00f3n fue casi exclusivamente con [contenido confidencial oculto]. Desde el primer contacto, tu paciencia, profesionalismo y compromiso genuino destacaron. <\/span><\/em><\/p>\n<p><\/p>\n<p><em><span>Constantemente superaste mis expectativas, dedic\u00e1ndome mucho m\u00e1s tiempo del que imaginaba, respondiendo a todas mis preguntas y anticip\u00e1ndote a los siguientes pasos incluso antes de que supiera que iba a necesitarlos. Siempre que me comuniqu\u00e9, recib\u00ed una respuesta r\u00e1pida y proactiva. <\/span><\/em><\/p>\n<p><\/p>\n<p><em><span>Cada vez que surg\u00eda un problema, t\u00fa u otro miembro del equipo de soporte hac\u00edan seguimiento inmediato hasta que todo lo que mencion\u00e9 quedaba resuelto o respondido. Implementar este nuevo sistema ha sido abrumador, especialmente con tantas partes en movimiento, m\u00faltiples consideraciones y mi falta de experiencia en este sector. Ser\u00eda mentira decir que no me sent\u00ed completamente abrumado y algo nervioso por pasar a producci\u00f3n, especialmente en lo relacionado con la recaudaci\u00f3n de pagos, los movimientos de dinero y la gesti\u00f3n de dep\u00f3sitos.  <\/span><\/em><\/p>\n<p><\/p>\n<p><em><span>Dicho esto, con la red de soporte tan receptiva que tienen, me siento con la confianza de que recibir\u00e9 ayuda cuando la necesite. Tu atenci\u00f3n al detalle y experiencia hicieron que todo el proceso fuera menos estresante y mucho m\u00e1s positivo de lo que esperaba. Estoy sinceramente agradecido por la dedicaci\u00f3n y el tiempo que me brindaste, y espero continuar y fortalecer nuestra colaboraci\u00f3n. Ya tengo confirmada otra propiedad que comenzar\u00e1 en unas semanas y estoy seguro de que esto es solo el comienzo.   <\/span><\/em><em>\u00ab<\/em><\/p>\n<\/div><\/div><\/div><\/div>\n<\/div>\n\n<div class=\"et_pb_column_3 et_pb_column et_pb_column_1_3 et_flex_column et_pb_css_mix_blend_mode_passthrough\">\n<div class=\"et_pb_blurb_4 et_pb_blurb et_pb_bg_layout_light et_pb_text_align_left et_pb_blurb_position_top et_pb_module et_flex_module\"><div class=\"et_pb_blurb_content et_flex_module\"><div class=\"et_pb_main_blurb_image\"><span class=\"et_pb_image_wrap et_pb_only_image_mode_wrap\"><img loading=\"lazy\" decoding=\"async\" src=\"https:\/\/guestwisely.dev\/wp-content\/uploads\/2025\/07\/04-Photo-User-Review.png\" width=\"100\" height=\"100\" sizes=\"(max-width: 100px) 100vw, 100px\" class=\"et-waypoint et_pb_animation_top et_pb_animation_top_tablet et_pb_animation_top_phone wp-image-38186\" \/><\/span><\/div><div class=\"et_pb_blurb_container\"><h4 class=\"et_pb_module_header\">Corne S. \u2013 Propietario<\/h4><div class=\"et_pb_blurb_description\"><p><img loading=\"lazy\" decoding=\"async\" src=\"https:\/\/guestwisely.dev\/wp-content\/uploads\/2025\/09\/5star.png\" width=\"90\" height=\"29\" alt=\"\" class=\"wp-image-40687 alignnone size-full\"><\/p>\n<p>\u201cBuscamos durante m\u00e1s de un a\u00f1o un PMS adecuado para nuestro negocio de alquileres y gesti\u00f3n de propiedades a corto plazo: quer\u00edamos reducir esfuerzos, evitar duplicaciones, mejorar la eficiencia y sobre todo elevar la experiencia del hu\u00e9sped.<\/span><\/em><\/p>\n<p><\/p>\n<p><em><span>Cuando descubrimos GuestWisely est\u00e1bamos esc\u00e9pticos, pero entusiasmados. Desde el principio nos sorprendi\u00f3 el servicio del equipo, la facilidad de uso, las funciones inteligentes, la velocidad de implementaci\u00f3n y la integraci\u00f3n con nuestro sitio web. <\/span><\/em><\/p>\n<p><\/p>\n<p><em><span>Una gran ventaja fue poder usar una pasarela de pagos adecuada para Sud\u00e1frica. \u00a1Altamente recomendado!  <\/span>\u00ab<\/em><\/p>\n<\/div><\/div><\/div><\/div>\n\n<div class=\"et_pb_blurb_5 et_pb_blurb et_pb_bg_layout_light et_pb_text_align_left et_pb_blurb_position_top et_pb_module et_flex_module\"><div class=\"et_pb_blurb_content et_flex_module\"><div class=\"et_pb_main_blurb_image\"><span class=\"et_pb_image_wrap et_pb_only_image_mode_wrap\"><img loading=\"lazy\" decoding=\"async\" src=\"https:\/\/guestwisely.dev\/wp-content\/uploads\/2025\/07\/11-Photo-User-Review.png\" width=\"100\" height=\"100\" sizes=\"(max-width: 100px) 100vw, 100px\" class=\"et-waypoint et_pb_animation_top et_pb_animation_top_tablet et_pb_animation_top_phone wp-image-38206\" \/><\/span><\/div><div class=\"et_pb_blurb_container\"><h4 class=\"et_pb_module_header\">Ben A. \u2013 Gerente General<\/h4><div class=\"et_pb_blurb_description\"><p><img loading=\"lazy\" decoding=\"async\" src=\"https:\/\/guestwisely.dev\/wp-content\/uploads\/2025\/09\/5star.png\" width=\"90\" height=\"29\" alt=\"\" class=\"wp-image-40687 alignnone size-full\"><\/p>\n<p><\/p>\n<p>\u00abUn paquete flexible y din\u00e1mico que se adapta a todas nuestras necesidades administrativas de alquiler de apartamentos y villas.<\/p>\n<p><\/p>\n<p><em><span>El equipo de soporte es accesible, amable y responde r\u00e1pidamente. Siempre hemos tenido una buena relaci\u00f3n con el equipo de GuestWisely, que realmente quiere ayudar.\u00bb <\/span><\/em><\/p>\n<\/div><\/div><\/div><\/div>\n\n<div class=\"et_pb_blurb_6 et_pb_blurb et_pb_bg_layout_light et_pb_text_align_left et_pb_blurb_position_top et_pb_module et_flex_module\"><div class=\"et_pb_blurb_content et_flex_module\"><div class=\"et_pb_main_blurb_image\"><span class=\"et_pb_image_wrap et_pb_only_image_mode_wrap\"><img loading=\"lazy\" decoding=\"async\" src=\"https:\/\/guestwisely.dev\/wp-content\/uploads\/2025\/07\/06-Photo-User-Review.png\" width=\"100\" height=\"100\" sizes=\"(max-width: 100px) 100vw, 100px\" class=\"et-waypoint et_pb_animation_top et_pb_animation_top_tablet et_pb_animation_top_phone wp-image-38226\" \/><\/span><\/div><div class=\"et_pb_blurb_container\"><h4 class=\"et_pb_module_header\">Ciara A. \u2013 Ventas y Marketing<\/h4><div class=\"et_pb_blurb_description\"><p><img loading=\"lazy\" decoding=\"async\" src=\"https:\/\/guestwisely.dev\/wp-content\/uploads\/2025\/09\/5star.png\" width=\"90\" height=\"29\" alt=\"\" class=\"wp-image-40687 alignnone size-full\"><\/p>\n<p><span>\u00abTrabajamos con GuestWisely todos los d\u00edas, lo que nos permite conectarnos perfectamente con Airbnb, Booking.com, HomeAway y otros OTAs. Es extremadamente f\u00e1cil de usar con distintos modelos y cuentas de negocio. <\/span><\/em><\/p>\n<p><\/p>\n<p><em><span>Es un software completo para el negocio de alquiler vacacional: sitio web, CRM, reservas internas y externas, limpieza, upsells, marketing, pagos, reembolsos y m\u00e1s. <\/span><\/em><\/p>\n<p><\/p>\n<p><em><span>Han mejorado el sistema con base en nuestras sugerencias. Muy recomendado para hoteles, apartamentos tur\u00edsticos, gestores de propiedades y hostales.\u201d <\/span><\/em><em>\u00ab<\/em><\/p>\n<\/div><\/div><\/div><\/div>\n\n<div class=\"et_pb_blurb_7 et_pb_blurb et_pb_bg_layout_light et_pb_text_align_left et_pb_blurb_position_top et_pb_module et_flex_module\"><div class=\"et_pb_blurb_content et_flex_module\"><div class=\"et_pb_main_blurb_image\"><span class=\"et_pb_image_wrap et_pb_only_image_mode_wrap\"><img loading=\"lazy\" decoding=\"async\" src=\"https:\/\/guestwisely.dev\/wp-content\/uploads\/2025\/07\/13-Photo-User-Review.png\" width=\"100\" height=\"100\" sizes=\"(max-width: 100px) 100vw, 100px\" class=\"et-waypoint et_pb_animation_top et_pb_animation_top_tablet et_pb_animation_top_phone wp-image-38236\" \/><\/span><\/div><div class=\"et_pb_blurb_container\"><h4 class=\"et_pb_module_header\">Mark N. \u2013 Director<\/h4><div class=\"et_pb_blurb_description\"><p><img loading=\"lazy\" decoding=\"async\" src=\"https:\/\/guestwisely.dev\/wp-content\/uploads\/2025\/09\/5star.png\" width=\"90\" height=\"29\" alt=\"\" class=\"wp-image-40687 alignnone size-full\"><\/p>\n<p> \u00abEl software funciona bien, nos ahorra tiempo y nos permite ofrecer una buena experiencia al hu\u00e9sped.<\/em><\/p>\n<p><\/p>\n<p><em><span>Cubre casi todas las \u00e1reas de nuestro negocio: sitio web, OTAs, comunicaci\u00f3n, limpieza y contabilidad. Es f\u00e1cil de usar y bastante configurable. Tambi\u00e9n se integra bien con PriceLabs.  <\/span>\u00ab<\/em><\/p>\n<\/div><\/div><\/div><\/div>\n<\/div>\n\n<div class=\"et_pb_column_4 et_pb_column et_pb_column_1_3 et-last-child et_flex_column et_pb_css_mix_blend_mode_passthrough\">\n<div class=\"et_pb_blurb_8 et_pb_blurb et_pb_bg_layout_light et_pb_text_align_left et_pb_blurb_position_top et_pb_module et_flex_module\"><div class=\"et_pb_blurb_content et_flex_module\"><div class=\"et_pb_main_blurb_image\"><span class=\"et_pb_image_wrap et_pb_only_image_mode_wrap\"><img loading=\"lazy\" decoding=\"async\" src=\"https:\/\/guestwisely.dev\/wp-content\/uploads\/2025\/07\/02-Photo-User-Review.png\" width=\"100\" height=\"100\" sizes=\"(max-width: 100px) 100vw, 100px\" class=\"et-waypoint et_pb_animation_top et_pb_animation_top_tablet et_pb_animation_top_phone wp-image-38191\" \/><\/span><\/div><div class=\"et_pb_blurb_container\"><h4 class=\"et_pb_module_header\">Tormod T. \u2013 Propietario \/ Desarrollador de Concepto<\/h4><div class=\"et_pb_blurb_description\"><p><img loading=\"lazy\" decoding=\"async\" src=\"https:\/\/guestwisely.dev\/wp-content\/uploads\/2025\/09\/5star.png\" width=\"90\" height=\"29\" alt=\"\" class=\"wp-image-40687 alignnone size-full\"><\/p>\n<p><span>\u00abGuestWisely<\/span><span> ha sido el socio m\u00e1s importante para el crecimiento de nuestro negocio. Contar con un sitio web y canal directo nos permiti\u00f3 llegar a clientes B2B y depender menos de canales externos. <\/span><\/em><\/p>\n<p><\/p>\n<p><em><span>El sistema de gesti\u00f3n de reservas es excelente. Se nota que la empresa entiende bien a sus clientes. El desarrollo continuo del producto nos asegura que siempre est\u00e1n mejorando.   <\/span>\u00ab<\/em><\/p>\n<\/div><\/div><\/div><\/div>\n\n<div class=\"et_pb_blurb_9 et_pb_blurb et_pb_bg_layout_light et_pb_text_align_left et_pb_blurb_position_top et_pb_module et_flex_module\"><div class=\"et_pb_blurb_content et_flex_module\"><div class=\"et_pb_main_blurb_image\"><span class=\"et_pb_image_wrap et_pb_only_image_mode_wrap\"><img loading=\"lazy\" decoding=\"async\" src=\"https:\/\/guestwisely.dev\/wp-content\/uploads\/2025\/07\/07-Photo-User-Review.png\" width=\"100\" height=\"100\" sizes=\"(max-width: 100px) 100vw, 100px\" class=\"et-waypoint et_pb_animation_top et_pb_animation_top_tablet et_pb_animation_top_phone wp-image-38201\" \/><\/span><\/div><div class=\"et_pb_blurb_container\"><h4 class=\"et_pb_module_header\">Chris K. \u2013 Director<br><\/h4><div class=\"et_pb_blurb_description\"><p><img loading=\"lazy\" decoding=\"async\" src=\"https:\/\/guestwisely.dev\/wp-content\/uploads\/2025\/09\/5star.png\" width=\"90\" height=\"29\" alt=\"\" class=\"wp-image-40687 alignnone size-full\"><\/p>\n<p><span>\u00abLa experiencia con GuestWisely durante estos tres a\u00f1os ha sido muy positiva. Empezamos con solo dos propiedades y ahora gestionamos 19. <\/span><\/em><\/p>\n<p><\/p>\n<p><em><span>Nuestros propietarios est\u00e1n satisfechos con la claridad y precisi\u00f3n de los informes mensuales. Como gestores de casas vacacionales, estamos seguros de que el software seguir\u00e1 siendo \u00fatil conforme sigamos creciendo.<\/span><\/em><em>\u00ab<\/em><\/p>\n<\/div><\/div><\/div><\/div>\n\n<div class=\"et_pb_blurb_10 et_pb_blurb et_pb_bg_layout_light et_pb_text_align_left et_pb_blurb_position_top et_pb_module et_flex_module\"><div class=\"et_pb_blurb_content et_flex_module\"><div class=\"et_pb_main_blurb_image\"><span class=\"et_pb_image_wrap et_pb_only_image_mode_wrap\"><img loading=\"lazy\" decoding=\"async\" src=\"https:\/\/guestwisely.dev\/wp-content\/uploads\/2025\/07\/14-Photo-User-Review.png\" width=\"100\" height=\"100\" sizes=\"(max-width: 100px) 100vw, 100px\" class=\"et-waypoint et_pb_animation_top et_pb_animation_top_tablet et_pb_animation_top_phone wp-image-38216\" \/><\/span><\/div><div class=\"et_pb_blurb_container\"><h4 class=\"et_pb_module_header\">In\u00eas V. \u2013 Responsable de Reservas<br><\/h4><div class=\"et_pb_blurb_description\"><p><img loading=\"lazy\" decoding=\"async\" src=\"https:\/\/guestwisely.dev\/wp-content\/uploads\/2025\/09\/5star.png\" width=\"90\" height=\"29\" alt=\"\" class=\"wp-image-40687 alignnone size-full\"><\/p>\n<p><span>\u00abComo empresa de gesti\u00f3n busc\u00e1bamos un channel manager para integrar propiedades en distintas plataformas.<\/span><\/em><\/p>\n<p><\/p>\n<p><em><span>Encontramos 365Villas (ahora GuestWisely) y estamos muy satisfechos. El equipo es atento, eficaz y responde r\u00e1pido.  <\/span><\/em><\/p>\n<p><\/p>\n<p><em><span>Tras adquirir el paquete, recibimos varias sesiones de formaci\u00f3n gratuitas, y si hay dudas, el equipo est\u00e1 disponible para m\u00e1s sesiones.<\/span><\/em><\/p>\n<p><\/p>\n<p><em><span>Gracias especialmente a Hind, Irina y Leonardo por su paciencia y dedicaci\u00f3n. <\/span><\/em><em>\u00ab<\/em><\/p>\n<\/div><\/div><\/div><\/div>\n\n<div class=\"et_pb_blurb_11 et_pb_blurb et_pb_bg_layout_light et_pb_text_align_left et_pb_blurb_position_top et_pb_module et_flex_module\"><div class=\"et_pb_blurb_content et_flex_module\"><div class=\"et_pb_main_blurb_image\"><span class=\"et_pb_image_wrap et_pb_only_image_mode_wrap\"><img loading=\"lazy\" decoding=\"async\" src=\"https:\/\/guestwisely.dev\/wp-content\/uploads\/2025\/07\/12-Photo-User-Review.png\" width=\"100\" height=\"100\" sizes=\"(max-width: 100px) 100vw, 100px\" class=\"et-waypoint et_pb_animation_top et_pb_animation_top_tablet et_pb_animation_top_phone wp-image-38231\" \/><\/span><\/div><div class=\"et_pb_blurb_container\"><h4 class=\"et_pb_module_header\">Frans V. \u2013 Cofundador<\/h4><div class=\"et_pb_blurb_description\"><p><img loading=\"lazy\" decoding=\"async\" src=\"https:\/\/guestwisely.dev\/wp-content\/uploads\/2025\/09\/5star.png\" width=\"90\" height=\"29\" alt=\"\" class=\"wp-image-40687 alignnone size-full\"><\/p>\n<p><span>\u00abHemos probado y usado muchas soluciones a lo largo de los a\u00f1os, pero GuestWisely realmente destaca.<\/span><\/em><\/p>\n<p><\/p>\n<p><em><span>Extremadamente completo y f\u00e1cil de usar. Cubre todos los aspectos del alquiler vacacional. Capacidad para personalizar funciones seg\u00fan nuestras necesidades, como la integraci\u00f3n de nuevas pasarelas de pago.  <\/span><\/em><\/p>\n<p><\/p>\n<p><em><span>Actualizaciones frecuentes y atenci\u00f3n al cliente orientada al usuario. Gran soporte. <\/span>\u00ab<\/em><\/p>\n<\/div><\/div><\/div><\/div>\n<\/div>\n<\/div>\n<\/div>\n\n<div class=\"et_pb_section_2 et_pb_section et_section_regular et_block_section\">\n<div class=\"et_pb_row_3 et_pb_row et_pb_gutters3 et_block_row\">\n<div class=\"et_pb_column_5 et_pb_column et_pb_column_4_4 et-last-child et_block_column et_pb_css_mix_blend_mode_passthrough\">\n<div class=\"et_pb_heading_2 et_pb_heading et_pb_module et_flex_module\"><div class=\"et_pb_heading_container\"><h2 class=\"et_pb_module_header\">Experimenta GuestWisely por Ti Mismo<br><br><\/h2><\/div><\/div>\n\n<div class=\"et_pb_text_3 et_pb_text et_pb_bg_layout_dark et_pb_module et_flex_module\"><div class=\"et_pb_text_inner\"><p data-start=\"4843\" data-end=\"5023\">\u00bfQuieres descubrir por qu\u00e9 los mejores gestores de propiedades est\u00e1n cambiando a GuestWisely? Agenda una demo y descubre c\u00f3mo podemos simplificar tus operaciones tambi\u00e9n. <\/p>\n<\/div><\/div>\n\n<div class=\"et_pb_module et_pb_button_module_wrapper et_pb_button_1_wrapper preset--module--divi-button--uwhe67bdsz_wrapper\"><a class=\"et_pb_button_1 et_pb_button et_pb_bg_layout_light et_pb_module et_flex_module preset--module--divi-button--uwhe67bdsz\" href=\"\">Empezar Ahora<\/a><\/div>\n<\/div>\n<\/div>\n<\/div>","protected":false},"excerpt":{"rendered":"","protected":false},"author":4,"featured_media":0,"parent":0,"menu_order":9,"comment_status":"closed","ping_status":"closed","template":"","meta":{"footnotes":"","_wp_rev_ctl_limit":""},"class_list":["post-38714","page","type-page","status-publish","hentry"],"_links":{"self":[{"href":"https:\/\/guestwisely.dev\/es\/wp-json\/wp\/v2\/pages\/38714","targetHints":{"allow":["GET"]}}],"collection":[{"href":"https:\/\/guestwisely.dev\/es\/wp-json\/wp\/v2\/pages"}],"about":[{"href":"https:\/\/guestwisely.dev\/es\/wp-json\/wp\/v2\/types\/page"}],"author":[{"embeddable":true,"href":"https:\/\/guestwisely.dev\/es\/wp-json\/wp\/v2\/users\/4"}],"replies":[{"embeddable":true,"href":"https:\/\/guestwisely.dev\/es\/wp-json\/wp\/v2\/comments?post=38714"}],"version-history":[{"count":3,"href":"https:\/\/guestwisely.dev\/es\/wp-json\/wp\/v2\/pages\/38714\/revisions"}],"predecessor-version":[{"id":241818,"href":"https:\/\/guestwisely.dev\/es\/wp-json\/wp\/v2\/pages\/38714\/revisions\/241818"}],"wp:attachment":[{"href":"https:\/\/guestwisely.dev\/es\/wp-json\/wp\/v2\/media?parent=38714"}],"curies":[{"name":"wp","href":"https:\/\/api.w.org\/{rel}","templated":true}]}}