{"id":38716,"date":"2025-07-22T03:08:59","date_gmt":"2025-07-22T03:08:59","guid":{"rendered":"https:\/\/guestwisely.dev\/cambiate-a-guestwisely\/"},"modified":"2025-09-08T14:15:55","modified_gmt":"2025-09-08T14:15:55","slug":"cambiate-a-guestwisely","status":"publish","type":"page","link":"https:\/\/guestwisely.dev\/es\/cambiate-a-guestwisely\/","title":{"rendered":"C\u00e1mbiate a GuestWisely"},"content":{"rendered":"<div class=\"et_pb_section_0 et_pb_section et_section_regular et_block_section\">\n<div class=\"et_pb_row_0 et_pb_row et_pb_equal_columns et_pb_gutters1 et_block_row\">\n<div class=\"et_pb_column_0 et_pb_column et_pb_column_4_4 et-last-child et_block_column et_pb_css_mix_blend_mode_passthrough\">\n<div class=\"et_pb_text_0 et_pb_text et_pb_bg_layout_light et_pb_module et_flex_module\"><div class=\"et_pb_text_inner\"><p style=\"text-align: center;\">C\u00e1mbiate a GuestWisely<\/p>\n<\/div><\/div>\n\n<div class=\"et_pb_heading_0 et_pb_heading et_pb_module et_flex_module\"><div class=\"et_pb_heading_container\"><h1 class=\"et_pb_module_header\">Migraci\u00f3n sin Complicaciones. Soporte Experto. Cero Interrupciones.  <\/h1><\/div><\/div>\n\n<div class=\"et_pb_text_1 et_pb_text et_pb_bg_layout_light et_pb_module et_flex_module\"><div class=\"et_pb_text_inner\"><p style=\"text-align: center;\">Cambiar tu negocio a un nuevo PMS puede parecer abrumador \u2014 pero no tiene por qu\u00e9 serlo. En GuestWisely, hacemos que la transici\u00f3n sea simple, r\u00e1pida y con acompa\u00f1amiento total desde el primer d\u00eda. <\/p>\n<\/div><\/div>\n\n<div class=\"et_pb_module et_pb_button_module_wrapper et_pb_button_0_wrapper\"><a class=\"et_pb_button_0 et_pb_button et_pb_bg_layout_light et_pb_module et_flex_module\" href=\"\">Empezar Ahora<\/a><\/div>\n\n<div class=\"et_pb_image_0 et_pb_image et_pb_module et_flex_module\"><span class=\"et_pb_image_wrap\"><img loading=\"lazy\" decoding=\"async\" src=\"https:\/\/guestwisely.dev\/wp-content\/uploads\/2025\/08\/onboarding-main.png\" width=\"1000\" height=\"818\" srcset=\"https:\/\/guestwisely.dev\/wp-content\/uploads\/2025\/08\/onboarding-main.png 1000w, https:\/\/guestwisely.dev\/wp-content\/uploads\/2025\/08\/onboarding-main-980x802.png 980w, https:\/\/guestwisely.dev\/wp-content\/uploads\/2025\/08\/onboarding-main-480x393.png 480w\" sizes=\"(min-width: 0px) and (max-width: 480px) 480px, (min-width: 481px) and (max-width: 980px) 980px, (min-width: 981px) 1000px, 100vw\" class=\"wp-image-40279\" \/><\/span><\/div>\n<\/div>\n<\/div>\n<\/div>\n\n<div class=\"et_pb_section_1 et_pb_section et_section_regular et_block_section\">\n<div class=\"et_pb_row_1 et_pb_row et_pb_gutters3 et_block_row\">\n<div class=\"et_pb_column_1 et_pb_column et_pb_column_4_4 et-last-child et_block_column et_pb_css_mix_blend_mode_passthrough\">\n<div class=\"et_pb_heading_1 et_pb_heading et_pb_module et_flex_module\"><div class=\"et_pb_heading_container\"><h2 class=\"et_pb_module_header\">Cambiar No Tiene Que Ser Complicado<\/h2><\/div><\/div>\n\n<div class=\"et_pb_text_2 et_pb_text et_pb_bg_layout_light et_pb_module et_flex_module\"><div class=\"et_pb_text_inner\"><p data-start=\"274\" data-end=\"626\">Cambiar de software de gesti\u00f3n puede sonar como un l\u00edo \u2014 pero con GuestWisely, es sencillo. No tendr\u00e1s que reconstruir tus propiedades, preocuparte por perder reservas ni pausar tus operaciones.<br \/>Nuestro equipo de onboarding se encarga de todo: configuraci\u00f3n, migraci\u00f3n de datos y reconexi\u00f3n con OTAs, para que puedas cambiar sin tiempo de inactividad y con total confianza.  <\/p>\n<p data-start=\"628\" data-end=\"777\">Ya sea que vengas de otro PMS o que a\u00fan trabajes con hojas de c\u00e1lculo y plugins, te guiaremos paso a paso y te pondremos en marcha r\u00e1pidamente.<\/p>\n<\/div><\/div>\n<\/div>\n<\/div>\n<\/div>\n\n<div class=\"et_pb_section_2 et_pb_section et_section_regular et_block_section\">\n<div class=\"et_pb_row_2 et_pb_row et_pb_gutters3 et_block_row\">\n<div class=\"et_pb_column_2 et_pb_column et_pb_column_4_4 et-last-child et_block_column et_pb_css_mix_blend_mode_passthrough\">\n<div class=\"et_pb_heading_2 et_pb_heading et_pb_module et_flex_module\"><div class=\"et_pb_heading_container\"><h2 class=\"et_pb_module_header\">Qu\u00e9 Esperar al Cambiar a GuestWisely<\/h2><\/div><\/div>\n\n<div class=\"et_pb_text_3 et_pb_text et_pb_bg_layout_light et_pb_module et_flex_module\"><div class=\"et_pb_text_inner\"><p data-start=\"941\" data-end=\"998\">As\u00ed de f\u00e1cil es migrar a nuestra plataforma:<\/p>\n<\/div><\/div>\n<\/div>\n<\/div>\n\n<div class=\"et_pb_row_3 et_pb_row et_flex_row\">\n<div class=\"et_pb_column_3 et_pb_column et_flex_column et_pb_css_mix_blend_mode_passthrough et_flex_column_24_24\">\n<div class=\"et_pb_blurb_0 et_pb_blurb et_pb_bg_layout_light et_pb_text_align_left et_pb_blurb_position_left et_pb_module et_flex_module\"><div class=\"et_pb_blurb_content et_flex_module\"><div class=\"et_pb_main_blurb_image\"><span class=\"et_pb_image_wrap et_pb_only_image_mode_wrap\"><img loading=\"lazy\" decoding=\"async\" src=\"https:\/\/guestwisely.dev\/wp-content\/uploads\/2025\/07\/number-1-1.png\" width=\"50\" height=\"50\" sizes=\"(max-width: 50px) 100vw, 50px\" class=\"et-waypoint et_pb_animation_top et_pb_animation_top_tablet et_pb_animation_top_phone wp-image-37434\" \/><\/span><\/div><div class=\"et_pb_blurb_container\"><h4 class=\"et_pb_module_header\">Llamada de Inicio<\/h4><div class=\"et_pb_blurb_description\"><p>Te presentamos a tu especialista de onboarding. Revisamos tus objetivos, configuraci\u00f3n actual y herramientas para definir un plan claro de migraci\u00f3n. <\/p>\n<\/div><\/div><\/div><\/div>\n\n<div class=\"et_pb_blurb_1 et_pb_blurb et_pb_bg_layout_light et_pb_text_align_left et_pb_blurb_position_left et_pb_module et_flex_module\"><div class=\"et_pb_blurb_content et_flex_module\"><div class=\"et_pb_main_blurb_image\"><span class=\"et_pb_image_wrap et_pb_only_image_mode_wrap\"><img loading=\"lazy\" decoding=\"async\" src=\"https:\/\/guestwisely.dev\/wp-content\/uploads\/2025\/07\/number-2.png\" width=\"50\" height=\"50\" sizes=\"(max-width: 50px) 100vw, 50px\" class=\"et-waypoint et_pb_animation_top et_pb_animation_top_tablet et_pb_animation_top_phone wp-image-37439\" \/><\/span><\/div><div class=\"et_pb_blurb_container\"><h4 class=\"et_pb_module_header\">Configuraci\u00f3n de Cuenta<\/h4><div class=\"et_pb_blurb_description\"><p data-start=\"1209\" data-end=\"1324\">Construimos tu estructura dentro de GuestWisely: propiedades, equipos, propietarios, reglas e integraciones, bas\u00e1ndonos en c\u00f3mo trabajas hoy.<\/p>\n<\/div><\/div><\/div><\/div>\n\n<div class=\"et_pb_blurb_2 et_pb_blurb et_pb_bg_layout_light et_pb_text_align_left et_pb_blurb_position_left et_pb_module et_flex_module\"><div class=\"et_pb_blurb_content et_flex_module\"><div class=\"et_pb_main_blurb_image\"><span class=\"et_pb_image_wrap et_pb_only_image_mode_wrap\"><img loading=\"lazy\" decoding=\"async\" src=\"https:\/\/guestwisely.dev\/wp-content\/uploads\/2025\/07\/number-3.png\" width=\"50\" height=\"50\" sizes=\"(max-width: 50px) 100vw, 50px\" class=\"et-waypoint et_pb_animation_top et_pb_animation_top_tablet et_pb_animation_top_phone wp-image-37444\" \/><\/span><\/div><div class=\"et_pb_blurb_container\"><h4 class=\"et_pb_module_header\">Migraci\u00f3n de Datos<\/h4><div class=\"et_pb_blurb_description\"><p data-start=\"1356\" data-end=\"1476\">Importamos tus datos: propiedades, reservas, tarifas, historial de hu\u00e9spedes y sincronizaci\u00f3n con OTAs \u2014 sin afectar tus anuncios activos.<\/p>\n<\/div><\/div><\/div><\/div>\n\n<div class=\"et_pb_blurb_3 et_pb_blurb et_pb_bg_layout_light et_pb_text_align_left et_pb_blurb_position_left et_pb_module et_flex_module\"><div class=\"et_pb_blurb_content et_flex_module\"><div class=\"et_pb_main_blurb_image\"><span class=\"et_pb_image_wrap et_pb_only_image_mode_wrap\"><img loading=\"lazy\" decoding=\"async\" src=\"https:\/\/guestwisely.dev\/wp-content\/uploads\/2025\/07\/number-4.png\" width=\"50\" height=\"50\" sizes=\"(max-width: 50px) 100vw, 50px\" class=\"et-waypoint et_pb_animation_top et_pb_animation_top_tablet et_pb_animation_top_phone wp-image-37449\" \/><\/span><\/div><div class=\"et_pb_blurb_container\"><h4 class=\"et_pb_module_header\">Reconexi\u00f3n OTA y Sincronizaci\u00f3n de Canales<\/h4><div class=\"et_pb_blurb_description\"><p>Te guiamos paso a paso para reconectar Airbnb, Vrbo, Booking.com y m\u00e1s. Sin reservas duplicadas ni p\u00e9rdida de informaci\u00f3n.  <\/p>\n<\/div><\/div><\/div><\/div>\n\n<div class=\"et_pb_blurb_4 et_pb_blurb et_pb_bg_layout_light et_pb_text_align_left et_pb_blurb_position_left et_pb_module et_flex_module\"><div class=\"et_pb_blurb_content et_flex_module\"><div class=\"et_pb_main_blurb_image\"><span class=\"et_pb_image_wrap et_pb_only_image_mode_wrap\"><img loading=\"lazy\" decoding=\"async\" src=\"https:\/\/guestwisely.dev\/wp-content\/uploads\/2025\/07\/number-5.png\" width=\"50\" height=\"50\" sizes=\"(max-width: 50px) 100vw, 50px\" class=\"et-waypoint et_pb_animation_top et_pb_animation_top_tablet et_pb_animation_top_phone wp-image-37454\" \/><\/span><\/div><div class=\"et_pb_blurb_container\"><h4 class=\"et_pb_module_header\">Activaci\u00f3n y Capacitaci\u00f3n<\/h4><div class=\"et_pb_blurb_description\"><p>Una vez que todo est\u00e9 sincronizado, capacitamos a tu equipo para que usen la plataforma eficientemente y te acompa\u00f1amos en el arranque.<\/p>\n<\/div><\/div><\/div><\/div>\n<\/div>\n\n<div class=\"et_pb_column_4 et_pb_column et-last-child et_flex_column et_pb_css_mix_blend_mode_passthrough et_flex_column_24_24\">\n<div class=\"et_pb_image_1 et_pb_image et_pb_module et_flex_module\"><span class=\"et_pb_image_wrap\"><img loading=\"lazy\" decoding=\"async\" src=\"https:\/\/guestwisely.dev\/wp-content\/uploads\/2025\/08\/support-person.jpg\" width=\"800\" height=\"952\" srcset=\"https:\/\/guestwisely.dev\/wp-content\/uploads\/2025\/08\/support-person.jpg 800w, https:\/\/guestwisely.dev\/wp-content\/uploads\/2025\/08\/support-person-480x571.jpg 480w\" sizes=\"(min-width: 0px) and (max-width: 480px) 480px, (min-width: 481px) 800px, 100vw\" class=\"wp-image-40284\" \/><\/span><\/div>\n<\/div>\n<\/div>\n<\/div>\n\n<div class=\"et_pb_section_3 et_pb_section et_section_regular et_block_section\">\n<div class=\"et_pb_row_4 et_pb_row et_pb_gutters3 et_block_row\">\n<div class=\"et_pb_column_5 et_pb_column et_pb_column_4_4 et-last-child et_block_column et_pb_css_mix_blend_mode_passthrough\">\n<div class=\"et_pb_heading_3 et_pb_heading et_pb_module et_flex_module\"><div class=\"et_pb_heading_container\"><h2 class=\"et_pb_module_header\">Por Qu\u00e9 los Administradores se Cambian a GuestWisely<\/h2><\/div><\/div>\n\n<div class=\"et_pb_text_4 et_pb_text et_pb_bg_layout_light et_pb_module et_flex_module\"><div class=\"et_pb_text_inner\"><p data-start=\"628\" data-end=\"777\">Estas son algunas de las razones que escuchamos con frecuencia.<\/p>\n<\/div><\/div>\n<\/div>\n<\/div>\n\n<div class=\"et_pb_row_5 et_pb_row et_flex_row\">\n<div class=\"et_pb_column_6 et_pb_column et_flex_column et_pb_css_mix_blend_mode_passthrough et_flex_column_24_24\">\n<div class=\"et_pb_text_5 et_pb_text et_pb_bg_layout_light et_pb_module et_flex_module\"><div class=\"et_pb_text_inner\"><p><strong>Han superado herramientas b\u00e1sicas como Lodgify, Smoobu o iGMS<\/strong><\/p>\n<p>Buscan una soluci\u00f3n m\u00e1s avanzada para flujos complejos, relaciones con propietarios y reportes detallados.<\/p>\n<\/div><\/div>\n<\/div>\n\n<div class=\"et_pb_column_7 et_pb_column et_flex_column et_pb_css_mix_blend_mode_passthrough et_flex_column_24_24\">\n<div class=\"et_pb_text_6 et_pb_text et_pb_bg_layout_light et_pb_module et_flex_module\"><div class=\"et_pb_text_inner\"><p><strong>Necesitan contabilidad fiduciaria y portales de propietarios integrados<\/strong><\/p>\n<p>Quieren control financiero completo sin depender de hojas de c\u00e1lculo ni herramientas externas.<\/p>\n<\/div><\/div>\n<\/div>\n\n<div class=\"et_pb_column_8 et_pb_column et-last-child et_flex_column et_pb_column_empty et_pb_css_mix_blend_mode_passthrough et_flex_column_24_24\"><\/div>\n<\/div>\n\n<div class=\"et_pb_row_6 et_pb_row et_flex_row\">\n<div class=\"et_pb_column_9 et_pb_column et_flex_column et_pb_css_mix_blend_mode_passthrough et_flex_column_24_24\">\n<div class=\"et_pb_text_7 et_pb_text et_pb_bg_layout_light et_pb_module et_flex_module\"><div class=\"et_pb_text_inner\"><p><strong>Est\u00e1n cansados de comisiones altas y precios por propiedad<\/strong><\/p>\n<p>Ofrecemos tarifas planas sin cargos por reserva \u2014 m\u00e1s rentable y escalable.<\/p>\n<\/div><\/div>\n<\/div>\n\n<div class=\"et_pb_column_10 et_pb_column et_flex_column et_pb_css_mix_blend_mode_passthrough et_flex_column_24_24\">\n<div class=\"et_pb_image_2 et_pb_image et_pb_module et_flex_module\"><\/div>\n<\/div>\n\n<div class=\"et_pb_column_11 et_pb_column et-last-child et_flex_column et_pb_css_mix_blend_mode_passthrough et_flex_column_24_24\">\n<div class=\"et_pb_text_8 et_pb_text et_pb_bg_layout_light et_pb_module et_flex_module\"><div class=\"et_pb_text_inner\"><p><strong>Quieren automatizaci\u00f3n sin usar plugins dispersos<\/strong><\/p>\n<p>GuestWisely ya incluye mensajer\u00eda, seguimiento de cotizaciones, programaci\u00f3n de tareas y m\u00e1s. Sin parches. <\/p>\n<\/div><\/div>\n<\/div>\n<\/div>\n\n<div class=\"et_pb_row_7 et_pb_row et_flex_row\">\n<div class=\"et_pb_column_12 et_pb_column et_flex_column et_pb_column_empty et_pb_css_mix_blend_mode_passthrough et_flex_column_24_24\"><\/div>\n\n<div class=\"et_pb_column_13 et_pb_column et_flex_column et_pb_css_mix_blend_mode_passthrough et_flex_column_24_24\">\n<div class=\"et_pb_text_9 et_pb_text et_pb_bg_layout_light et_pb_module et_flex_module\"><div class=\"et_pb_text_inner\"><p><strong>Necesitan reportes s\u00f3lidos y control de portafolio<\/strong><\/p>\n<p>Buscan informes personalizados, m\u00e9tricas de ingresos y transparencia con propietarios.<\/p>\n<\/div><\/div>\n<\/div>\n\n<div class=\"et_pb_column_14 et_pb_column et-last-child et_flex_column et_pb_css_mix_blend_mode_passthrough et_flex_column_24_24\">\n<div class=\"et_pb_text_10 et_pb_text et_pb_bg_layout_light et_pb_module et_flex_module\"><div class=\"et_pb_text_inner\"><p><strong>Vienen de sistemas hoteleros antiguos o poco flexibles<\/strong><\/p>\n<p>Las plataformas antiguas o los PMS heredados de hoteles no cumplen con las necesidades de los profesionales de alquileres a corto plazo que gestionan carteras y propietarios.<\/p>\n<\/div><\/div>\n<\/div>\n<\/div>\n<\/div>\n\n<div class=\"et_pb_section_4 et_pb_section et_section_regular et_flex_section\">\n<div class=\"et_pb_row_8 et_pb_row et_flex_row\">\n<div class=\"et_pb_column_15 et_pb_column et-last-child et_flex_column et_pb_css_mix_blend_mode_passthrough et_flex_column_24_24\">\n<div class=\"et_pb_slider_0 et_pb_slider et_pb_slider_fullwidth_off et_pb_slider_no_pagination et_pb_module et_flex_module\"><div class=\"et_pb_slides\">\n<div class=\"et_pb_slide_0 et_pb_slide et_pb_media_alignment_center et_pb_bg_layout_dark et_pb_text_align_left\" data-slide-id=\"divi\/slide-0\"><div class=\"et_pb_container\"><div class=\"et_pb_slider_container_inner\"><div class=\"et_pb_slide_description et_flex_module\"><h2 class=\"et_pb_slide_title\">\u201cCambiar de Lodgify a GuestWisely fue como entrar al futuro de la gesti\u00f3n de propiedades. El equipo hizo la transici\u00f3n sin problemas y est\u00e1bamos en l\u00ednea en menos de una semana.\u201d<\/h2><div class=\"et_pb_slide_content\"><p>Marta C., 45 propiedades, Espa\u00f1a<\/p>\n<\/div><\/div><\/div><\/div><\/div>\n\n<div class=\"et_pb_slide_1 et_pb_slide et_pb_media_alignment_center et_pb_bg_layout_dark\" data-slide-id=\"divi\/slide-1\"><div class=\"et_pb_container\"><div class=\"et_pb_slider_container_inner\"><div class=\"et_pb_slide_description et_flex_module\"><h2 class=\"et_pb_slide_title\">\u201cEl equipo de onboarding lo hizo todo. No perd\u00ed ni una sola reserva. El soporte es excepcional.\u201d<\/h2><div class=\"et_pb_slide_content\"><p>James R., 62 unidades, EE.UU.<\/p>\n<\/div><\/div><\/div><\/div><\/div>\n<\/div><\/div>\n<\/div>\n<\/div>\n<\/div>\n\n<div class=\"et_pb_section_5 et_pb_section et_section_regular et_block_section\">\n<div class=\"et_pb_row_9 et_pb_row et_pb_gutters3 et_block_row\">\n<div class=\"et_pb_column_16 et_pb_column et_pb_column_4_4 et-last-child et_block_column et_pb_css_mix_blend_mode_passthrough\">\n<div class=\"et_pb_heading_4 et_pb_heading et_pb_module et_flex_module\"><div class=\"et_pb_heading_container\"><h2 class=\"et_pb_module_header\">Plataformas Desde las que Migramos con Frecuencia<\/h2><\/div><\/div>\n\n<div class=\"et_pb_text_11 et_pb_text et_pb_bg_layout_light et_pb_module et_flex_module\"><div class=\"et_pb_text_inner\"><p data-start=\"628\" data-end=\"777\">Hemos ayudado a cientos de administradores profesionales a migrar desde una amplia variedad de PMS y herramientas de canal manager. Ya sea que vengas de una plataforma b\u00e1sica, r\u00edgida o demasiado costosa, nuestro equipo sabe exactamente c\u00f3mo mover tus datos, reconectar tus anuncios y adaptar GuestWisely a tus flujos \u2014 sin interrupciones. <\/p>\n<p data-start=\"628\" data-end=\"777\">Algunas de las plataformas m\u00e1s comunes desde las que migramos usuarios incluyen:<\/p>\n<\/div><\/div>\n<\/div>\n<\/div>\n\n<div class=\"et_pb_row_10 et_pb_row et_flex_row\">\n<div class=\"et_pb_column_17 et_pb_column et_flex_column et_pb_css_mix_blend_mode_passthrough et_flex_column_24_24\">\n<div class=\"et_pb_image_3 et_pb_image et_pb_module et_flex_module\"><a href=\"https:\/\/guestwisely.dev\/es\/guestwisely-vs-lodgify\/\"><span class=\"et_pb_image_wrap\"><img loading=\"lazy\" decoding=\"async\" src=\"https:\/\/guestwisely.dev\/wp-content\/uploads\/2025\/08\/Lodgify.png\" width=\"400\" height=\"150\" srcset=\"https:\/\/guestwisely.dev\/wp-content\/uploads\/2025\/08\/Lodgify.png 400w, https:\/\/guestwisely.dev\/wp-content\/uploads\/2025\/08\/Lodgify-300x113.png 300w\" sizes=\"(max-width: 400px) 100vw, 400px\" class=\"wp-image-39345\" \/><\/span><\/a><\/div>\n\n<div class=\"et_pb_image_4 et_pb_image et_pb_module et_flex_module\"><a href=\"http:\/\/guestwisely.dev\/guestwisely-vs-hostaway\/\"><span class=\"et_pb_image_wrap\"><img loading=\"lazy\" decoding=\"async\" src=\"https:\/\/guestwisely.dev\/wp-content\/uploads\/2025\/08\/Hostaway.png\" width=\"400\" height=\"150\" srcset=\"https:\/\/guestwisely.dev\/wp-content\/uploads\/2025\/08\/Hostaway.png 400w, https:\/\/guestwisely.dev\/wp-content\/uploads\/2025\/08\/Hostaway-300x113.png 300w\" sizes=\"(max-width: 400px) 100vw, 400px\" class=\"wp-image-39335\" \/><\/span><\/a><\/div>\n<\/div>\n\n<div class=\"et_pb_column_18 et_pb_column et_flex_column et_pb_css_mix_blend_mode_passthrough et_flex_column_24_24\">\n<div class=\"et_pb_image_5 et_pb_image et_pb_module et_flex_module\"><a href=\"http:\/\/guestwisely.dev\/guestwisely-vs-guesty\/\"><span class=\"et_pb_image_wrap\"><img loading=\"lazy\" decoding=\"async\" src=\"https:\/\/guestwisely.dev\/wp-content\/uploads\/2025\/08\/Guesty.png\" width=\"400\" height=\"150\" srcset=\"https:\/\/guestwisely.dev\/wp-content\/uploads\/2025\/08\/Guesty.png 400w, https:\/\/guestwisely.dev\/wp-content\/uploads\/2025\/08\/Guesty-300x113.png 300w\" sizes=\"(max-width: 400px) 100vw, 400px\" class=\"wp-image-39330\" \/><\/span><\/a><\/div>\n\n<div class=\"et_pb_image_6 et_pb_image et_pb_module et_flex_module\"><a href=\"http:\/\/guestwisely.dev\/guestwisely-vs-smoobu\/\"><span class=\"et_pb_image_wrap\"><img loading=\"lazy\" decoding=\"async\" src=\"https:\/\/guestwisely.dev\/wp-content\/uploads\/2025\/08\/Smoobu.png\" width=\"400\" height=\"150\" srcset=\"https:\/\/guestwisely.dev\/wp-content\/uploads\/2025\/08\/Smoobu.png 400w, https:\/\/guestwisely.dev\/wp-content\/uploads\/2025\/08\/Smoobu-300x113.png 300w\" sizes=\"(max-width: 400px) 100vw, 400px\" class=\"wp-image-39350\" \/><\/span><\/a><\/div>\n<\/div>\n\n<div class=\"et_pb_column_19 et_pb_column et-last-child et_flex_column et_pb_css_mix_blend_mode_passthrough et_flex_column_24_24\">\n<div class=\"et_pb_image_7 et_pb_image et_pb_module et_flex_module\"><a href=\"http:\/\/guestwisely.dev\/guestwisely-vs-igms\/\"><span class=\"et_pb_image_wrap\"><img loading=\"lazy\" decoding=\"async\" src=\"https:\/\/guestwisely.dev\/wp-content\/uploads\/2025\/08\/iGMS.png\" width=\"400\" height=\"150\" srcset=\"https:\/\/guestwisely.dev\/wp-content\/uploads\/2025\/08\/iGMS.png 400w, https:\/\/guestwisely.dev\/wp-content\/uploads\/2025\/08\/iGMS-300x113.png 300w\" sizes=\"(max-width: 400px) 100vw, 400px\" class=\"wp-image-39340\" \/><\/span><\/a><\/div>\n\n<div class=\"et_pb_image_8 et_pb_image et_pb_module et_flex_module\"><a href=\"http:\/\/guestwisely.dev\/guestwisely-vs-eviivo\/\"><span class=\"et_pb_image_wrap\"><img loading=\"lazy\" decoding=\"async\" src=\"https:\/\/guestwisely.dev\/wp-content\/uploads\/2025\/08\/eviivo.png\" width=\"400\" height=\"150\" srcset=\"https:\/\/guestwisely.dev\/wp-content\/uploads\/2025\/08\/eviivo.png 400w, https:\/\/guestwisely.dev\/wp-content\/uploads\/2025\/08\/eviivo-300x113.png 300w\" sizes=\"(max-width: 400px) 100vw, 400px\" class=\"wp-image-39325\" \/><\/span><\/a><\/div>\n<\/div>\n<\/div>\n<\/div>\n\n<div class=\"et_pb_section_6 et_pb_section et_section_regular et_block_section\">\n<div class=\"et_pb_row_11 et_pb_row et_pb_gutters3 et_block_row\">\n<div class=\"et_pb_column_20 et_pb_column et_pb_column_4_4 et-last-child et_block_column et_pb_css_mix_blend_mode_passthrough\">\n<div class=\"et_pb_heading_5 et_pb_heading et_pb_module et_flex_module\"><div class=\"et_pb_heading_container\"><h2 class=\"et_pb_module_header\">Preguntas Frecuentes<\/h2><\/div><\/div>\n\n<div class=\"et_pb_text_12 et_pb_text et_pb_bg_layout_light et_pb_module et_flex_module\"><div class=\"et_pb_text_inner\"><p>Todo lo que necesitas saber antes de cambiar a GuestWisely<\/p>\n<\/div><\/div>\n<\/div>\n<\/div>\n\n<div class=\"et_pb_row_12 et_pb_row et_pb_gutters3 et_block_row\">\n<div class=\"et_pb_column_21 et_pb_column et_pb_column_4_4 et-last-child et_block_column et_pb_css_mix_blend_mode_passthrough\">\n<div class=\"et_pb_accordion_0 et_pb_accordion et_pb_module et_block_module\">\n<div class=\"et_pb_accordion_item_0 et_pb_accordion_item et_pb_toggle et_pb_module et_pb_toggle_open et_flex_module\"><h3 class=\"et_pb_toggle_title\">\u00bfVoy a perder datos o posiciones en los OTAs?<\/h3><div class=\"et_pb_toggle_content et_flex_module\"><p>No. Conservamos todos los datos y el historial de reservas, y reconectamos tus OTAs sin interrupciones. <\/p>\n<\/div><\/div>\n\n<div class=\"et_pb_accordion_item_1 et_pb_accordion_item et_pb_toggle et_pb_module et_pb_toggle_close et_flex_module\"><h3 class=\"et_pb_toggle_title\">\u00bfCu\u00e1nto tarda la migraci\u00f3n?<\/h3><div class=\"et_pb_toggle_content et_flex_module\"><p>La mayor\u00eda de los clientes est\u00e1n migrados y operativos en 5 a 10 d\u00edas h\u00e1biles, seg\u00fan el tama\u00f1o del portafolio.<\/p>\n<\/div><\/div>\n\n<div class=\"et_pb_accordion_item_2 et_pb_accordion_item et_pb_toggle et_pb_module et_pb_toggle_close et_flex_module\"><h3 class=\"et_pb_toggle_title\">\u00bfNecesito conocimientos t\u00e9cnicos?<\/h3><div class=\"et_pb_toggle_content et_flex_module\"><p>En absoluto. Nosotros configuramos todo y te guiamos paso a paso. No se requiere experiencia t\u00e9cnica. <\/p>\n<\/div><\/div>\n\n<div class=\"et_pb_accordion_item_3 et_pb_accordion_item et_pb_toggle et_pb_module et_pb_toggle_close et_flex_module\"><h3 class=\"et_pb_toggle_title\">\u00bfY si tengo flujos personalizados o documentos propios?<\/h3><div class=\"et_pb_toggle_content et_flex_module\"><p data-start=\"2830\" data-end=\"3008\">Te ayudamos a adaptar GuestWisely a tus flujos existentes, incluyendo la importaci\u00f3n de acuerdos personalizados, plantillas y configuraciones de propietarios.<\/p>\n<\/div><\/div>\n<\/div>\n<\/div>\n<\/div>\n<\/div>\n\n<div class=\"et_pb_section_7 et_pb_section et_section_regular et_block_section\">\n<div class=\"et_pb_row_13 et_pb_row et_pb_gutters3 et_block_row\">\n<div class=\"et_pb_column_22 et_pb_column et_pb_column_4_4 et-last-child et_block_column et_pb_css_mix_blend_mode_passthrough\">\n<div class=\"et_pb_heading_6 et_pb_heading et_pb_module et_flex_module\"><div class=\"et_pb_heading_container\"><h2 class=\"et_pb_module_header\">C\u00e1mbiate Sin Estr\u00e9s<\/h2><\/div><\/div>\n\n<div class=\"et_pb_text_13 et_pb_text et_pb_bg_layout_dark et_pb_module et_flex_module\"><div class=\"et_pb_text_inner\"><p>GuestWisely est\u00e1 dise\u00f1ado para administradores profesionales listos para crecer \u2014 y cambiar es m\u00e1s f\u00e1cil de lo que crees. <\/p>\n<\/div><\/div>\n\n<div class=\"et_pb_module et_pb_button_module_wrapper et_pb_button_1_wrapper preset--module--divi-button--uwhe67bdsz_wrapper\"><a class=\"et_pb_button_1 et_pb_button et_pb_bg_layout_light et_pb_module et_flex_module preset--module--divi-button--uwhe67bdsz\" href=\"\">Habla con un Especialista en Migraci\u00f3n.<\/a><\/div>\n<\/div>\n<\/div>\n<\/div>","protected":false},"excerpt":{"rendered":"","protected":false},"author":4,"featured_media":0,"parent":0,"menu_order":15,"comment_status":"closed","ping_status":"closed","template":"","meta":{"footnotes":"","_wp_rev_ctl_limit":""},"class_list":["post-38716","page","type-page","status-publish","hentry"],"_links":{"self":[{"href":"https:\/\/guestwisely.dev\/es\/wp-json\/wp\/v2\/pages\/38716","targetHints":{"allow":["GET"]}}],"collection":[{"href":"https:\/\/guestwisely.dev\/es\/wp-json\/wp\/v2\/pages"}],"about":[{"href":"https:\/\/guestwisely.dev\/es\/wp-json\/wp\/v2\/types\/page"}],"author":[{"embeddable":true,"href":"https:\/\/guestwisely.dev\/es\/wp-json\/wp\/v2\/users\/4"}],"replies":[{"embeddable":true,"href":"https:\/\/guestwisely.dev\/es\/wp-json\/wp\/v2\/comments?post=38716"}],"version-history":[{"count":7,"href":"https:\/\/guestwisely.dev\/es\/wp-json\/wp\/v2\/pages\/38716\/revisions"}],"predecessor-version":[{"id":239798,"href":"https:\/\/guestwisely.dev\/es\/wp-json\/wp\/v2\/pages\/38716\/revisions\/239798"}],"wp:attachment":[{"href":"https:\/\/guestwisely.dev\/es\/wp-json\/wp\/v2\/media?parent=38716"}],"curies":[{"name":"wp","href":"https:\/\/api.w.org\/{rel}","templated":true}]}}