{"id":38730,"date":"2025-07-22T03:01:58","date_gmt":"2025-07-22T03:01:58","guid":{"rendered":"https:\/\/guestwisely.dev\/sobre-nosotros\/"},"modified":"2025-09-08T14:21:00","modified_gmt":"2025-09-08T14:21:00","slug":"sobre-nosotros","status":"publish","type":"page","link":"https:\/\/guestwisely.dev\/es\/sobre-nosotros\/","title":{"rendered":"Sobre nosotros"},"content":{"rendered":"<div class=\"et_pb_section_0 et_pb_section et_section_regular et_block_section\">\n<div class=\"et_pb_row_0 et_pb_row et_flex_row\">\n<div class=\"et_pb_column_0 et_pb_column et_flex_column et_pb_css_mix_blend_mode_passthrough et_flex_column_24_24\">\n<div class=\"et_pb_heading_0 et_pb_heading et_pb_module et_flex_module\"><div class=\"et_pb_heading_container\"><h1 class=\"et_pb_module_header\">Dise\u00f1ado para Gestores Profesionales. Respaldado por la Experiencia del Sector <\/h1><\/div><\/div>\n\n<div class=\"et_pb_text_0 et_pb_text et_pb_bg_layout_light et_pb_module et_flex_module\"><div class=\"et_pb_text_inner\"><p>La misi\u00f3n de GuestWisely es empoderar a los gestores profesionales de alquileres a corto plazo con herramientas inteligentes e integradas que simplifican las operaciones, impulsan el crecimiento y mejoran la experiencia del hu\u00e9sped.<\/p>\n<\/div><\/div>\n<\/div>\n\n<div class=\"et_pb_column_1 et_pb_column et-last-child et_flex_column et_pb_css_mix_blend_mode_passthrough et_flex_column_24_24\">\n<div class=\"et_pb_image_0 et_pb_image et_pb_image_sticky_phone et_pb_module et_flex_module\"><span class=\"et_pb_image_wrap\"><img loading=\"lazy\" decoding=\"async\" src=\"https:\/\/guestwisely.dev\/wp-content\/uploads\/2025\/09\/About-hero2.png\" width=\"924\" height=\"356\" srcset=\"https:\/\/guestwisely.dev\/wp-content\/uploads\/2025\/09\/About-hero2.png 924w, https:\/\/guestwisely.dev\/wp-content\/uploads\/2025\/09\/About-hero2-480x185.png 480w\" sizes=\"(min-width: 0px) and (max-width: 480px) 480px, (min-width: 481px) 924px, 100vw\" class=\"wp-image-40720\" \/><\/span><\/div>\n<\/div>\n<\/div>\n<\/div>\n\n<div class=\"et_pb_section_1 et_pb_section et_section_regular et_block_section\">\n<div class=\"et_pb_row_1 et_pb_row et_flex_row\">\n<div class=\"et_pb_column_2 et_pb_column et_flex_column et_pb_css_mix_blend_mode_passthrough et_flex_column_24_24\">\n<div class=\"et_pb_image_1 et_pb_image et_pb_image_sticky et_pb_module et_flex_module\"><span class=\"et_pb_image_wrap\"><img loading=\"lazy\" decoding=\"async\" src=\"https:\/\/guestwisely.dev\/wp-content\/uploads\/2025\/09\/about-hero1.png\" width=\"1200\" height=\"655\" srcset=\"https:\/\/guestwisely.dev\/wp-content\/uploads\/2025\/09\/about-hero1.png 1200w, https:\/\/guestwisely.dev\/wp-content\/uploads\/2025\/09\/about-hero1-980x535.png 980w, https:\/\/guestwisely.dev\/wp-content\/uploads\/2025\/09\/about-hero1-480x262.png 480w\" sizes=\"(min-width: 0px) and (max-width: 480px) 480px, (min-width: 481px) and (max-width: 980px) 980px, (min-width: 981px) 1200px, 100vw\" class=\"wp-image-40710\" \/><\/span><\/div>\n<\/div>\n\n<div class=\"et_pb_column_3 et_pb_column et-last-child et_flex_column et_pb_css_mix_blend_mode_passthrough et_flex_column_24_24\">\n<div class=\"et_pb_blurb_0 et_pb_blurb et_pb_bg_layout_light et_pb_text_align_left et_pb_blurb_position_top et_pb_module et_flex_module\"><div class=\"et_pb_blurb_content et_flex_module\"><div class=\"et_pb_blurb_container\"><h4 class=\"et_pb_module_header\">De 365Villas a GuestWisely<\/h4><div class=\"et_pb_blurb_description\"><p data-start=\"531\" data-end=\"785\">GuestWisely nace de m\u00e1s de una d\u00e9cada de experiencia como 365Villas, pionero en software para alquiler vacacional utilizado en m\u00e1s de 60 pa\u00edses. Hemos trabajado mano a mano con miles de gestores alrededor del mundo, aprendiendo, adapt\u00e1ndonos y evolucionando junto con el sector. <\/p>\n<p data-start=\"787\" data-end=\"1034\">A medida que el mercado de alquileres a corto plazo madur\u00f3, tambi\u00e9n lo hicieron las necesidades de nuestros clientes. GuestWisely es la pr\u00f3xima generaci\u00f3n de nuestra plataforma: un sistema redise\u00f1ado y optimizado, creado espec\u00edficamente para apoyar a gestores ambiciosos que necesitan algo m\u00e1s que un simple PMS. <\/p>\n<p data-start=\"1036\" data-end=\"1118\">No solo cambiamos de nombre. Reconstruimos la plataforma desde cero: m\u00e1s r\u00e1pida, m\u00e1s inteligente y lista para escalar. <\/p>\n<\/div><\/div><\/div><\/div>\n<\/div>\n<\/div>\n<\/div>\n\n<div class=\"et_pb_section_2 et_pb_section et_section_regular et_block_section\">\n<div class=\"et_pb_row_2 et_pb_row et_pb_gutters3 et_block_row\">\n<div class=\"et_pb_column_4 et_pb_column et_pb_column_4_4 et-last-child et_block_column et_pb_css_mix_blend_mode_passthrough\">\n<div class=\"et_pb_heading_1 et_pb_heading et_pb_module et_flex_module\"><div class=\"et_pb_heading_container\"><h2 class=\"et_pb_module_header\">En Qu\u00e9 Creemos<\/h2><\/div><\/div>\n\n<div class=\"et_pb_text_1 et_pb_text et_pb_bg_layout_light et_pb_module et_flex_module\"><div class=\"et_pb_text_inner\"><p>GuestWisely no es solo otro software de gesti\u00f3n. Es una plataforma pensada para <strong>profesionales con mentalidad de crecimiento<\/strong>, que buscan m\u00e1s que lo b\u00e1sico.<\/p>\n<\/div><\/div>\n<\/div>\n<\/div>\n\n<div class=\"et_pb_row_3 et_pb_row et_flex_row\">\n<div class=\"et_pb_column_5 et_pb_column et_flex_column et_pb_css_mix_blend_mode_passthrough et_flex_column_24_24\">\n<div class=\"et_pb_blurb_1 et_pb_blurb et_pb_bg_layout_light et_pb_text_align_left et_pb_blurb_position_top et_pb_module et_flex_module\"><div class=\"et_pb_blurb_content et_flex_module\"><div class=\"et_pb_blurb_container\"><h4 class=\"et_pb_module_header\">Tus herramientas deben estar a la altura de tu ambici\u00f3n<\/h4><div class=\"et_pb_blurb_description\"><p>Tanto si gestionas 20 como 500 propiedades, GuestWisely te ofrece el poder de una soluci\u00f3n empresarial, sin la complejidad.<\/p>\n<\/div><\/div><\/div><\/div>\n\n<div class=\"et_pb_blurb_2 et_pb_blurb et_pb_bg_layout_light et_pb_text_align_left et_pb_blurb_position_top et_pb_module et_flex_module\"><div class=\"et_pb_blurb_content et_flex_module\"><div class=\"et_pb_blurb_container\"><h4 class=\"et_pb_module_header\">La integraci\u00f3n supera a lo fragmentado<\/h4><div class=\"et_pb_blurb_description\"><p>Olv\u00eddate de unir plugins. Nuestra plataforma todo-en-uno te permite gestionar operaciones, contabilidad y experiencia del hu\u00e9sped desde un mismo lugar. <\/p>\n<\/div><\/div><\/div><\/div>\n\n<div class=\"et_pb_blurb_3 et_pb_blurb et_pb_bg_layout_light et_pb_text_align_left et_pb_blurb_position_top et_pb_module et_flex_module\"><div class=\"et_pb_blurb_content et_flex_module\"><div class=\"et_pb_blurb_container\"><h4 class=\"et_pb_module_header\">Un gran soporte no es opcional<\/h4><div class=\"et_pb_blurb_description\"><p>Desde la implementaci\u00f3n hasta la optimizaci\u00f3n, nuestro equipo te acompa\u00f1a en cada paso \u2014 porque tu \u00e9xito es tambi\u00e9n el nuestro.<\/p>\n<\/div><\/div><\/div><\/div>\n\n<div class=\"et_pb_module et_pb_button_module_wrapper et_pb_button_0_wrapper preset--module--divi-button--7etvbn1ri6_wrapper\"><a class=\"et_pb_button_0 et_pb_button et_pb_bg_layout_light et_pb_module et_flex_module preset--module--divi-button--7etvbn1ri6\" href=\"\">Explora nuestras funciones<\/a><\/div>\n<\/div>\n\n<div class=\"et_pb_column_6 et_pb_column et-last-child et_flex_column et_pb_css_mix_blend_mode_passthrough et_flex_column_24_24\">\n<div class=\"et_pb_row_4 et_pb_row et_pb_gutters3 et_pb_row_nested et_block_row\">\n<div class=\"et_pb_column_7 et_pb_column et_pb_column_4_4 et-last-child et_block_column et_pb_css_mix_blend_mode_passthrough\">\n<div class=\"et_pb_image_2 et_pb_image et_pb_module et_flex_module\"><span class=\"et_pb_image_wrap\"><img loading=\"lazy\" decoding=\"async\" src=\"https:\/\/guestwisely.dev\/wp-content\/uploads\/2025\/06\/PMS-tabs.png\" width=\"800\" height=\"601\" srcset=\"https:\/\/guestwisely.dev\/wp-content\/uploads\/2025\/06\/PMS-tabs.png 800w, https:\/\/guestwisely.dev\/wp-content\/uploads\/2025\/06\/PMS-tabs-480x361.png 480w\" sizes=\"(min-width: 0px) and (max-width: 480px) 480px, (min-width: 481px) 800px, 100vw\" class=\"wp-image-127\" \/><\/span><\/div>\n<\/div>\n<\/div>\n<\/div>\n<\/div>\n<\/div>\n\n<div class=\"et_pb_section_3 et_pb_section et_section_regular et_block_section\">\n<div class=\"et_pb_row_5 et_pb_row et_flex_row\">\n<div class=\"et_pb_column_8 et_pb_column et_flex_column et_pb_css_mix_blend_mode_passthrough et_flex_column_24_24\">\n<div class=\"et_pb_blurb_4 et_pb_blurb et_pb_bg_layout_light et_pb_text_align_left et_pb_blurb_position_top et_pb_module et_flex_module\"><div class=\"et_pb_blurb_content et_flex_module\"><div class=\"et_pb_main_blurb_image\"><span class=\"et_pb_image_wrap\"><span class=\"et-pb-icon et-waypoint et_pb_animation_top et_pb_animation_top_tablet et_pb_animation_top_phone\">\uf058<\/span><\/span><\/div><div class=\"et_pb_blurb_container\"><h4 class=\"et_pb_module_header\">Confiado por Quienes Servimos <\/h4><div class=\"et_pb_blurb_description\"><table><\/table>\n<p data-start=\"1661\" data-end=\"1917\">GuestWisely es la elecci\u00f3n de gestores de alquiler vacacional en todo el mundo: desde operadores independientes y agencias boutique hasta complejos tur\u00edsticos y portfolios multi-propietario. Si te tomas en serio el crecimiento de tu negocio de alquiler a corto plazo, estamos hechos para ti. <\/p>\n<\/div><\/div><\/div><\/div>\n<\/div>\n\n<div class=\"et_pb_column_9 et_pb_column et_flex_column et_pb_css_mix_blend_mode_passthrough et_flex_column_24_24\">\n<div class=\"et_pb_blurb_5 et_pb_blurb et_pb_bg_layout_light et_pb_text_align_left et_pb_blurb_position_top et_pb_module et_flex_module\"><div class=\"et_pb_blurb_content et_flex_module\"><div class=\"et_pb_main_blurb_image\"><span class=\"et_pb_image_wrap\"><span class=\"et-pb-icon et-waypoint et_pb_animation_top et_pb_animation_top_tablet et_pb_animation_top_phone\">\uf058<\/span><\/span><\/div><div class=\"et_pb_blurb_container\"><h4 class=\"et_pb_module_header\">Alcance Global. Enfoque Local.  <\/h4><div class=\"et_pb_blurb_description\"><table><\/table>\n<p data-start=\"1661\" data-end=\"1917\">Con clientes en m\u00e1s de 60 pa\u00edses y soporte para operaciones en m\u00faltiples idiomas y monedas, ayudamos a los gestores a prosperar en mercados diversos \u2014 manteni\u00e9ndose siempre competitivos y en cumplimiento legal.<\/p>\n<\/div><\/div><\/div><\/div>\n<\/div>\n\n<div class=\"et_pb_column_10 et_pb_column et_flex_column et_pb_css_mix_blend_mode_passthrough et_flex_column_24_24\">\n<div class=\"et_pb_blurb_6 et_pb_blurb et_pb_bg_layout_light et_pb_text_align_left et_pb_blurb_position_top et_pb_module et_flex_module\"><div class=\"et_pb_blurb_content et_flex_module\"><div class=\"et_pb_main_blurb_image\"><span class=\"et_pb_image_wrap\"><span class=\"et-pb-icon et-waypoint et_pb_animation_top et_pb_animation_top_tablet et_pb_animation_top_phone\">\uf058<\/span><\/span><\/div><div class=\"et_pb_blurb_container\"><h4 class=\"et_pb_module_header\">Liderazgo con Experiencia <\/h4><div class=\"et_pb_blurb_description\"><table><\/table>\n<p data-start=\"2195\" data-end=\"2391\">Nuestro equipo fundador combina d\u00e9cadas de experiencia en bienes ra\u00edces, tecnolog\u00eda de viajes y software hotelero. Hemos estado en tu lugar \u2014 y estamos aqu\u00ed para ayudarte a avanzar con menos fricci\u00f3n. <\/p>\n<\/div><\/div><\/div><\/div>\n<\/div>\n\n<div class=\"et_pb_column_11 et_pb_column et-last-child et_flex_column et_pb_css_mix_blend_mode_passthrough et_flex_column_24_24\">\n<div class=\"et_pb_blurb_7 et_pb_blurb et_pb_bg_layout_light et_pb_text_align_left et_pb_blurb_position_top et_pb_module et_flex_module\"><div class=\"et_pb_blurb_content et_flex_module\"><div class=\"et_pb_main_blurb_image\"><span class=\"et_pb_image_wrap\"><span class=\"et-pb-icon et-waypoint et_pb_animation_top et_pb_animation_top_tablet et_pb_animation_top_phone\">\uf058<\/span><\/span><\/div><div class=\"et_pb_blurb_container\"><h4 class=\"et_pb_module_header\">Lo Que Viene <\/h4><div class=\"et_pb_blurb_description\"><table><\/table>\n<p data-start=\"1661\" data-end=\"1917\">Esto es solo el comienzo. GuestWisely sigue evolucionando con nuevas funcionalidades, integraciones y mejoras de rendimiento. Porque cuando tu negocio crece, el nuestro tambi\u00e9n.  <\/p>\n<\/div><\/div><\/div><\/div>\n<\/div>\n<\/div>\n<\/div>\n\n<div class=\"et_pb_section_4 et_pb_section et_section_regular et_block_section\">\n<div class=\"et_pb_row_6 et_pb_row et_pb_gutters3 et_block_row\">\n<div class=\"et_pb_column_12 et_pb_column et_pb_column_4_4 et-last-child et_block_column et_pb_css_mix_blend_mode_passthrough\">\n<div class=\"et_pb_heading_2 et_pb_heading et_pb_module et_flex_module\"><div class=\"et_pb_heading_container\"><h2 class=\"et_pb_module_header\">Expertos del Sector. Pensamiento Centrado en el Cliente. <\/h2><\/div><\/div>\n<\/div>\n<\/div>\n\n<div class=\"et_pb_row_7 et_pb_row et_flex_row\">\n<div class=\"et_pb_column_13 et_pb_column et_flex_column et_pb_css_mix_blend_mode_passthrough et_flex_column_24_24\">\n<div class=\"et_pb_image_3 et_pb_image et_pb_module et_flex_module\"><span class=\"et_pb_image_wrap\"><img loading=\"lazy\" decoding=\"async\" src=\"https:\/\/guestwisely.dev\/wp-content\/uploads\/2025\/09\/about-map.png\" width=\"800\" height=\"480\" srcset=\"https:\/\/guestwisely.dev\/wp-content\/uploads\/2025\/09\/about-map.png 800w, https:\/\/guestwisely.dev\/wp-content\/uploads\/2025\/09\/about-map-480x288.png 480w\" sizes=\"(min-width: 0px) and (max-width: 480px) 480px, (min-width: 481px) 800px, 100vw\" class=\"wp-image-40715\" \/><\/span><\/div>\n<\/div>\n\n<div class=\"et_pb_column_14 et_pb_column et-last-child et_flex_column et_pb_css_mix_blend_mode_passthrough et_flex_column_24_24\">\n<div class=\"et_pb_blurb_8 et_pb_blurb et_pb_bg_layout_light et_pb_text_align_left et_pb_blurb_position_top et_pb_module et_flex_module\"><div class=\"et_pb_blurb_content et_flex_module\"><div class=\"et_pb_blurb_container\"><div class=\"et_pb_blurb_description\"><p data-start=\"294\" data-end=\"556\">En GuestWisely, somos un equipo de profesionales con trayectoria en la gesti\u00f3n de alquileres vacacionales, tecnolog\u00eda tur\u00edstica e innovaci\u00f3n SaaS. Nuestro equipo de liderazgo y producto re\u00fane d\u00e9cadas de experiencia ayudando a gestores a crecer de manera m\u00e1s eficiente. <\/p>\n<p data-start=\"558\" data-end=\"749\">Conocemos los desaf\u00edos de escalar un negocio de alquiler \u2014 porque los hemos vivido.<br \/>Por eso creamos GuestWisely: una plataforma tan poderosa como pr\u00e1ctica, con flujos de trabajo reales en su n\u00facleo. <\/p>\n<p data-start=\"751\" data-end=\"873\">Estamos aqu\u00ed para ayudarte a optimizar tus operaciones, mejorar la experiencia del hu\u00e9sped y hacer crecer tu negocio \u2014 sin aumentar tu carga de trabajo.<\/p>\n<\/div><\/div><\/div><\/div>\n<\/div>\n<\/div>\n<\/div>\n\n<div class=\"et_pb_section_5 et_pb_section et_section_regular et_block_section\">\n<div class=\"et_pb_row_8 et_pb_row et_pb_gutters3 et_block_row\">\n<div class=\"et_pb_column_15 et_pb_column et_pb_column_4_4 et-last-child et_block_column et_pb_css_mix_blend_mode_passthrough\">\n<div class=\"et_pb_heading_3 et_pb_heading et_pb_module et_flex_module\"><div class=\"et_pb_heading_container\"><h2 class=\"et_pb_module_header\">\u00bfListo para Trabajar de Forma M\u00e1s Inteligente?<\/h2><\/div><\/div>\n\n<div class=\"et_pb_text_2 et_pb_text et_pb_bg_layout_dark et_pb_module et_flex_module\"><div class=\"et_pb_text_inner\"><p>\u00danete a los miles de gestores que ya se han cambiado a GuestWisely para simplificar sus operaciones, fortalecer la relaci\u00f3n con propietarios y ofrecer una experiencia excepcional a sus hu\u00e9spedes \u2014 todo desde una sola plataforma potente.<\/p>\n<\/div><\/div>\n\n<div class=\"et_pb_module et_pb_button_module_wrapper et_pb_button_1_wrapper preset--module--divi-button--uwhe67bdsz_wrapper\"><a class=\"et_pb_button_1 et_pb_button et_pb_bg_layout_light et_pb_module et_flex_module preset--module--divi-button--uwhe67bdsz\" href=\"\">Empezar Ahora<\/a><\/div>\n<\/div>\n<\/div>\n<\/div>","protected":false},"excerpt":{"rendered":"","protected":false},"author":4,"featured_media":0,"parent":0,"menu_order":13,"comment_status":"closed","ping_status":"closed","template":"","meta":{"footnotes":"","_wp_rev_ctl_limit":""},"class_list":["post-38730","page","type-page","status-publish","hentry"],"_links":{"self":[{"href":"https:\/\/guestwisely.dev\/es\/wp-json\/wp\/v2\/pages\/38730","targetHints":{"allow":["GET"]}}],"collection":[{"href":"https:\/\/guestwisely.dev\/es\/wp-json\/wp\/v2\/pages"}],"about":[{"href":"https:\/\/guestwisely.dev\/es\/wp-json\/wp\/v2\/types\/page"}],"author":[{"embeddable":true,"href":"https:\/\/guestwisely.dev\/es\/wp-json\/wp\/v2\/users\/4"}],"replies":[{"embeddable":true,"href":"https:\/\/guestwisely.dev\/es\/wp-json\/wp\/v2\/comments?post=38730"}],"version-history":[{"count":7,"href":"https:\/\/guestwisely.dev\/es\/wp-json\/wp\/v2\/pages\/38730\/revisions"}],"predecessor-version":[{"id":239812,"href":"https:\/\/guestwisely.dev\/es\/wp-json\/wp\/v2\/pages\/38730\/revisions\/239812"}],"wp:attachment":[{"href":"https:\/\/guestwisely.dev\/es\/wp-json\/wp\/v2\/media?parent=38730"}],"curies":[{"name":"wp","href":"https:\/\/api.w.org\/{rel}","templated":true}]}}