{"id":38747,"date":"2025-07-24T05:07:22","date_gmt":"2025-07-24T05:07:22","guid":{"rendered":"https:\/\/guestwisely.dev\/casos-de-exito\/ajf-dream-living\/"},"modified":"2025-09-08T04:41:08","modified_gmt":"2025-09-08T04:41:08","slug":"ajf-dream-living","status":"publish","type":"page","link":"https:\/\/guestwisely.dev\/es\/casos-de-exito\/ajf-dream-living\/","title":{"rendered":"AJF Dream Living"},"content":{"rendered":"<div class=\"et_pb_section_0 et_pb_section et_section_regular et_block_section\">\n<div class=\"et_pb_row_0 et_pb_row et_pb_gutters3 et_block_row\">\n<div class=\"et_pb_column_0 et_pb_column et_pb_column_1_2 et_flex_column et_pb_css_mix_blend_mode_passthrough\">\n<div class=\"et_pb_text_0 et_pb_text et_pb_bg_layout_light et_pb_module et_flex_module\"><div class=\"et_pb_text_inner\"><p><a class=\"mega-menu-link\">ESTUDIO DE CASO<\/a><\/p>\n<\/div><\/div>\n\n<div class=\"et_pb_heading_0 et_pb_heading et_pb_module et_flex_module\"><div class=\"et_pb_heading_container\"><h2 class=\"et_pb_module_header\">C\u00f3mo GuestWisely ha impulsado el \u00e9xito en canales de AJF Dream Living<\/h2><\/div><\/div>\n<\/div>\n\n<div class=\"et_pb_column_1 et_pb_column et_pb_column_1_2 et-last-child et_flex_column et_pb_css_mix_blend_mode_passthrough\">\n<div class=\"et_pb_testimonial_0 et_pb_testimonial et_pb_icon_off et_pb_testimonial_no_image et_pb_bg_layout_light et_pb_text_align_left et_pb_module et_flex_module\"><div class=\"et_pb_testimonial_inner\"><div class=\"et_pb_testimonial_description et_flex_module\"><div class=\"et_pb_testimonial_description_inner\"><div class=\"et_pb_testimonial_content\"><p><em>\u201cNo podr\u00eda vivir sin GuestWisely. Es una plataforma excelente. Una vez que la configuras, empieza a maximizar los ingresos que obtienes de tus propiedades.\u201d<\/em><\/p>\n<\/div><\/div><div class=\"et_pb_testimonial_author\">Joakim Franz\u00e9n<\/div><div class=\"et_pb_testimonial_meta\"><span class=\"et_pb_testimonial_position\">Propietario de AJF Dream Living<\/span><\/div><\/div><\/div><\/div>\n<\/div>\n<\/div>\n\n<div class=\"et_pb_row_1 et_pb_row et_flex_row\">\n<div class=\"et_pb_column_2 et_pb_column et-last-child et_flex_column et_pb_css_mix_blend_mode_passthrough et_flex_column_24_24\">\n<div class=\"et_pb_heading_1 et_pb_heading et_pb_module et_flex_module\"><div class=\"et_pb_heading_container\"><\/div><\/div>\n<\/div>\n<\/div>\n<\/div>\n\n<div class=\"et_pb_section_1 et_pb_section et_section_regular et_flex_section\">\n<div class=\"et_pb_row_2 et_pb_row et_flex_row\">\n<div class=\"et_pb_column_3 et_pb_column et-last-child et_flex_column et_pb_css_mix_blend_mode_passthrough et_flex_column_24_24\">\n<div class=\"et_pb_heading_2 et_pb_heading et_pb_module et_flex_module\"><div class=\"et_pb_heading_container\"><h3 class=\"et_pb_module_header\">Introducci\u00f3n<\/h3><\/div><\/div>\n\n<div class=\"et_pb_text_1 et_pb_text et_pb_bg_layout_light et_pb_module et_flex_module\"><div class=\"et_pb_text_inner\"><p><a href=\"https:\/\/ajfdreamliving.com\/\"><span><strong>AJF Dream Living<\/strong><\/span><\/a><span> es una empresa de gesti\u00f3n de propiedades con sede en Suecia que administra varias propiedades vacacionales en diferentes canales de reserva en l\u00ednea, incluidos Booking.com y Airbnb. AJF Dream Living contaba con un administrador de propiedades que llevaba el negocio, pero Joakim, el propietario, quer\u00eda aumentar sus reservas y gestionar todo \u00e9l mismo para reducir costos. Para ello, investig\u00f3 sobre Channel Managers, pero pronto comprendi\u00f3 la importancia de un software de gesti\u00f3n de propiedades.   <\/span><span>Rentals United le propuso a Joakim varios socios PMS con los que trabajaban para ofrecerle una soluci\u00f3n completa. Tras comparar competidores a trav\u00e9s de demostraciones, AJF Dream Living determin\u00f3 que el nivel de conexi\u00f3n que ofrec\u00eda GuestWisely era superior. <\/span><\/p>\n<\/div><\/div>\n<\/div>\n<\/div>\n<\/div>\n\n<div class=\"et_pb_section_2 et_pb_section et_section_regular et_flex_section\">\n<div class=\"et_pb_row_3 et_pb_row et_flex_row\">\n<div class=\"et_pb_column_4 et_pb_column et-last-child et_flex_column et_pb_css_mix_blend_mode_passthrough et_flex_column_24_24\">\n<div class=\"et_pb_heading_3 et_pb_heading et_pb_module et_flex_module\"><div class=\"et_pb_heading_container\"><h3 class=\"et_pb_module_header\">Desaf\u00edos\r\n<\/h3><\/div><\/div>\n\n<div class=\"et_pb_text_2 et_pb_text et_pb_bg_layout_light et_pb_module et_flex_module\"><div class=\"et_pb_text_inner\"><p><strong>AJF Dream Living<\/strong><span> ten\u00eda requisitos espec\u00edficos al elegir un <\/span><strong>PMS<\/strong><span> para sus propiedades vacacionales. Durante su b\u00fasqueda de la soluci\u00f3n ideal, se encontraron con varios retos, entre ellos: <\/span><\/p>\n<\/div><\/div>\n<\/div>\n<\/div>\n\n<div class=\"et_pb_row_4 et_pb_row et_flex_row\">\n<div class=\"et_pb_column_5 et_pb_column et_flex_column et_pb_css_mix_blend_mode_passthrough et_flex_column_24_24\">\n<div class=\"et_pb_text_3 et_pb_text et_pb_bg_layout_light et_pb_module et_flex_module\"><div class=\"et_pb_text_inner\"><p>Rentals United, su channel manager preferido, ten\u00eda un requisito m\u00ednimo para nuevos clientes que AJF Dream Living no cumpl\u00eda en ese momento. Esto los llev\u00f3 a explorar opciones de integraci\u00f3n alternativas, ya que necesitaban una soluci\u00f3n tanto para la gesti\u00f3n de canales como para las funciones de PMS. <\/p>\n<\/div><\/div>\n<\/div>\n\n<div class=\"et_pb_column_6 et_pb_column et_flex_column et_pb_css_mix_blend_mode_passthrough et_flex_column_24_24\">\n<div class=\"et_pb_text_4 et_pb_text et_pb_bg_layout_light et_pb_module et_flex_module\"><div class=\"et_pb_text_inner\"><p>Necesitaban una soluci\u00f3n eficiente para la gesti\u00f3n de pagos que les permitiera manejar cobros de varios canales y de su propia web de forma m\u00e1s eficaz.<\/p>\n<p>&nbsp;<\/p>\n<\/div><\/div>\n<\/div>\n\n<div class=\"et_pb_column_7 et_pb_column et-last-child et_flex_column et_pb_css_mix_blend_mode_passthrough et_flex_column_24_24\">\n<div class=\"et_pb_text_5 et_pb_text et_pb_bg_layout_light et_pb_module et_flex_module\"><div class=\"et_pb_text_inner\"><p>Adem\u00e1s, incurr\u00edan en costes adicionales pagando un 10 % de comisi\u00f3n a un agente externo de reservas, lo que reduc\u00eda su margen de beneficio. Pese a esto, Joakim a\u00fan deb\u00eda intervenir en ciertas tareas. <\/p>\n<p>&nbsp;<\/p>\n<\/div><\/div>\n<\/div>\n<\/div>\n\n<div class=\"et_pb_row_5 et_pb_row et_flex_row\">\n<div class=\"et_pb_column_8 et_pb_column et-last-child et_flex_column et_pb_css_mix_blend_mode_passthrough et_flex_column_24_24\">\n<div class=\"et_pb_text_6 et_pb_text et_pb_bg_layout_light et_pb_module et_flex_module\"><div class=\"et_pb_text_inner\"><p><span>Joakim reconoci\u00f3 r\u00e1pidamente la necesidad de centralizar la gesti\u00f3n del contenido de las propiedades en los canales, as\u00ed como precios y un calendario maestro, evitando entrar en el extranet de cada canal. Tambi\u00e9n entendi\u00f3 la importancia de contar con m\u00e1s herramientas de venta para generar reservas directas y un sistema eficiente para introducir reservas manuales. Su objetivo era optimizar procesos y reducir tareas manuales para mejorar la eficiencia, por lo que busc\u00f3 un PMS que automatizara tareas y pagos, ayudando a AJF Dream Living a competir con \u00e9xito en el mercado de alquiler vacacional.  <\/span><\/p>\n<\/div><\/div>\n<\/div>\n<\/div>\n<\/div>\n\n<div class=\"et_pb_section_3 et_pb_section et_section_regular et_flex_section\">\n<div class=\"et_pb_row_6 et_pb_row et_flex_row\">\n<div class=\"et_pb_column_9 et_pb_column et-last-child et_flex_column et_pb_css_mix_blend_mode_passthrough et_flex_column_24_24\">\n<div class=\"et_pb_heading_4 et_pb_heading et_pb_module et_flex_module\"><div class=\"et_pb_heading_container\"><h3 class=\"et_pb_module_header\">Soluciones<\/h3><\/div><\/div>\n\n<div class=\"et_pb_text_7 et_pb_text et_pb_bg_layout_light et_pb_module et_flex_module\"><div class=\"et_pb_text_inner\"><p><span>AJF Dream Living eligi\u00f3 GuestWisely como su PMS gracias a su integraci\u00f3n con Rentals United y a sus <strong>funciones de gesti\u00f3n de pagos automatizada<\/strong>. El proceso de incorporaci\u00f3n fue r\u00e1pido y \u00fatil, lo que facilit\u00f3 la adopci\u00f3n de la plataforma desde el principio. Nuestro PMS les proporcion\u00f3 una interfaz intuitiva y funciones completas que cubr\u00edan sus necesidades.  <\/span><\/p>\n<\/div><\/div>\n<\/div>\n<\/div>\n\n<div class=\"et_pb_row_7 et_pb_row et_flex_row\">\n<div class=\"et_pb_column_10 et_pb_column et_flex_column et_pb_css_mix_blend_mode_passthrough et_flex_column_24_24\">\n<div class=\"et_pb_text_8 et_pb_text et_pb_bg_layout_light et_pb_module et_flex_module\"><div class=\"et_pb_text_inner\"><p><span>Una de las funcionalidades m\u00e1s valiosas para AJF Dream Living ha sido Advanced Payment Manager, que ha optimizado su proceso de pagos, ahorrando tiempo y esfuerzo. <\/span><span>Con GuestWisely, AJF Dream Living pudo extender el proceso de pago automatizado a su propio sitio web, adem\u00e1s de beneficiarse de las Anal\u00edticas de Rendimiento para analizar el desempe\u00f1o financiero, los ingresos por canales, la gesti\u00f3n de consultas y las nuevas tendencias. Esta gesti\u00f3n de pagos optimizada les permiti\u00f3 minimizar las tareas manuales de cobro y optimizar sus operaciones financieras en general. <\/span><\/p>\n<p><span>Para optimizar a\u00fan m\u00e1s sus ingresos, AJF Dream Living implement\u00f3 Pricelabs, una herramienta externa de optimizaci\u00f3n de precios tambi\u00e9n integrada con GuestWisely. Esta integraci\u00f3n les permiti\u00f3 establecer precios \u00f3ptimos para sus propiedades en funci\u00f3n de la demanda del mercado, como en temporadas altas, entre otros factores. <\/span><\/p>\n<\/div><\/div>\n<\/div>\n\n<div class=\"et_pb_column_11 et_pb_column et-last-child et_flex_column et_pb_css_mix_blend_mode_passthrough et_flex_column_24_24\">\n<div class=\"et_pb_image_0 et_pb_image et_pb_module et_flex_module\"><span class=\"et_pb_image_wrap\"><img loading=\"lazy\" decoding=\"async\" src=\"https:\/\/guestwisely.dev\/wp-content\/uploads\/2025\/07\/case-study-ajf-body.jpg.webp\" width=\"824\" height=\"588\" srcset=\"https:\/\/guestwisely.dev\/wp-content\/uploads\/2025\/07\/case-study-ajf-body.jpg.webp 824w, https:\/\/guestwisely.dev\/wp-content\/uploads\/2025\/07\/case-study-ajf-body.jpg-480x343.webp 480w\" sizes=\"(min-width: 0px) and (max-width: 480px) 480px, (min-width: 481px) 824px, 100vw\" class=\"wp-image-37906\" \/><\/span><\/div>\n<\/div>\n<\/div>\n<\/div>\n\n<div class=\"et_pb_section_4 et_pb_section et_section_regular et_flex_section\">\n<div class=\"et_pb_row_8 et_pb_row et_flex_row\">\n<div class=\"et_pb_column_12 et_pb_column et-last-child et_flex_column et_pb_css_mix_blend_mode_passthrough et_flex_column_24_24\">\n<div class=\"et_pb_heading_5 et_pb_heading et_pb_module et_flex_module\"><div class=\"et_pb_heading_container\"><h3 class=\"et_pb_module_header\">Resultados<\/h3><\/div><\/div>\n\n<div class=\"et_pb_text_9 et_pb_text et_pb_bg_layout_light et_pb_module et_flex_module\"><div class=\"et_pb_text_inner\"><p>Desde que implement\u00f3 GuestWisely como su PMS, AJF Dream Living ha mejorado sus operaciones y la gesti\u00f3n de ingresos. Mientras que la integraci\u00f3n fluida con Rentals United les ha permitido gestionar sus reservas de diferentes canales de manera m\u00e1s eficiente, las funciones automatizadas de gesti\u00f3n de pagos de GuestWisely les han ahorrado tiempo y esfuerzo en el manejo de cobros. Adem\u00e1s, nuestra integraci\u00f3n con Pricelabs les ha ayudado a optimizar su estrategia de precios, lo que en \u00faltima instancia ha incrementado sus reservas e ingresos.  <\/p>\n<\/div><\/div>\n<\/div>\n<\/div>\n\n<div class=\"et_pb_row_9 et_pb_row et_flex_row\">\n<div class=\"et_pb_column_13 et_pb_column et_flex_column et_pb_css_mix_blend_mode_passthrough et_flex_column_24_24\">\n<div class=\"et_pb_text_10 et_pb_text et_pb_bg_layout_light et_pb_module et_flex_module\"><div class=\"et_pb_text_inner\"><p style=\"text-align: center;\">Hasta un<\/p>\n<\/div><\/div>\n\n<div class=\"et_pb_number_counter_0 et_pb_number_counter et_pb_bg_layout_light et_pb_text_align_center et_pb_with_title et_pb_module et_flex_module\"><div class=\"percent\"><p><span class=\"percent-value\"><\/span><span class=\"percent-sign\">%<\/span><\/p><\/div><h3 class=\"title\">de aumento en los ingresos<\/h3><\/div>\n<\/div>\n\n<div class=\"et_pb_column_14 et_pb_column et-last-child et_flex_column et_pb_css_mix_blend_mode_passthrough et_flex_column_24_24\">\n<div class=\"et_pb_text_11 et_pb_text et_pb_bg_layout_light et_pb_module et_flex_module\"><div class=\"et_pb_text_inner\"><p>AJF Dream Living ha experimentado un notable aumento de ingresos, con la facturaci\u00f3n por reservas aumentando entre un 50 % y un 60 % despu\u00e9s de implementar GuestWisely e integrarlo con Rentals United y Pricelabs. La estrategia de precios optimizada que ofrece Pricelabs ha dado como resultado mayores tasas de ocupaci\u00f3n y un aumento de las tarifas nocturnas, especialmente durante la temporada alta, lo que ha supuesto un impulso sustancial en los ingresos. <\/p>\n<p>Adem\u00e1s, el complemento Advanced Payment Manager de GuestWisely ha optimizado su flujo de caja al automatizar el proceso de pagos y garantizar cobros puntuales desde la fuente de reservas. Esta integraci\u00f3n fluida ha mejorado a\u00fan m\u00e1s sus operaciones financieras y ha contribuido a su \u00e9xito. <\/p>\n<\/div><\/div>\n<\/div>\n<\/div>\n<\/div>\n\n<div class=\"et_pb_section_5 et_pb_section et_section_regular et_flex_section\">\n<div class=\"et_pb_row_10 et_pb_row et_flex_row\">\n<div class=\"et_pb_column_15 et_pb_column et-last-child et_flex_column et_pb_css_mix_blend_mode_passthrough et_flex_column_24_24\">\n<div class=\"et_pb_heading_6 et_pb_heading et_pb_module et_flex_module\"><div class=\"et_pb_heading_container\"><h3 class=\"et_pb_module_header\">Conclusi\u00f3n<\/h3><\/div><\/div>\n\n<div class=\"et_pb_text_12 et_pb_text et_pb_bg_layout_light et_pb_module et_flex_module\"><div class=\"et_pb_text_inner\"><p>La historia de \u00e9xito de AJF Dream Living con GuestWisely destaca el impacto positivo de elegir el Sistema de Gesti\u00f3n de Propiedades adecuado cuando se utiliza un channel manager para la gesti\u00f3n de alquileres vacacionales. La integraci\u00f3n fluida con Rentals United, las valiosas herramientas complementarias como nuestro Advanced Payment Manager y la integraci\u00f3n de GuestWisely con Pricelabs han optimizado las operaciones y la gesti\u00f3n de ingresos de AJF Dream Living, lo que ha llevado a un aumento significativo en los ingresos por reservas de entre un 50 % y un 60 %. Al automatizar los procesos de pago, optimizar las estrategias de precios y gestionar eficientemente las reservas de m\u00faltiples canales, AJF Dream Living ha visto mejoras notables en sus ingresos y en el rendimiento general de su negocio.   <\/p>\n<p>Adem\u00e1s, en GuestWisely entendemos que elegir un sistema de gesti\u00f3n de propiedades que cumpla con los requisitos espec\u00edficos de tu negocio y que se integre perfectamente con otros sistemas es fundamental para tener \u00e9xito en la industria de la gesti\u00f3n de alquileres vacacionales. El \u00e9xito de AJF Dream Living con GuestWisely demuestra c\u00f3mo la soluci\u00f3n tecnol\u00f3gica adecuada puede influir positivamente en un negocio de gesti\u00f3n de propiedades vacacionales, aumentando los ingresos y mejorando las operaciones. <\/p>\n<\/div><\/div>\n\n<div class=\"et_pb_text_13 et_pb_text et_pb_bg_layout_light et_pb_module et_flex_module\"><div class=\"et_pb_text_inner\"><p style=\"text-align: center;\">Si buscas un PMS fiable y eficiente para tu negocio de alquileres vacacionales, considera GuestWisely como una soluci\u00f3n comprobada que ha entregado resultados tangibles para AJF Dream Living y muchas otras empresas de alquiler vacacional en todo el mundo.<\/p>\n<p>&nbsp;<\/p>\n<\/div><\/div>\n<\/div>\n<\/div>\n<\/div>\n\n<div class=\"et_pb_section_6 et_pb_section et_section_regular et_block_section\">\n<div class=\"et_pb_row_11 et_pb_row et_pb_gutters3 et_block_row\">\n<div class=\"et_pb_column_16 et_pb_column et_pb_column_4_4 et-last-child et_block_column et_pb_css_mix_blend_mode_passthrough\">\n<div class=\"et_pb_heading_7 et_pb_heading et_pb_module et_flex_module\"><div class=\"et_pb_heading_container\"><h2 class=\"et_pb_module_header\">\u00bfListo para escribir tu propia historia de \u00e9xito?\n\n<\/h2><\/div><\/div>\n\n<div class=\"et_pb_text_14 et_pb_text et_pb_bg_layout_dark et_pb_module et_flex_module\"><div class=\"et_pb_text_inner\"><p data-start=\"4843\" data-end=\"5023\">\u00danete a la creciente comunidad de profesionales de la hospitalidad que est\u00e1n escalando su negocio con GuestWisely. <strong data-start=\"241\" data-end=\"301\">Habla hoy con nuestro equipo y descubre c\u00f3mo podemos ayudarte a crecer.<\/strong><\/p>\n<\/div><\/div>\n\n<div class=\"et_pb_module et_pb_button_module_wrapper et_pb_button_0_wrapper preset--module--divi-button--uwhe67bdsz_wrapper\"><a class=\"et_pb_button_0 et_pb_button et_pb_bg_layout_light et_pb_module et_flex_module preset--module--divi-button--uwhe67bdsz\" href=\"\">Empezar Ahora<\/a><\/div>\n<\/div>\n<\/div>\n<\/div>","protected":false},"excerpt":{"rendered":"","protected":false},"author":4,"featured_media":0,"parent":38710,"menu_order":0,"comment_status":"closed","ping_status":"closed","template":"","meta":{"footnotes":"","_wp_rev_ctl_limit":""},"class_list":["post-38747","page","type-page","status-publish","hentry"],"_links":{"self":[{"href":"https:\/\/guestwisely.dev\/es\/wp-json\/wp\/v2\/pages\/38747","targetHints":{"allow":["GET"]}}],"collection":[{"href":"https:\/\/guestwisely.dev\/es\/wp-json\/wp\/v2\/pages"}],"about":[{"href":"https:\/\/guestwisely.dev\/es\/wp-json\/wp\/v2\/types\/page"}],"author":[{"embeddable":true,"href":"https:\/\/guestwisely.dev\/es\/wp-json\/wp\/v2\/users\/4"}],"replies":[{"embeddable":true,"href":"https:\/\/guestwisely.dev\/es\/wp-json\/wp\/v2\/comments?post=38747"}],"version-history":[{"count":2,"href":"https:\/\/guestwisely.dev\/es\/wp-json\/wp\/v2\/pages\/38747\/revisions"}],"predecessor-version":[{"id":239577,"href":"https:\/\/guestwisely.dev\/es\/wp-json\/wp\/v2\/pages\/38747\/revisions\/239577"}],"up":[{"embeddable":true,"href":"https:\/\/guestwisely.dev\/es\/wp-json\/wp\/v2\/pages\/38710"}],"wp:attachment":[{"href":"https:\/\/guestwisely.dev\/es\/wp-json\/wp\/v2\/media?parent=38747"}],"curies":[{"name":"wp","href":"https:\/\/api.w.org\/{rel}","templated":true}]}}