{"id":38749,"date":"2025-07-24T05:42:44","date_gmt":"2025-07-24T05:42:44","guid":{"rendered":"https:\/\/guestwisely.dev\/casos-de-exito\/valcambre\/"},"modified":"2025-09-08T04:41:41","modified_gmt":"2025-09-08T04:41:41","slug":"valcambre","status":"publish","type":"page","link":"https:\/\/guestwisely.dev\/es\/casos-de-exito\/valcambre\/","title":{"rendered":"Valcambre"},"content":{"rendered":"<div class=\"et_pb_section_0 et_pb_section et_section_regular et_block_section\">\n<div class=\"et_pb_row_0 et_pb_row et_pb_gutters3 et_block_row\">\n<div class=\"et_pb_column_0 et_pb_column et_pb_column_1_2 et_flex_column et_pb_css_mix_blend_mode_passthrough\">\n<div class=\"et_pb_text_0 et_pb_text et_pb_bg_layout_light et_pb_module et_flex_module\"><div class=\"et_pb_text_inner\"><p><a class=\"mega-menu-link\">ESTUDIO DE CASO<\/a><\/p>\n<\/div><\/div>\n\n<div class=\"et_pb_heading_0 et_pb_heading et_pb_module et_flex_module\"><div class=\"et_pb_heading_container\"><h2 class=\"et_pb_module_header\">C\u00f3mo Valcambre Aument\u00f3 su Eficiencia con GuestWisely<\/h2><\/div><\/div>\n<\/div>\n\n<div class=\"et_pb_column_1 et_pb_column et_pb_column_1_2 et-last-child et_flex_column et_pb_css_mix_blend_mode_passthrough\">\n<div class=\"et_pb_testimonial_0 et_pb_testimonial et_pb_icon_off et_pb_testimonial_no_image et_pb_bg_layout_light et_pb_text_align_left et_pb_module et_flex_module\"><div class=\"et_pb_testimonial_inner\"><div class=\"et_pb_testimonial_description et_flex_module\"><div class=\"et_pb_testimonial_description_inner\"><div class=\"et_pb_testimonial_content\"><p><i><span>\u201cGuestWisely nos ha ayudado principalmente con el aspecto de volumen de nuestro negocio. Con su tecnolog\u00eda, pudimos gestionar unas 165 propiedades tan f\u00e1cilmente como gestionar\u00edamos 40, lo que nos permiti\u00f3 alcanzar una tasa de crecimiento extraordinaria del 400 %.\u201d<\/span><\/i><\/p>\n<\/div><\/div><div class=\"et_pb_testimonial_author\">Isa\u00edas Rodr\u00edguez S\u00e1nchez <\/div><div class=\"et_pb_testimonial_meta\"><span class=\"et_pb_testimonial_position\">Socio Director en Valcambre<\/span><\/div><\/div><\/div><\/div>\n<\/div>\n<\/div>\n\n<div class=\"et_pb_row_1 et_pb_row et_flex_row\">\n<div class=\"et_pb_column_2 et_pb_column et-last-child et_flex_column et_pb_css_mix_blend_mode_passthrough et_flex_column_24_24\">\n<div class=\"et_pb_heading_1 et_pb_heading et_pb_module et_flex_module\"><div class=\"et_pb_heading_container\"><\/div><\/div>\n<\/div>\n<\/div>\n<\/div>\n\n<div class=\"et_pb_section_1 et_pb_section et_section_regular et_flex_section\">\n<div class=\"et_pb_row_2 et_pb_row et_flex_row\">\n<div class=\"et_pb_column_3 et_pb_column et-last-child et_flex_column et_pb_css_mix_blend_mode_passthrough et_flex_column_24_24\">\n<div class=\"et_pb_heading_2 et_pb_heading et_pb_module et_flex_module\"><div class=\"et_pb_heading_container\"><h3 class=\"et_pb_module_header\">Introducci\u00f3n<\/h3><\/div><\/div>\n<\/div>\n<\/div>\n\n<div class=\"et_pb_row_3 et_pb_row et_pb_gutters3 et_block_row\">\n<div class=\"et_pb_column_4 et_pb_column et_pb_column_1_2 et_flex_column et_pb_css_mix_blend_mode_passthrough\">\n<div class=\"et_pb_text_1 et_pb_text et_pb_bg_layout_light et_pb_module et_flex_module\"><div class=\"et_pb_text_inner\"><p>Valcambre, una destacada empresa familiar de gesti\u00f3n de propiedades con sede en Sevilla, Espa\u00f1a, comprometida con ofrecer un servicio excepcional y garantizar la satisfacci\u00f3n total de clientes y hu\u00e9spedes, enfrent\u00f3 importantes retos en su negocio de gesti\u00f3n de alquileres vacacionales, agravados por la pandemia de COVID-19. Con un equipo de profesionales apasionados y multiling\u00fces, Valcambre ofrece una amplia gama de apartamentos totalmente equipados en las mejores zonas de Sevilla, con el objetivo de hacer que cada estancia sea inolvidable. <\/p>\n<p>Tras una exhaustiva investigaci\u00f3n y comparaci\u00f3n, Valcambre determin\u00f3 que GuestWisely era el proveedor de software de gesti\u00f3n de propiedades (PMS) m\u00e1s adecuado para sus necesidades. La implementaci\u00f3n por parte de Valcambre de las soluciones integrales de PMS de GuestWisely ha transformado sus operaciones de gesti\u00f3n de alquileres vacacionales, permiti\u00e9ndoles superar obst\u00e1culos y alcanzar un notable reconocimiento de marca y crecimiento. <\/p>\n<p>Este estudio de caso profundiza en el recorrido de Valcambre y destaca c\u00f3mo GuestWisely ha desempe\u00f1ado un papel fundamental en impulsar su crecimiento del 400 %, mejorar su rendimiento empresarial y posicionar a Valcambre como un actor destacado en el sector.<\/p>\n<\/div><\/div>\n<\/div>\n\n<div class=\"et_pb_column_5 et_pb_column et_pb_column_1_2 et-last-child et_flex_column et_pb_css_mix_blend_mode_passthrough\">\n<div class=\"et_pb_image_0 et_pb_image et_pb_module et_flex_module\"><span class=\"et_pb_image_wrap\"><img loading=\"lazy\" decoding=\"async\" src=\"https:\/\/guestwisely.dev\/wp-content\/uploads\/2025\/07\/case-study-valcambre-featured.jpg\" width=\"1000\" height=\"691\" srcset=\"https:\/\/guestwisely.dev\/wp-content\/uploads\/2025\/07\/case-study-valcambre-featured.jpg 1000w, https:\/\/guestwisely.dev\/wp-content\/uploads\/2025\/07\/case-study-valcambre-featured-980x677.jpg 980w, https:\/\/guestwisely.dev\/wp-content\/uploads\/2025\/07\/case-study-valcambre-featured-480x332.jpg 480w\" sizes=\"(min-width: 0px) and (max-width: 480px) 480px, (min-width: 481px) and (max-width: 980px) 980px, (min-width: 981px) 1000px, 100vw\" class=\"wp-image-37911\" \/><\/span><\/div>\n<\/div>\n<\/div>\n<\/div>\n\n<div class=\"et_pb_section_2 et_pb_section et_section_regular et_flex_section\">\n<div class=\"et_pb_row_4 et_pb_row et_flex_row\">\n<div class=\"et_pb_column_6 et_pb_column et-last-child et_flex_column et_pb_css_mix_blend_mode_passthrough et_flex_column_24_24\">\n<div class=\"et_pb_heading_3 et_pb_heading et_pb_module et_flex_module\"><div class=\"et_pb_heading_container\"><h3 class=\"et_pb_module_header\">Desaf\u00edos\r\n<\/h3><\/div><\/div>\n\n<div class=\"et_pb_text_2 et_pb_text et_pb_bg_layout_light et_pb_module et_flex_module\"><div class=\"et_pb_text_inner\"><p>Al seleccionar el software de gesti\u00f3n de propiedades ideal para su negocio de gesti\u00f3n de alquileres vacacionales, Valcambre se enfrent\u00f3 a requisitos muy espec\u00edficos, que inclu\u00edan:<\/p>\n<\/div><\/div>\n<\/div>\n<\/div>\n\n<div class=\"et_pb_row_5 et_pb_row et_flex_row\">\n<div class=\"et_pb_column_7 et_pb_column et_flex_column et_pb_css_mix_blend_mode_passthrough et_flex_column_24_24\">\n<div class=\"et_pb_heading_4 et_pb_heading et_pb_module et_flex_module\"><div class=\"et_pb_heading_container\"><h6 class=\"et_pb_module_header\">Reconocimiento de marca y reservas directas<\/h6><\/div><\/div>\n\n<div class=\"et_pb_text_3 et_pb_text et_pb_bg_layout_light et_pb_module et_flex_module\"><div class=\"et_pb_text_inner\"><p>Valcambre depend\u00eda en gran medida de canales de terceros para sus reservas, lo que limitaba su exposici\u00f3n de marca y reduc\u00eda las reservas directas. Por ello, buscaban una soluci\u00f3n que les permitiera mostrar su cartera de propiedades de forma efectiva, aumentar el reconocimiento de marca y construir relaciones m\u00e1s s\u00f3lidas con hu\u00e9spedes y propietarios. <\/p>\n<\/div><\/div>\n<\/div>\n\n<div class=\"et_pb_column_8 et_pb_column et_flex_column et_pb_css_mix_blend_mode_passthrough et_flex_column_24_24\">\n<div class=\"et_pb_heading_5 et_pb_heading et_pb_module et_flex_module\"><div class=\"et_pb_heading_container\"><h6 class=\"et_pb_module_header\">Proceso de liquidaci\u00f3n de pagos\r\n<\/h6><\/div><\/div>\n\n<div class=\"et_pb_text_4 et_pb_text et_pb_bg_layout_light et_pb_module et_flex_module\"><div class=\"et_pb_text_inner\"><p>El proceso manual de generar facturas y realizar el seguimiento de los pagos consum\u00eda mucho tiempo y era propenso a errores. Valcambre carec\u00eda de un sistema optimizado de liquidaci\u00f3n de pagos que pudiera ayudarles a mejorar la gesti\u00f3n financiera. <\/p>\n<\/div><\/div>\n<\/div>\n\n<div class=\"et_pb_column_9 et_pb_column et-last-child et_flex_column et_pb_css_mix_blend_mode_passthrough et_flex_column_24_24\">\n<div class=\"et_pb_heading_6 et_pb_heading et_pb_module et_flex_module\"><div class=\"et_pb_heading_container\"><h6 class=\"et_pb_module_header\">Organizaci\u00f3n de tareas de limpieza y check-ins\r\n<\/h6><\/div><\/div>\n\n<div class=\"et_pb_text_5 et_pb_text et_pb_bg_layout_light et_pb_module et_flex_module\"><div class=\"et_pb_text_inner\"><p>Valcambre ten\u00eda dificultades para organizar de forma eficaz las tareas de limpieza y los check-ins, lo que provocaba problemas de comunicaci\u00f3n y una posible insatisfacci\u00f3n de los hu\u00e9spedes. La ausencia de informes y listas de verificaci\u00f3n claras para la limpieza dificultaba la coordinaci\u00f3n, especialmente al gestionar un gran n\u00famero de propiedades a medida que el negocio comenzaba a crecer. <\/p>\n<\/div><\/div>\n<\/div>\n<\/div>\n<\/div>\n\n<div class=\"et_pb_section_3 et_pb_section et_section_regular et_flex_section\">\n<div class=\"et_pb_row_6 et_pb_row et_flex_row\">\n<div class=\"et_pb_column_10 et_pb_column et-last-child et_flex_column et_pb_css_mix_blend_mode_passthrough et_flex_column_24_24\">\n<div class=\"et_pb_heading_7 et_pb_heading et_pb_module et_flex_module\"><div class=\"et_pb_heading_container\"><h3 class=\"et_pb_module_header\">Soluciones<\/h3><\/div><\/div>\n\n<div class=\"et_pb_text_6 et_pb_text et_pb_bg_layout_light et_pb_module et_flex_module\"><div class=\"et_pb_text_inner\"><p>GuestWisely se present\u00f3 como la soluci\u00f3n ideal para Valcambre gracias a su gama de funciones clave y beneficios que abordaban de manera eficaz estos desaf\u00edos espec\u00edficos, incluyendo:<\/p>\n<\/div><\/div>\n\n<div class=\"et_pb_heading_8 et_pb_heading et_pb_module et_flex_module\"><div class=\"et_pb_heading_container\"><h6 class=\"et_pb_module_header\">Soluciones web para el reconocimiento de marca\r\n<\/h6><\/div><\/div>\n\n<div class=\"et_pb_text_7 et_pb_text et_pb_bg_layout_light et_pb_module et_flex_module\"><div class=\"et_pb_text_inner\"><p>Las soluciones de sitios web totalmente integradas de GuestWisely permitieron a Valcambre poner en marcha r\u00e1pidamente una p\u00e1gina web de alto impacto, f\u00e1cil de administrar a largo plazo. El nuevo sitio web de Valcambre es intuitivo, atractivo visualmente y les permiti\u00f3 mostrar de forma efectiva las propiedades que gestionan, aumentando as\u00ed el reconocimiento de marca y reduciendo la dependencia de canales de terceros. Como resultado, las reservas y pagos directos en l\u00ednea aumentaron significativamente, contribuyendo al crecimiento general del negocio.  <\/p>\n<\/div><\/div>\n\n<div class=\"et_pb_heading_9 et_pb_heading et_pb_module et_flex_module\"><div class=\"et_pb_heading_container\"><h6 class=\"et_pb_module_header\">Liquidaci\u00f3n de pagos optimizada\r\n\r\n<\/h6><\/div><\/div>\n\n<div class=\"et_pb_text_8 et_pb_text et_pb_bg_layout_light et_pb_module et_flex_module\"><div class=\"et_pb_text_inner\"><p>Con las capacidades de facturaci\u00f3n de GuestWisely, el proceso de liquidaci\u00f3n de pagos con los propietarios se simplific\u00f3. Generar facturas y hacer el seguimiento de los pagos se volvi\u00f3 m\u00e1s eficiente, ahorrando tiempo y esfuerzo al equipo de Valcambre. <\/p>\n<p>Para optimizar a\u00fan m\u00e1s sus ingresos, AJF Dream Living implement\u00f3 Pricelabs, una herramienta externa de optimizaci\u00f3n de precios tambi\u00e9n integrada con GuestWisely. Esta integraci\u00f3n les permiti\u00f3 establecer precios \u00f3ptimos para sus propiedades en funci\u00f3n de la demanda del mercado, como en temporadas altas, entre otros factores. <\/p>\n<\/div><\/div>\n<\/div>\n<\/div>\n\n<div class=\"et_pb_row_7 et_pb_row et_flex_row\">\n<div class=\"et_pb_column_11 et_pb_column et-last-child et_flex_column et_pb_css_mix_blend_mode_passthrough et_flex_column_24_24\">\n<div class=\"et_pb_heading_10 et_pb_heading et_pb_module et_flex_module\"><div class=\"et_pb_heading_container\"><h6 class=\"et_pb_module_header\">Gesti\u00f3n de tareas de limpieza y check-ins\r\n\r\n<\/h6><\/div><\/div>\n\n<div class=\"et_pb_text_9 et_pb_text et_pb_bg_layout_light et_pb_module et_flex_module\"><div class=\"et_pb_text_inner\"><p>La soluci\u00f3n PMS de GuestWisely proporcion\u00f3 a Valcambre informes de limpieza y listas de verificaci\u00f3n claras, optimizando la organizaci\u00f3n y eficiencia de las tareas de limpieza. Este proceso mejorado result\u00f3 en una experiencia de check-in fluida para los hu\u00e9spedes, mejorando significativamente la satisfacci\u00f3n general. <\/p>\n<p>&nbsp;<\/p>\n<\/div><\/div>\n<\/div>\n<\/div>\n\n<div class=\"et_pb_row_8 et_pb_row et_flex_row\">\n<div class=\"et_pb_column_12 et_pb_column et-last-child et_flex_column et_pb_css_mix_blend_mode_passthrough et_flex_column_24_24\">\n<div class=\"et_pb_image_1 et_pb_image et_pb_module et_flex_module\"><span class=\"et_pb_image_wrap\"><img loading=\"lazy\" decoding=\"async\" src=\"https:\/\/guestwisely.dev\/wp-content\/uploads\/2025\/07\/case-study-valcambre-body.jpg.webp\" width=\"1000\" height=\"750\" srcset=\"https:\/\/guestwisely.dev\/wp-content\/uploads\/2025\/07\/case-study-valcambre-body.jpg.webp 1000w, https:\/\/guestwisely.dev\/wp-content\/uploads\/2025\/07\/case-study-valcambre-body.jpg-980x735.webp 980w, https:\/\/guestwisely.dev\/wp-content\/uploads\/2025\/07\/case-study-valcambre-body.jpg-480x360.webp 480w\" sizes=\"(min-width: 0px) and (max-width: 480px) 480px, (min-width: 481px) and (max-width: 980px) 980px, (min-width: 981px) 1000px, 100vw\" class=\"wp-image-37901\" \/><\/span><\/div>\n<\/div>\n<\/div>\n<\/div>\n\n<div class=\"et_pb_section_4 et_pb_section et_section_regular et_flex_section\">\n<div class=\"et_pb_row_9 et_pb_row et_flex_row\">\n<div class=\"et_pb_column_13 et_pb_column et-last-child et_flex_column et_pb_css_mix_blend_mode_passthrough et_flex_column_24_24\">\n<div class=\"et_pb_heading_11 et_pb_heading et_pb_module et_flex_module\"><div class=\"et_pb_heading_container\"><h3 class=\"et_pb_module_header\">Resultados<\/h3><\/div><\/div>\n\n<div class=\"et_pb_text_10 et_pb_text et_pb_bg_layout_light et_pb_module et_flex_module\"><div class=\"et_pb_text_inner\"><p>A pesar de los desaf\u00edos planteados por la pandemia, Valcambre logr\u00f3 un crecimiento y \u00e9xito notables tras la implementaci\u00f3n de GuestWisely:<\/p>\n<\/div><\/div>\n<\/div>\n<\/div>\n\n<div class=\"et_pb_row_10 et_pb_row et_pb_gutters3 et_block_row\">\n<div class=\"et_pb_column_14 et_pb_column et_pb_column_2_3 et_flex_column et_pb_css_mix_blend_mode_passthrough\">\n<div class=\"et_pb_heading_12 et_pb_heading et_pb_module et_flex_module\"><div class=\"et_pb_heading_container\"><h6 class=\"et_pb_module_header\">Gesti\u00f3n de tareas de limpieza y check-ins\r\n\r\n<\/h6><\/div><\/div>\n\n<div class=\"et_pb_text_11 et_pb_text et_pb_bg_layout_light et_pb_module et_flex_module\"><div class=\"et_pb_text_inner\"><p>La cartera de propiedades de Valcambre experiment\u00f3 un crecimiento significativo, pasando de 40 propiedades a unas impresionantes 165 en el transcurso de dos a\u00f1os. Esto representa una tasa de crecimiento excepcional del 400%, lo que demuestra la capacidad de Valcambre para escalar y adaptarse a las condiciones del mercado con el apoyo de GuestWisely. Este logro fue especialmente destacable durante el dif\u00edcil periodo de la pandemia y m\u00e1s all\u00e1. <\/p>\n<\/div><\/div>\n<\/div>\n\n<div class=\"et_pb_column_15 et_pb_column et_pb_column_1_3 et-last-child et_flex_column et_pb_css_mix_blend_mode_passthrough\">\n<div class=\"et_pb_number_counter_0 et_pb_number_counter et_pb_bg_layout_light et_pb_text_align_center et_pb_with_title et_pb_module et_flex_module\"><div class=\"percent\"><p><span class=\"percent-value\"><\/span><span class=\"percent-sign\">%<\/span><\/p><\/div><h3 class=\"title\">tasa de crecimiento<\/h3><\/div>\n<\/div>\n<\/div>\n\n<div class=\"et_pb_row_11 et_pb_row et_flex_row\">\n<div class=\"et_pb_column_16 et_pb_column et-last-child et_flex_column et_pb_css_mix_blend_mode_passthrough et_flex_column_24_24\">\n<div class=\"et_pb_heading_13 et_pb_heading et_pb_module et_flex_module\"><div class=\"et_pb_heading_container\"><h6 class=\"et_pb_module_header\">Mayor reconocimiento de marca y reservas directas\r\n\r\n\r\n<\/h6><\/div><\/div>\n\n<div class=\"et_pb_text_12 et_pb_text et_pb_bg_layout_light et_pb_module et_flex_module\"><div class=\"et_pb_text_inner\"><p>Las soluciones web de GuestWisely desempe\u00f1aron un papel fundamental en el aumento significativo del reconocimiento de marca de Valcambre. Su nuevo sitio web, visualmente atractivo y con una interfaz f\u00e1cil de usar, ha captado eficazmente la atenci\u00f3n de un p\u00fablico m\u00e1s amplio, lo que ha llevado a un aumento considerable en la efectividad del sitio y en las reservas directas. La decisi\u00f3n estrat\u00e9gica de Valcambre de reducir su dependencia de los canales de terceros no solo ha ampliado su base de clientes, sino que tambi\u00e9n ha facilitado el crecimiento y la rentabilidad general del negocio, consolid\u00e1ndola como un actor destacado en el sector.  <\/p>\n<\/div><\/div>\n\n<div class=\"et_pb_heading_14 et_pb_heading et_pb_module et_flex_module\"><div class=\"et_pb_heading_container\"><h6 class=\"et_pb_module_header\">Operaciones optimizadas para una mejor experiencia del hu\u00e9sped\r\n\r\n\r\n\r\n<\/h6><\/div><\/div>\n\n<div class=\"et_pb_text_13 et_pb_text et_pb_bg_layout_light et_pb_module et_flex_module\"><div class=\"et_pb_text_inner\"><p>Valcambre entiende que ofrecer una experiencia superior al hu\u00e9sped es crucial para su \u00e9xito. Con las completas funcionalidades que ofrecen las soluciones de software de GuestWisely, Valcambre pudo optimizar sus operaciones de manera eficaz. La gesti\u00f3n eficiente de las tareas de limpieza y de los check-ins mejor\u00f3 la organizaci\u00f3n, la eficiencia y, en \u00faltima instancia, la experiencia del hu\u00e9sped. Al ofrecer constantemente un servicio excepcional y garantizar la satisfacci\u00f3n de los hu\u00e9spedes, Valcambre busca fomentar la lealtad y generar recomendaciones positivas de boca en boca.   <\/p>\n<\/div><\/div>\n\n<div class=\"et_pb_heading_15 et_pb_heading et_pb_module et_flex_module\"><div class=\"et_pb_heading_container\"><h6 class=\"et_pb_module_header\">Gesti\u00f3n financiera mejorada\r\n\r\n\r\n\r\n\r\n<\/h6><\/div><\/div>\n\n<div class=\"et_pb_text_14 et_pb_text et_pb_bg_layout_light et_pb_module et_flex_module\"><div class=\"et_pb_text_inner\"><p>Las funciones automatizadas de liquidaci\u00f3n de pagos de GuestWisely han transformado el proceso de facturaci\u00f3n para los propietarios, generando altos niveles de satisfacci\u00f3n. Gracias a su interfaz intuitiva y a su funcionalidad eficiente, Valcambre ha podido simplificar y agilizar la liquidaci\u00f3n de pagos, asegurando transacciones r\u00e1pidas y sin contratiempos. Este enfoque optimizado no solo ha mejorado la gesti\u00f3n financiera, sino que tambi\u00e9n ha fortalecido la relaci\u00f3n de confianza entre Valcambre y los propietarios de su cartera.  <\/p>\n<\/div><\/div>\n<\/div>\n<\/div>\n<\/div>\n\n<div class=\"et_pb_section_5 et_pb_section et_section_regular et_flex_section\">\n<div class=\"et_pb_row_12 et_pb_row et_flex_row\">\n<div class=\"et_pb_column_17 et_pb_column et-last-child et_flex_column et_pb_css_mix_blend_mode_passthrough et_flex_column_24_24\">\n<div class=\"et_pb_heading_16 et_pb_heading et_pb_module et_flex_module\"><div class=\"et_pb_heading_container\"><h3 class=\"et_pb_module_header\">Conclusi\u00f3n<\/h3><\/div><\/div>\n\n<div class=\"et_pb_text_15 et_pb_text et_pb_bg_layout_light et_pb_module et_flex_module\"><div class=\"et_pb_text_inner\"><p><span>La colaboraci\u00f3n entre Valcambre y GuestWisely ha producido resultados transformadores para la empresa. Al implementar las soluciones integrales de software de gesti\u00f3n de propiedades de GuestWisely, Valcambre super\u00f3 con \u00e9xito sus desaf\u00edos, experiment\u00f3 un crecimiento sustancial y se posicion\u00f3 para un futuro exitoso. Con operaciones optimizadas, una gesti\u00f3n financiera mejorada, un mayor reconocimiento de marca y un fuerte enfoque en ofrecer una experiencia excepcional al hu\u00e9sped, Valcambre se ha consolidado como l\u00edder en el mercado espa\u00f1ol de alquileres vacacionales.  <\/span><\/p>\n<p><span>La asociaci\u00f3n continua con GuestWisely sigue permitiendo que Valcambre se adapte, innove y prospere en el cambiante panorama de la gesti\u00f3n de alquileres vacacionales. Aprovechando el apoyo continuo y las funcionalidades que ofrece GuestWisely, Valcambre est\u00e1 bien posicionada para seguir creciendo y expandi\u00e9ndose en el futuro. Tienen la intenci\u00f3n de optimizar a\u00fan m\u00e1s sus operaciones, expandirse a otras regiones y mercados, ofrecer servicios complementarios y mejorar las experiencias de los hu\u00e9spedes para garantizar un \u00e9xito sostenido.  <\/span><\/p>\n<\/div><\/div>\n\n<div class=\"et_pb_text_16 et_pb_text et_pb_bg_layout_light et_pb_module et_flex_module\"><div class=\"et_pb_text_inner\"><p style=\"text-align: center;\">\u00bfBuscas un PMS confiable y eficaz para potenciar tu negocio de alquiler vacacional? Descubre c\u00f3mo GuestWisely, la opci\u00f3n preferida de Valcambre y de otros negocios de alquiler vacacional en m\u00e1s de 60 pa\u00edses, puede ayudarte a aumentar el reconocimiento de tu marca, impulsar las reservas directas y disfrutar de una amplia gama de beneficios que transformar\u00e1n tus operaciones. <\/p>\n<\/div><\/div>\n<\/div>\n<\/div>\n<\/div>\n\n<div class=\"et_pb_section_6 et_pb_section et_section_regular et_block_section\">\n<div class=\"et_pb_row_13 et_pb_row et_pb_gutters3 et_block_row\">\n<div class=\"et_pb_column_18 et_pb_column et_pb_column_4_4 et-last-child et_block_column et_pb_css_mix_blend_mode_passthrough\">\n<div class=\"et_pb_heading_17 et_pb_heading et_pb_module et_flex_module\"><div class=\"et_pb_heading_container\"><h2 class=\"et_pb_module_header\">\u00bfListo para escribir tu propia historia de \u00e9xito?\n\n<\/h2><\/div><\/div>\n\n<div class=\"et_pb_text_17 et_pb_text et_pb_bg_layout_dark et_pb_module et_flex_module\"><div class=\"et_pb_text_inner\"><p data-start=\"4843\" data-end=\"5023\">\u00danete a la creciente comunidad de profesionales de la hospitalidad que hacen crecer su negocio con GuestWisely. Habla hoy con nuestro equipo y descubre c\u00f3mo podemos ayudarte a crecer.<\/p>\n<\/div><\/div>\n\n<div class=\"et_pb_module et_pb_button_module_wrapper et_pb_button_0_wrapper preset--module--divi-button--uwhe67bdsz_wrapper\"><a class=\"et_pb_button_0 et_pb_button et_pb_bg_layout_light et_pb_module et_flex_module preset--module--divi-button--uwhe67bdsz\" href=\"\">Empezar Ahora<\/a><\/div>\n<\/div>\n<\/div>\n<\/div>","protected":false},"excerpt":{"rendered":"","protected":false},"author":4,"featured_media":0,"parent":38710,"menu_order":1,"comment_status":"closed","ping_status":"closed","template":"","meta":{"footnotes":"","_wp_rev_ctl_limit":""},"class_list":["post-38749","page","type-page","status-publish","hentry"],"_links":{"self":[{"href":"https:\/\/guestwisely.dev\/es\/wp-json\/wp\/v2\/pages\/38749","targetHints":{"allow":["GET"]}}],"collection":[{"href":"https:\/\/guestwisely.dev\/es\/wp-json\/wp\/v2\/pages"}],"about":[{"href":"https:\/\/guestwisely.dev\/es\/wp-json\/wp\/v2\/types\/page"}],"author":[{"embeddable":true,"href":"https:\/\/guestwisely.dev\/es\/wp-json\/wp\/v2\/users\/4"}],"replies":[{"embeddable":true,"href":"https:\/\/guestwisely.dev\/es\/wp-json\/wp\/v2\/comments?post=38749"}],"version-history":[{"count":2,"href":"https:\/\/guestwisely.dev\/es\/wp-json\/wp\/v2\/pages\/38749\/revisions"}],"predecessor-version":[{"id":239579,"href":"https:\/\/guestwisely.dev\/es\/wp-json\/wp\/v2\/pages\/38749\/revisions\/239579"}],"up":[{"embeddable":true,"href":"https:\/\/guestwisely.dev\/es\/wp-json\/wp\/v2\/pages\/38710"}],"wp:attachment":[{"href":"https:\/\/guestwisely.dev\/es\/wp-json\/wp\/v2\/media?parent=38749"}],"curies":[{"name":"wp","href":"https:\/\/api.w.org\/{rel}","templated":true}]}}