{"id":38751,"date":"2025-07-24T07:24:27","date_gmt":"2025-07-24T07:24:27","guid":{"rendered":"https:\/\/guestwisely.dev\/casos-de-exito\/almarina-villas\/"},"modified":"2025-09-08T04:41:24","modified_gmt":"2025-09-08T04:41:24","slug":"almarina-villas","status":"publish","type":"page","link":"https:\/\/guestwisely.dev\/es\/casos-de-exito\/almarina-villas\/","title":{"rendered":"Almarina Villas"},"content":{"rendered":"<div class=\"et_pb_section_0 et_pb_section et_section_regular et_block_section\">\n<div class=\"et_pb_row_0 et_pb_row et_pb_gutters3 et_block_row\">\n<div class=\"et_pb_column_0 et_pb_column et_pb_column_1_2 et_flex_column et_pb_css_mix_blend_mode_passthrough\">\n<div class=\"et_pb_text_0 et_pb_text et_pb_bg_layout_light et_pb_module et_flex_module\"><div class=\"et_pb_text_inner\"><p><a class=\"mega-menu-link\">ESTUDIO DE CASO<\/a><\/p>\n<\/div><\/div>\n\n<div class=\"et_pb_heading_0 et_pb_heading et_pb_module et_flex_module\"><div class=\"et_pb_heading_container\"><h2 class=\"et_pb_module_header\">C\u00f3mo Almarina Villas escal\u00f3 su negocio de alquiler vacacional con GuestWisely<\/h2><\/div><\/div>\n<\/div>\n\n<div class=\"et_pb_column_1 et_pb_column et_pb_column_1_2 et-last-child et_flex_column et_pb_css_mix_blend_mode_passthrough\">\n<div class=\"et_pb_testimonial_0 et_pb_testimonial et_pb_icon_off et_pb_testimonial_no_image et_pb_bg_layout_light et_pb_text_align_left et_pb_module et_flex_module\"><div class=\"et_pb_testimonial_inner\"><div class=\"et_pb_testimonial_description et_flex_module\"><div class=\"et_pb_testimonial_description_inner\"><div class=\"et_pb_testimonial_content\"><p><i><span>\u00abNuestro crecimiento supera el 100 % cada a\u00f1o desde que usamos GuestWisely.\u00bb<\/span><\/i><\/p>\n<\/div><\/div><div class=\"et_pb_testimonial_author\">\u00c1lvaro Aznar Garc\u00eda<\/div><div class=\"et_pb_testimonial_meta\"><span class=\"et_pb_testimonial_position\"> Propietario y Director General de Almarina Villas<\/span><\/div><\/div><\/div><\/div>\n<\/div>\n<\/div>\n\n<div class=\"et_pb_row_1 et_pb_row et-vb-row--no-module et_flex_row\">\n<div class=\"et_pb_column_2 et_pb_column et-last-child et_flex_column et_pb_column_empty et_pb_css_mix_blend_mode_passthrough et_flex_column_24_24\"><\/div>\n<\/div>\n<\/div>\n\n<div class=\"et_pb_section_1 et_pb_section et_section_regular et_flex_section\">\n<div class=\"et_pb_row_2 et_pb_row et_flex_row\">\n<div class=\"et_pb_column_3 et_pb_column et_flex_column et_pb_css_mix_blend_mode_passthrough et_flex_column_24_24\">\n<div class=\"et_pb_heading_1 et_pb_heading et_pb_module et_flex_module\"><div class=\"et_pb_heading_container\"><h3 class=\"et_pb_module_header\">Introducci\u00f3n<\/h3><\/div><\/div>\n\n<div class=\"et_pb_text_1 et_pb_text et_pb_bg_layout_light et_pb_module et_flex_module\"><div class=\"et_pb_text_inner\"><p>Almarina Villas es una empresa premium de gesti\u00f3n de propiedades con sede en la regi\u00f3n de la Costa Blanca, en Espa\u00f1a. Con una colecci\u00f3n de villas de lujo que atienden a viajeros de alto nivel, su objetivo siempre ha sido ofrecer un servicio excepcional manteniendo al mismo tiempo la eficiencia operativa. <\/p>\n<p>A pesar de contar con una s\u00f3lida oferta de producto y propiedades impresionantes, se enfrentaban a cuellos de botella operativos y a desaf\u00edos en cuanto a visibilidad y reservas directas. Recurrieron a GuestWisely para optimizar sus operaciones e impulsar su pr\u00f3xima fase de crecimiento. <\/p>\n<\/div><\/div>\n<\/div>\n\n<div class=\"et_pb_column_4 et_pb_column et-last-child et_flex_column et_pb_css_mix_blend_mode_passthrough et_flex_column_24_24\">\n<div class=\"et_pb_image_0 et_pb_image et_pb_module et_flex_module\"><span class=\"et_pb_image_wrap\"><img loading=\"lazy\" decoding=\"async\" src=\"https:\/\/guestwisely.dev\/wp-content\/uploads\/2025\/07\/case-study-almarina-villas-body-1.webp\" width=\"1900\" height=\"1266\" srcset=\"https:\/\/guestwisely.dev\/wp-content\/uploads\/2025\/07\/case-study-almarina-villas-body-1.webp 1900w, https:\/\/guestwisely.dev\/wp-content\/uploads\/2025\/07\/case-study-almarina-villas-body-1-1280x853.webp 1280w, https:\/\/guestwisely.dev\/wp-content\/uploads\/2025\/07\/case-study-almarina-villas-body-1-980x653.webp 980w, https:\/\/guestwisely.dev\/wp-content\/uploads\/2025\/07\/case-study-almarina-villas-body-1-480x320.webp 480w\" sizes=\"(min-width: 0px) and (max-width: 480px) 480px, (min-width: 481px) and (max-width: 980px) 980px, (min-width: 981px) and (max-width: 1280px) 1280px, (min-width: 1281px) 1900px, 100vw\" class=\"wp-image-37891\" \/><\/span><\/div>\n<\/div>\n<\/div>\n<\/div>\n\n<div class=\"et_pb_section_2 et_pb_section et_section_regular et_flex_section\">\n<div class=\"et_pb_row_3 et_pb_row et_flex_row\">\n<div class=\"et_pb_column_5 et_pb_column et-last-child et_flex_column et_pb_css_mix_blend_mode_passthrough et_flex_column_24_24\">\n<div class=\"et_pb_heading_2 et_pb_heading et_pb_module et_flex_module\"><div class=\"et_pb_heading_container\"><h3 class=\"et_pb_module_header\">Desaf\u00edos\r\n<\/h3><\/div><\/div>\n\n<div class=\"et_pb_text_2 et_pb_text et_pb_bg_layout_light et_pb_module et_flex_module\"><div class=\"et_pb_text_inner\"><p>Al seleccionar el software de gesti\u00f3n de propiedades ideal para su negocio de alquiler vacacional, Almarina Villas se enfrent\u00f3 a desaf\u00edos muy espec\u00edficos, entre ellos:<\/p>\n<\/div><\/div>\n<\/div>\n<\/div>\n\n<div class=\"et_pb_row_4 et_pb_row et_flex_row\">\n<div class=\"et_pb_column_6 et_pb_column et_flex_column et_pb_css_mix_blend_mode_passthrough et_flex_column_24_24\">\n<div class=\"et_pb_heading_3 et_pb_heading et_pb_module et_flex_module\"><div class=\"et_pb_heading_container\"><h6 class=\"et_pb_module_header\">Escalabilidad limitada con las herramientas PMS anteriores<\/h6><\/div><\/div>\n\n<div class=\"et_pb_text_3 et_pb_text et_pb_bg_layout_light et_pb_module et_flex_module\"><div class=\"et_pb_text_inner\"><p>Almarina Villas utilizaba m\u00faltiples sistemas que no pod\u00edan gestionar de manera eficiente el crecimiento de su cartera.<\/p>\n<\/div><\/div>\n<\/div>\n\n<div class=\"et_pb_column_7 et_pb_column et_flex_column et_pb_css_mix_blend_mode_passthrough et_flex_column_24_24\">\n<div class=\"et_pb_heading_4 et_pb_heading et_pb_module et_flex_module\"><div class=\"et_pb_heading_container\"><h6 class=\"et_pb_module_header\">Bajas reservas directas\r\n<\/h6><\/div><\/div>\n\n<div class=\"et_pb_text_4 et_pb_text et_pb_bg_layout_light et_pb_module et_flex_module\"><div class=\"et_pb_text_inner\"><p>Sin una s\u00f3lida presencia web ni herramientas de marketing integradas, depend\u00edan en gran medida de las OTAs.<\/p>\n<\/div><\/div>\n<\/div>\n\n<div class=\"et_pb_column_8 et_pb_column et-last-child et_flex_column et_pb_css_mix_blend_mode_passthrough et_flex_column_24_24\">\n<div class=\"et_pb_heading_5 et_pb_heading et_pb_module et_flex_module\"><div class=\"et_pb_heading_container\"><h6 class=\"et_pb_module_header\">Inconsistencias operativas\r\n<\/h6><\/div><\/div>\n\n<div class=\"et_pb_text_5 et_pb_text et_pb_bg_layout_light et_pb_module et_flex_module\"><div class=\"et_pb_text_inner\"><p>Los flujos de trabajo manuales y las herramientas desconectadas provocaban ineficiencias en la gesti\u00f3n de hu\u00e9spedes y el seguimiento de tareas.<\/p>\n<\/div><\/div>\n<\/div>\n<\/div>\n<\/div>\n\n<div class=\"et_pb_section_3 et_pb_section et_section_regular et_flex_section\">\n<div class=\"et_pb_row_5 et_pb_row et_flex_row\">\n<div class=\"et_pb_column_9 et_pb_column et-last-child et_flex_column et_pb_css_mix_blend_mode_passthrough et_flex_column_24_24\">\n<div class=\"et_pb_heading_6 et_pb_heading et_pb_module et_flex_module\"><div class=\"et_pb_heading_container\"><h3 class=\"et_pb_module_header\">Soluciones<\/h3><\/div><\/div>\n\n<div class=\"et_pb_text_6 et_pb_text et_pb_bg_layout_light et_pb_module et_flex_module\"><div class=\"et_pb_text_inner\"><p>GuestWisely proporcion\u00f3 a Almarina Villas una soluci\u00f3n todo en uno que combina un s\u00f3lido PMS, un sitio web de reservas directas y herramientas de operaciones automatizadas.<\/p>\n<\/div><\/div>\n<\/div>\n<\/div>\n\n<div class=\"et_pb_row_6 et_pb_row et_pb_gutters3 et_block_row\">\n<div class=\"et_pb_column_10 et_pb_column et_pb_column_1_2 et_flex_column et_pb_css_mix_blend_mode_passthrough\">\n<div class=\"et_pb_heading_7 et_pb_heading et_pb_module et_flex_module\"><div class=\"et_pb_heading_container\"><h6 class=\"et_pb_module_header\">Sitio web integrado y motor de reservas\r\n<\/h6><\/div><\/div>\n\n<div class=\"et_pb_text_7 et_pb_text et_pb_bg_layout_light et_pb_module et_flex_module\"><div class=\"et_pb_text_inner\"><p>GuestWisely les ayud\u00f3 a lanzar un sitio web moderno y adaptable a dispositivos m\u00f3viles que genera tr\u00e1fico directo y convierte a los visitantes en hu\u00e9spedes.<\/p>\n<\/div><\/div>\n\n<div class=\"et_pb_heading_8 et_pb_heading et_pb_module et_flex_module\"><div class=\"et_pb_heading_container\"><h6 class=\"et_pb_module_header\">Comunicaci\u00f3n y automatizaci\u00f3n con los hu\u00e9spedes\r\n\r\n<\/h6><\/div><\/div>\n\n<div class=\"et_pb_text_8 et_pb_text et_pb_bg_layout_light et_pb_module et_flex_module\"><div class=\"et_pb_text_inner\"><p>GuestWisely les ayud\u00f3 a lanzar un sitio web moderno y adaptable a dispositivos m\u00f3viles que genera tr\u00e1fico directo y convierte a los visitantes en hu\u00e9spedes.<\/p>\n<\/div><\/div>\n\n<div class=\"et_pb_heading_9 et_pb_heading et_pb_module et_flex_module\"><div class=\"et_pb_heading_container\"><h6 class=\"et_pb_module_header\">Paneles operativos\r\n\r\n<\/h6><\/div><\/div>\n\n<div class=\"et_pb_text_9 et_pb_text et_pb_bg_layout_light et_pb_module et_flex_module\"><div class=\"et_pb_text_inner\"><p>El seguimiento de tareas en tiempo real, la coordinaci\u00f3n del personal de limpieza y las vistas de calendario permitieron al equipo escalar de forma eficiente.<\/p>\n<\/div><\/div>\n<\/div>\n\n<div class=\"et_pb_column_11 et_pb_column et_pb_column_1_2 et-last-child et_block_column et_pb_css_mix_blend_mode_passthrough\">\n<div class=\"et_pb_image_1 et_pb_image et_pb_module et_flex_module\"><span class=\"et_pb_image_wrap\"><img loading=\"lazy\" decoding=\"async\" src=\"https:\/\/guestwisely.dev\/wp-content\/uploads\/2025\/07\/case-study-almarina-villas-body-3.webp\" width=\"1600\" height=\"1067\" srcset=\"https:\/\/guestwisely.dev\/wp-content\/uploads\/2025\/07\/case-study-almarina-villas-body-3.webp 1600w, https:\/\/guestwisely.dev\/wp-content\/uploads\/2025\/07\/case-study-almarina-villas-body-3-1280x854.webp 1280w, https:\/\/guestwisely.dev\/wp-content\/uploads\/2025\/07\/case-study-almarina-villas-body-3-980x654.webp 980w, https:\/\/guestwisely.dev\/wp-content\/uploads\/2025\/07\/case-study-almarina-villas-body-3-480x320.webp 480w\" sizes=\"(min-width: 0px) and (max-width: 480px) 480px, (min-width: 481px) and (max-width: 980px) 980px, (min-width: 981px) and (max-width: 1280px) 1280px, (min-width: 1281px) 1600px, 100vw\" class=\"wp-image-37876\" \/><\/span><\/div>\n<\/div>\n<\/div>\n<\/div>\n\n<div class=\"et_pb_section_4 et_pb_section et_section_regular et_flex_section\">\n<div class=\"et_pb_row_7 et_pb_row et_flex_row\">\n<div class=\"et_pb_column_12 et_pb_column et_flex_column et_pb_css_mix_blend_mode_passthrough et_flex_column_24_24\">\n<div class=\"et_pb_heading_10 et_pb_heading et_pb_module et_flex_module\"><div class=\"et_pb_heading_container\"><h3 class=\"et_pb_module_header\">Resultados<\/h3><\/div><\/div>\n\n<div class=\"et_pb_text_10 et_pb_text et_pb_bg_layout_light et_pb_module et_flex_module\"><div class=\"et_pb_text_inner\"><p>Desde que adopt\u00f3 GuestWisely, Almarina Villas ha registrado un crecimiento superior al 100 % interanual. La automatizaci\u00f3n de los flujos de trabajo de reservas y la sincronizaci\u00f3n en tiempo real con los canales ayudaron al equipo a recuperar un tiempo valioso. Esto les permiti\u00f3 centrarse en mejorar la experiencia de los hu\u00e9spedes y en construir alianzas estrat\u00e9gicas.  <\/p>\n<\/div><\/div>\n\n<div class=\"et_pb_text_11 et_pb_text et_pb_bg_layout_light et_pb_module et_flex_module\"><div class=\"et_pb_text_inner\"><p>Ahora tambi\u00e9n cuentan con un sitio web con su propia marca que refleja mejor su identidad, convirtiendo m\u00e1s reservas directas mientras mantienen organizados los procesos internos.<\/p>\n<\/div><\/div>\n<\/div>\n\n<div class=\"et_pb_column_13 et_pb_column et-last-child et_flex_column et_pb_css_mix_blend_mode_passthrough et_flex_column_24_24\">\n<div class=\"et_pb_number_counter_0 et_pb_number_counter et_pb_bg_layout_light et_pb_text_align_center et_pb_with_title et_pb_module et_flex_module\"><div class=\"percent\"><p><span class=\"percent-value\"><\/span><span class=\"percent-sign\">%<\/span><\/p><\/div><h3 class=\"title\">tasa de crecimiento<\/h3><\/div>\n<\/div>\n<\/div>\n<\/div>\n\n<div class=\"et_pb_section_5 et_pb_section et_section_regular et_flex_section\">\n<div class=\"et_pb_row_8 et_pb_row et_flex_row\">\n<div class=\"et_pb_column_14 et_pb_column et-last-child et_flex_column et_pb_css_mix_blend_mode_passthrough et_flex_column_24_24\">\n<div class=\"et_pb_heading_11 et_pb_heading et_pb_module et_flex_module\"><div class=\"et_pb_heading_container\"><h3 class=\"et_pb_module_header\">Conclusi\u00f3n<\/h3><\/div><\/div>\n\n<div class=\"et_pb_text_12 et_pb_text et_pb_bg_layout_light et_pb_module et_flex_module\"><div class=\"et_pb_text_inner\"><p>La trayectoria de Almarina Villas demuestra c\u00f3mo una plataforma profesional de PMS como GuestWisely puede permitir a los administradores boutique escalar de forma eficiente sin perder la esencia que hace \u00fanico a su negocio. Con un s\u00f3lido soporte, herramientas integradas y un dise\u00f1o moderno, han elevado su marca y sus ingresos en un tiempo r\u00e9cord.  <\/p>\n<\/div><\/div>\n\n<div class=\"et_pb_text_13 et_pb_text et_pb_bg_layout_light et_pb_module et_flex_module\"><div class=\"et_pb_text_inner\"><p style=\"text-align: center;\">\u00bfBuscas un PMS confiable y eficaz para potenciar tu negocio de alquiler vacacional? Descubre c\u00f3mo GuestWisely, la opci\u00f3n preferida de Almarina Villas y de otras empresas de alquiler vacacional en m\u00e1s de 60 pa\u00edses, puede ayudarte a aumentar el reconocimiento de tu marca, impulsar las reservas directas y disfrutar de una serie de beneficios que transformar\u00e1n tus operaciones. <\/p>\n<\/div><\/div>\n<\/div>\n<\/div>\n<\/div>\n\n<div class=\"et_pb_section_6 et_pb_section et_section_regular et_block_section\">\n<div class=\"et_pb_row_9 et_pb_row et_pb_gutters3 et_block_row\">\n<div class=\"et_pb_column_15 et_pb_column et_pb_column_4_4 et-last-child et_block_column et_pb_css_mix_blend_mode_passthrough\">\n<div class=\"et_pb_heading_12 et_pb_heading et_pb_module et_flex_module\"><div class=\"et_pb_heading_container\"><h2 class=\"et_pb_module_header\">\u00bfListo para escribir tu propia historia de \u00e9xito?\n\n<\/h2><\/div><\/div>\n\n<div class=\"et_pb_text_14 et_pb_text et_pb_bg_layout_dark et_pb_module et_flex_module\"><div class=\"et_pb_text_inner\"><p data-start=\"4843\" data-end=\"5023\">\u00danete a la creciente comunidad de profesionales de la hospitalidad que hacen crecer su negocio con GuestWisely. Habla hoy con nuestro equipo y descubre c\u00f3mo podemos ayudarte a crecer.<\/p>\n<\/div><\/div>\n\n<div class=\"et_pb_module et_pb_button_module_wrapper et_pb_button_0_wrapper preset--module--divi-button--uwhe67bdsz_wrapper\"><a class=\"et_pb_button_0 et_pb_button et_pb_bg_layout_light et_pb_module et_flex_module preset--module--divi-button--uwhe67bdsz\" href=\"\">Empezar Ahora<\/a><\/div>\n<\/div>\n<\/div>\n<\/div>","protected":false},"excerpt":{"rendered":"","protected":false},"author":4,"featured_media":0,"parent":38710,"menu_order":2,"comment_status":"closed","ping_status":"closed","template":"","meta":{"footnotes":"","_wp_rev_ctl_limit":""},"class_list":["post-38751","page","type-page","status-publish","hentry"],"_links":{"self":[{"href":"https:\/\/guestwisely.dev\/es\/wp-json\/wp\/v2\/pages\/38751","targetHints":{"allow":["GET"]}}],"collection":[{"href":"https:\/\/guestwisely.dev\/es\/wp-json\/wp\/v2\/pages"}],"about":[{"href":"https:\/\/guestwisely.dev\/es\/wp-json\/wp\/v2\/types\/page"}],"author":[{"embeddable":true,"href":"https:\/\/guestwisely.dev\/es\/wp-json\/wp\/v2\/users\/4"}],"replies":[{"embeddable":true,"href":"https:\/\/guestwisely.dev\/es\/wp-json\/wp\/v2\/comments?post=38751"}],"version-history":[{"count":2,"href":"https:\/\/guestwisely.dev\/es\/wp-json\/wp\/v2\/pages\/38751\/revisions"}],"predecessor-version":[{"id":239578,"href":"https:\/\/guestwisely.dev\/es\/wp-json\/wp\/v2\/pages\/38751\/revisions\/239578"}],"up":[{"embeddable":true,"href":"https:\/\/guestwisely.dev\/es\/wp-json\/wp\/v2\/pages\/38710"}],"wp:attachment":[{"href":"https:\/\/guestwisely.dev\/es\/wp-json\/wp\/v2\/media?parent=38751"}],"curies":[{"name":"wp","href":"https:\/\/api.w.org\/{rel}","templated":true}]}}