{"id":38753,"date":"2025-07-24T07:35:27","date_gmt":"2025-07-24T07:35:27","guid":{"rendered":"https:\/\/guestwisely.dev\/casos-de-exito\/volalto\/"},"modified":"2025-09-08T04:41:58","modified_gmt":"2025-09-08T04:41:58","slug":"volalto","status":"publish","type":"page","link":"https:\/\/guestwisely.dev\/es\/casos-de-exito\/volalto\/","title":{"rendered":"Volalto"},"content":{"rendered":"<div class=\"et_pb_section_0 et_pb_section et_section_regular et_block_section\">\n<div class=\"et_pb_row_0 et_pb_row et_pb_gutters3 et_block_row\">\n<div class=\"et_pb_column_0 et_pb_column et_pb_column_1_2 et_flex_column et_pb_css_mix_blend_mode_passthrough\">\n<div class=\"et_pb_text_0 et_pb_text et_pb_bg_layout_light et_pb_module et_flex_module\"><div class=\"et_pb_text_inner\"><p><a class=\"mega-menu-link\">ESTUDIO DE CASO<\/a><\/p>\n<\/div><\/div>\n\n<div class=\"et_pb_heading_0 et_pb_heading et_pb_module et_flex_module\"><div class=\"et_pb_heading_container\"><h2 class=\"et_pb_module_header\">C\u00f3mo Volalto Optimized sus Operaciones y Crecimiento Usando GuestWisely<\/h2><\/div><\/div>\n<\/div>\n\n<div class=\"et_pb_column_1 et_pb_column et_pb_column_1_2 et-last-child et_flex_column et_pb_css_mix_blend_mode_passthrough\">\n<div class=\"et_pb_testimonial_0 et_pb_testimonial et_pb_icon_off et_pb_testimonial_no_image et_pb_bg_layout_light et_pb_text_align_left et_pb_module et_flex_module\"><div class=\"et_pb_testimonial_inner\"><div class=\"et_pb_testimonial_description et_flex_module\"><div class=\"et_pb_testimonial_description_inner\"><div class=\"et_pb_testimonial_content\"><p><i><span>\u201cDesde hace un a\u00f1o estamos utilizando GuestWisely y, para nuestra operaci\u00f3n, ha sido lo mejor hasta ahora. \u00a1Nos encanta nuestro sitio web, c\u00f3mo se ve y c\u00f3mo funciona!\u201d<\/span><\/i><\/p>\n<\/div><\/div><div class=\"et_pb_testimonial_author\">Equipo de Direcci\u00f3n<\/div><div class=\"et_pb_testimonial_meta\"><span class=\"et_pb_testimonial_position\">Volalto<\/span><\/div><\/div><\/div><\/div>\n<\/div>\n<\/div>\n\n<div class=\"et_pb_row_1 et_pb_row et_flex_row\">\n<div class=\"et_pb_column_2 et_pb_column et-last-child et_flex_column et_pb_css_mix_blend_mode_passthrough et_flex_column_24_24\">\n<div class=\"et_pb_heading_1 et_pb_heading et_pb_module et_flex_module\"><div class=\"et_pb_heading_container\"><\/div><\/div>\n<\/div>\n<\/div>\n<\/div>\n\n<div class=\"et_pb_section_1 et_pb_section et_section_regular et_flex_section\">\n<div class=\"et_pb_row_2 et_pb_row et_flex_row\">\n<div class=\"et_pb_column_3 et_pb_column et_flex_column et_pb_css_mix_blend_mode_passthrough et_flex_column_24_24\">\n<div class=\"et_pb_heading_2 et_pb_heading et_pb_module et_flex_module\"><div class=\"et_pb_heading_container\"><h3 class=\"et_pb_module_header\">Introducci\u00f3n<\/h3><\/div><\/div>\n\n<div class=\"et_pb_text_1 et_pb_text et_pb_bg_layout_light et_pb_module et_flex_module\"><div class=\"et_pb_text_inner\"><p>Volalto es una empresa de gesti\u00f3n de alquileres vacacionales de lujo con sede en el Caribe, que supervisa una selecci\u00f3n de villas y apartamentos frente al mar de alta gama. Con una clientela exigente y una cartera que abarca varias islas, necesitaban una soluci\u00f3n confiable y escalable que estuviera alineada con sus est\u00e1ndares de servicio y est\u00e9tica. <\/p>\n<p>Tras frustraciones con proveedores anteriores, Volalto adopt\u00f3 GuestWisely para unificar sus operaciones, mejorar la experiencia del hu\u00e9sped y elevar su presencia en l\u00ednea.<\/p>\n<\/div><\/div>\n<\/div>\n\n<div class=\"et_pb_column_4 et_pb_column et-last-child et_flex_column et_pb_css_mix_blend_mode_passthrough et_flex_column_24_24\">\n<div class=\"et_pb_image_0 et_pb_image et_pb_module et_flex_module\"><span class=\"et_pb_image_wrap\"><img loading=\"lazy\" decoding=\"async\" src=\"https:\/\/guestwisely.dev\/wp-content\/uploads\/2025\/07\/case-study-volalto-body-1.webp\" width=\"1000\" height=\"667\" srcset=\"https:\/\/guestwisely.dev\/wp-content\/uploads\/2025\/07\/case-study-volalto-body-1.webp 1000w, https:\/\/guestwisely.dev\/wp-content\/uploads\/2025\/07\/case-study-volalto-body-1-980x654.webp 980w, https:\/\/guestwisely.dev\/wp-content\/uploads\/2025\/07\/case-study-volalto-body-1-480x320.webp 480w\" sizes=\"(min-width: 0px) and (max-width: 480px) 480px, (min-width: 481px) and (max-width: 980px) 980px, (min-width: 981px) 1000px, 100vw\" class=\"wp-image-37866\" \/><\/span><\/div>\n<\/div>\n<\/div>\n<\/div>\n\n<div class=\"et_pb_section_2 et_pb_section et_section_regular et_flex_section\">\n<div class=\"et_pb_row_3 et_pb_row et_flex_row\">\n<div class=\"et_pb_column_5 et_pb_column et-last-child et_flex_column et_pb_css_mix_blend_mode_passthrough et_flex_column_24_24\">\n<div class=\"et_pb_heading_3 et_pb_heading et_pb_module et_flex_module\"><div class=\"et_pb_heading_container\"><h3 class=\"et_pb_module_header\">Desaf\u00edos\r\n<\/h3><\/div><\/div>\n\n<div class=\"et_pb_text_2 et_pb_text et_pb_bg_layout_light et_pb_module et_flex_module\"><div class=\"et_pb_text_inner\"><p>Al seleccionar el Software de Gesti\u00f3n de Propiedades ideal para su negocio de alquiler vacacional, Volalto enfrent\u00f3 desaf\u00edos muy espec\u00edficos, entre ellos:<\/p>\n<\/div><\/div>\n<\/div>\n<\/div>\n\n<div class=\"et_pb_row_4 et_pb_row et_flex_row\">\n<div class=\"et_pb_column_6 et_pb_column et_flex_column et_pb_css_mix_blend_mode_passthrough et_flex_column_24_24\">\n<div class=\"et_pb_heading_4 et_pb_heading et_pb_module et_flex_module\"><div class=\"et_pb_heading_container\"><h6 class=\"et_pb_module_header\">PMS heredado inflexible<\/h6><\/div><\/div>\n\n<div class=\"et_pb_text_3 et_pb_text et_pb_bg_layout_light et_pb_module et_flex_module\"><div class=\"et_pb_text_inner\"><p>Su PMS anterior carec\u00eda de opciones de personalizaci\u00f3n y era dif\u00edcil de adaptar a su modelo de lujo con m\u00faltiples propiedades.<\/p>\n<\/div><\/div>\n<\/div>\n\n<div class=\"et_pb_column_7 et_pb_column et_flex_column et_pb_css_mix_blend_mode_passthrough et_flex_column_24_24\">\n<div class=\"et_pb_heading_5 et_pb_heading et_pb_module et_flex_module\"><div class=\"et_pb_heading_container\"><h6 class=\"et_pb_module_header\">Carga de trabajo manual\r\n<\/h6><\/div><\/div>\n\n<div class=\"et_pb_text_4 et_pb_text et_pb_bg_layout_light et_pb_module et_flex_module\"><div class=\"et_pb_text_inner\"><p>La gesti\u00f3n de consultas, pagos e informes para propietarios requer\u00eda un esfuerzo manual significativo.<\/p>\n<\/div><\/div>\n<\/div>\n\n<div class=\"et_pb_column_8 et_pb_column et-last-child et_flex_column et_pb_css_mix_blend_mode_passthrough et_flex_column_24_24\">\n<div class=\"et_pb_heading_6 et_pb_heading et_pb_module et_flex_module\"><div class=\"et_pb_heading_container\"><h6 class=\"et_pb_module_header\">Desalineaci\u00f3n de marca<\/h6><\/div><\/div>\n\n<div class=\"et_pb_text_5 et_pb_text et_pb_bg_layout_light et_pb_module et_flex_module\"><div class=\"et_pb_text_inner\"><p>Su sitio web anterior no transmit\u00eda la apariencia y el estilo premium de su marca.<\/p>\n<\/div><\/div>\n<\/div>\n<\/div>\n<\/div>\n\n<div class=\"et_pb_section_3 et_pb_section et_section_regular et_flex_section\">\n<div class=\"et_pb_row_5 et_pb_row et_flex_row\">\n<div class=\"et_pb_column_9 et_pb_column et-last-child et_flex_column et_pb_css_mix_blend_mode_passthrough et_flex_column_24_24\">\n<div class=\"et_pb_heading_7 et_pb_heading et_pb_module et_flex_module\"><div class=\"et_pb_heading_container\"><h3 class=\"et_pb_module_header\">Soluciones<\/h3><\/div><\/div>\n\n<div class=\"et_pb_text_6 et_pb_text et_pb_bg_layout_light et_pb_module et_flex_module\"><div class=\"et_pb_text_inner\"><p>GuestWisely entreg\u00f3 una soluci\u00f3n fluida y personalizada que elev\u00f3 tanto las operaciones internas como la experiencia de cara al hu\u00e9sped.<\/p>\n<\/div><\/div>\n<\/div>\n<\/div>\n\n<div class=\"et_pb_row_6 et_pb_row et_pb_gutters3 et_block_row\">\n<div class=\"et_pb_column_10 et_pb_column et_pb_column_1_2 et_flex_column et_pb_css_mix_blend_mode_passthrough\">\n<div class=\"et_pb_heading_8 et_pb_heading et_pb_module et_flex_module\"><div class=\"et_pb_heading_container\"><h6 class=\"et_pb_module_header\">Sitio web personalizado y atractivo\r\n<\/h6><\/div><\/div>\n\n<div class=\"et_pb_text_7 et_pb_text et_pb_bg_layout_light et_pb_module et_flex_module\"><div class=\"et_pb_text_inner\"><p>Dise\u00f1ado para reflejar la marca de lujo y aumentar las reservas mediante dise\u00f1os optimizados, im\u00e1genes de alta calidad y llamadas a la acci\u00f3n efectivas.<\/p>\n<\/div><\/div>\n\n<div class=\"et_pb_heading_9 et_pb_heading et_pb_module et_flex_module\"><div class=\"et_pb_heading_container\"><h6 class=\"et_pb_module_header\">Panel Todo en Uno\r\n\r\n<\/h6><\/div><\/div>\n\n<div class=\"et_pb_text_8 et_pb_text et_pb_bg_layout_light et_pb_module et_flex_module\"><div class=\"et_pb_text_inner\"><p>Simplific\u00f3 las tareas diarias de gesti\u00f3n de propiedades, desde la coordinaci\u00f3n de limpieza hasta la comunicaci\u00f3n con los hu\u00e9spedes.<\/p>\n<\/div><\/div>\n\n<div class=\"et_pb_heading_10 et_pb_heading et_pb_module et_flex_module\"><div class=\"et_pb_heading_container\"><h6 class=\"et_pb_module_header\">Integraci\u00f3n con el Channel Manager\r\n\r\n<\/h6><\/div><\/div>\n\n<div class=\"et_pb_text_9 et_pb_text et_pb_bg_layout_light et_pb_module et_flex_module\"><div class=\"et_pb_text_inner\"><p>Centraliz\u00f3 las conexiones con OTAs, reduciendo las reservas duplicadas y mejorando la paridad de tarifas.<\/p>\n<\/div><\/div>\n<\/div>\n\n<div class=\"et_pb_column_11 et_pb_column et_pb_column_1_2 et-last-child et_block_column et_pb_css_mix_blend_mode_passthrough\">\n<div class=\"et_pb_image_1 et_pb_image et_pb_module et_flex_module\"><span class=\"et_pb_image_wrap\"><img loading=\"lazy\" decoding=\"async\" src=\"https:\/\/guestwisely.dev\/wp-content\/uploads\/2025\/07\/case-study-volalto-body-3.webp\" width=\"1000\" height=\"665\" srcset=\"https:\/\/guestwisely.dev\/wp-content\/uploads\/2025\/07\/case-study-volalto-body-3.webp 1000w, https:\/\/guestwisely.dev\/wp-content\/uploads\/2025\/07\/case-study-volalto-body-3-980x652.webp 980w, https:\/\/guestwisely.dev\/wp-content\/uploads\/2025\/07\/case-study-volalto-body-3-480x319.webp 480w\" sizes=\"(min-width: 0px) and (max-width: 480px) 480px, (min-width: 481px) and (max-width: 980px) 980px, (min-width: 981px) 1000px, 100vw\" class=\"wp-image-37856\" \/><\/span><\/div>\n<\/div>\n<\/div>\n<\/div>\n\n<div class=\"et_pb_section_4 et_pb_section et_section_regular et_flex_section\">\n<div class=\"et_pb_row_7 et_pb_row et_flex_row\">\n<div class=\"et_pb_column_12 et_pb_column et_flex_column et_pb_css_mix_blend_mode_passthrough et_flex_column_24_24\">\n<div class=\"et_pb_heading_11 et_pb_heading et_pb_module et_flex_module\"><div class=\"et_pb_heading_container\"><h3 class=\"et_pb_module_header\">Resultados<\/h3><\/div><\/div>\n\n<div class=\"et_pb_text_10 et_pb_text et_pb_bg_layout_light et_pb_module et_flex_module\"><div class=\"et_pb_text_inner\"><p>Desde que cambiaron a GuestWisely, Volalto ha experimentado operaciones diarias m\u00e1s fluidas y una mejor colaboraci\u00f3n entre equipos. Su sitio web personalizado \u2014 dise\u00f1ado con las plantillas modernas de 365Villas \u2014 se ha convertido en un activo clave para la comercializaci\u00f3n de sus propiedades. Muestra su marca premium mientras se conecta directamente con el PMS para gestionar las reservas de manera eficiente  <\/p>\n<p>El equipo de Volalto tambi\u00e9n informa de una mayor claridad en las operaciones internas y una capacidad mucho mejor para coordinar tareas entre departamentos. Adem\u00e1s, destacaron al equipo de soporte al cliente de GuestWisely como una parte fundamental de la transici\u00f3n exitosa. <\/p>\n<p>&nbsp;<\/p>\n<\/div><\/div>\n<\/div>\n\n<div class=\"et_pb_column_13 et_pb_column et-last-child et_flex_column et_pb_css_mix_blend_mode_passthrough et_flex_column_24_24\">\n<div class=\"et_pb_number_counter_0 et_pb_number_counter et_pb_bg_layout_light et_pb_text_align_center et_pb_with_title et_pb_module et_flex_module\"><div class=\"percent\"><p><span class=\"percent-value\"><\/span><span class=\"percent-sign\">%<\/span><\/p><\/div><h3 class=\"title\">tasa de crecimiento<\/h3><\/div>\n<\/div>\n<\/div>\n<\/div>\n\n<div class=\"et_pb_section_5 et_pb_section et_section_regular et_flex_section\">\n<div class=\"et_pb_row_8 et_pb_row et_flex_row\">\n<div class=\"et_pb_column_14 et_pb_column et-last-child et_flex_column et_pb_css_mix_blend_mode_passthrough et_flex_column_24_24\">\n<div class=\"et_pb_heading_12 et_pb_heading et_pb_module et_flex_module\"><div class=\"et_pb_heading_container\"><h3 class=\"et_pb_module_header\">Conclusi\u00f3n<\/h3><\/div><\/div>\n\n<div class=\"et_pb_text_11 et_pb_text et_pb_bg_layout_light et_pb_module et_flex_module\"><div class=\"et_pb_text_inner\"><p>La trayectoria de crecimiento de Volalto con GuestWisely demuestra el impacto de invertir en el socio tecnol\u00f3gico adecuado. Con una experiencia de marca premium de cara al cliente y unas operaciones s\u00f3lidas detr\u00e1s de escena, Volalto se ha posicionado como l\u00edder en el sector de alquileres de lujo. <\/p>\n<\/div><\/div>\n\n<div class=\"et_pb_text_12 et_pb_text et_pb_bg_layout_light et_pb_module et_flex_module\"><div class=\"et_pb_text_inner\"><p style=\"text-align: center;\">\u00bfBuscas un PMS confiable y eficaz para potenciar tu negocio de alquiler vacacional? Descubre c\u00f3mo GuestWisely, la opci\u00f3n preferida de Almarina Villas y de otras empresas de alquiler vacacional en m\u00e1s de 60 pa\u00edses, puede ayudarte a aumentar el reconocimiento de tu marca, impulsar las reservas directas y disfrutar de una serie de beneficios que transformar\u00e1n tus operaciones. <\/p>\n<\/div><\/div>\n<\/div>\n<\/div>\n<\/div>\n\n<div class=\"et_pb_section_6 et_pb_section et_section_regular et_block_section\">\n<div class=\"et_pb_row_9 et_pb_row et_pb_gutters3 et_block_row\">\n<div class=\"et_pb_column_15 et_pb_column et_pb_column_4_4 et-last-child et_block_column et_pb_css_mix_blend_mode_passthrough\">\n<div class=\"et_pb_heading_13 et_pb_heading et_pb_module et_flex_module\"><div class=\"et_pb_heading_container\"><h2 class=\"et_pb_module_header\">\u00bfListo para escribir tu propia historia de \u00e9xito?\n\n<\/h2><\/div><\/div>\n\n<div class=\"et_pb_text_13 et_pb_text et_pb_bg_layout_dark et_pb_module et_flex_module\"><div class=\"et_pb_text_inner\"><p data-start=\"4843\" data-end=\"5023\">\u00danete a la creciente comunidad de profesionales de la hospitalidad que hacen crecer su negocio con GuestWisely. Habla hoy con nuestro equipo y descubre c\u00f3mo podemos ayudarte a crecer.<\/p>\n<\/div><\/div>\n\n<div class=\"et_pb_module et_pb_button_module_wrapper et_pb_button_0_wrapper preset--module--divi-button--uwhe67bdsz_wrapper\"><a class=\"et_pb_button_0 et_pb_button et_pb_bg_layout_light et_pb_module et_flex_module preset--module--divi-button--uwhe67bdsz\" href=\"\">Empezar Ahora<\/a><\/div>\n<\/div>\n<\/div>\n<\/div>","protected":false},"excerpt":{"rendered":"","protected":false},"author":4,"featured_media":0,"parent":38710,"menu_order":3,"comment_status":"closed","ping_status":"closed","template":"","meta":{"footnotes":"","_wp_rev_ctl_limit":""},"class_list":["post-38753","page","type-page","status-publish","hentry"],"_links":{"self":[{"href":"https:\/\/guestwisely.dev\/es\/wp-json\/wp\/v2\/pages\/38753","targetHints":{"allow":["GET"]}}],"collection":[{"href":"https:\/\/guestwisely.dev\/es\/wp-json\/wp\/v2\/pages"}],"about":[{"href":"https:\/\/guestwisely.dev\/es\/wp-json\/wp\/v2\/types\/page"}],"author":[{"embeddable":true,"href":"https:\/\/guestwisely.dev\/es\/wp-json\/wp\/v2\/users\/4"}],"replies":[{"embeddable":true,"href":"https:\/\/guestwisely.dev\/es\/wp-json\/wp\/v2\/comments?post=38753"}],"version-history":[{"count":2,"href":"https:\/\/guestwisely.dev\/es\/wp-json\/wp\/v2\/pages\/38753\/revisions"}],"predecessor-version":[{"id":239580,"href":"https:\/\/guestwisely.dev\/es\/wp-json\/wp\/v2\/pages\/38753\/revisions\/239580"}],"up":[{"embeddable":true,"href":"https:\/\/guestwisely.dev\/es\/wp-json\/wp\/v2\/pages\/38710"}],"wp:attachment":[{"href":"https:\/\/guestwisely.dev\/es\/wp-json\/wp\/v2\/media?parent=38753"}],"curies":[{"name":"wp","href":"https:\/\/api.w.org\/{rel}","templated":true}]}}